{"id":1914,"date":"2019-10-31T17:01:00","date_gmt":"2019-10-31T21:01:00","guid":{"rendered":"https:\/\/www.placepourtoi.ca\/?page_id=1914"},"modified":"2025-06-10T10:39:19","modified_gmt":"2025-06-10T14:39:19","slug":"contest","status":"publish","type":"page","link":"https:\/\/www.placepourtoi.ca\/en\/contest\/","title":{"rendered":"Contest"},"content":{"rendered":"\n<style type=\"text\/css\" data-created_by=\"avia_inline_auto\" id=\"style-css-av-js8gmu-703e68e51b17963d2a5d7445bc808e24\">\n.avia-section.av-js8gmu-703e68e51b17963d2a5d7445bc808e24{\nbackground-color:#9417cc;\nbackground-repeat:no-repeat;\nbackground-image:url(https:\/\/www.placepourtoi.ca\/wp-content\/uploads\/2025\/01\/demi-rouge-bottom.png), linear-gradient( to bottom, #9417cc, #002487 );\nbackground-position:50% 100%;\nbackground-attachment:scroll;\nmargin-top:0px;\nmargin-bottom:0px;\n}\n<\/style>\n<div id='av_section_1'  class='avia-section av-js8gmu-703e68e51b17963d2a5d7445bc808e24 main_color avia-section-default avia-no-border-styling  avia-builder-el-0  avia-builder-el-no-sibling  avia-full-contain avia-bg-style-scroll container_wrap fullsize'  data-section-bg-repeat='contain'><div class='container av-section-cont-open' ><main  role=\"main\" itemprop=\"mainContentOfPage\"  class='template-page content  av-content-full alpha units'><div class='post-entry post-entry-type-page post-entry-1914'><div class='entry-content-wrapper clearfix'>\n\n<style type=\"text\/css\" data-created_by=\"avia_inline_auto\" id=\"style-css-av-ammw52-94a499e99196cb02a2fc610d1231c671\">\n#top .hr.hr-invisible.av-ammw52-94a499e99196cb02a2fc610d1231c671{\nheight:75px;\n}\n<\/style>\n<div  class='hr av-ammw52-94a499e99196cb02a2fc610d1231c671 hr-invisible  avia-builder-el-1  el_before_av_one_full  avia-builder-el-first '><span class='hr-inner '><span class=\"hr-inner-style\"><\/span><\/span><\/div>\n\n<style type=\"text\/css\" data-created_by=\"avia_inline_auto\" id=\"style-css-av-xtvo6-d3ef1c2451016ad00fbe233fd9ed3117\">\n.flex_column.av-xtvo6-d3ef1c2451016ad00fbe233fd9ed3117{\nborder-width:12px;\nborder-color:#9417cc;\nborder-style:solid;\npadding:5% 5% 5% 5%;\nbackground-color:#ffffff;\n}\n<\/style>\n<div  class='flex_column av-xtvo6-d3ef1c2451016ad00fbe233fd9ed3117 av_one_full  avia-builder-el-2  el_after_av_hr  avia-builder-el-last  first flex_column_div av-animated-generic bottom-to-top  '     ><p>\n<style type=\"text\/css\" data-created_by=\"avia_inline_auto\" id=\"style-css-av-qxgrq-be72b30ad4016a80d57a32703f15a25d\">\n#top .av-special-heading.av-qxgrq-be72b30ad4016a80d57a32703f15a25d{\npadding-bottom:10px;\ncolor:#002487;\n}\nbody .av-special-heading.av-qxgrq-be72b30ad4016a80d57a32703f15a25d .av-special-heading-tag .heading-char{\nfont-size:25px;\n}\n.av-special-heading.av-qxgrq-be72b30ad4016a80d57a32703f15a25d .special-heading-inner-border{\nborder-color:#002487;\n}\n.av-special-heading.av-qxgrq-be72b30ad4016a80d57a32703f15a25d .av-subheading{\nfont-size:15px;\n}\n<\/style>\n<div  class='av-special-heading av-qxgrq-be72b30ad4016a80d57a32703f15a25d av-special-heading-h5 custom-color-heading blockquote modern-quote modern-centered  avia-builder-el-3  el_before_av_hr  avia-builder-el-first '><h5 class='av-special-heading-tag '  itemprop=\"headline\"  >There are no contest at the moment. <\/h5><div class=\"special-heading-border\"><div class=\"special-heading-inner-border\"><\/div><\/div><\/div><br \/>\n\n<style type=\"text\/css\" data-created_by=\"avia_inline_auto\" id=\"style-css-av-4oe9ti-a04f6393a1e44be0339306efd7c57170\">\n#top .hr.hr-invisible.av-4oe9ti-a04f6393a1e44be0339306efd7c57170{\nheight:35px;\n}\n<\/style>\n<div  class='hr av-4oe9ti-a04f6393a1e44be0339306efd7c57170 hr-invisible  avia-builder-el-4  el_after_av_heading  avia-builder-el-last '><span class='hr-inner '><span class=\"hr-inner-style\"><\/span><\/span><\/div><\/p><\/div>\n","protected":false},"excerpt":{"rendered":"","protected":false},"author":1,"featured_media":0,"parent":0,"menu_order":0,"comment_status":"closed","ping_status":"closed","template":"","meta":{"footnotes":""},"class_list":["post-1914","page","type-page","status-publish","hentry"],"yoast_head":"<!-- This site is optimized with the Yoast SEO plugin v27.5 - https:\/\/yoast.com\/product\/yoast-seo-wordpress\/ -->\n<title>Contest - Il y a une place pour toi... en ing\u00e9nierie!<\/title>\n<meta name=\"description\" content=\"Fille ou gar\u00e7on, le g\u00e9nie est un domaine excitant qui t\u2019offre des possibilit\u00e9s d\u2019avenir infinies, visite ce site pour en savoir plus.\" \/>\n<meta name=\"robots\" content=\"index, follow, max-snippet:-1, max-image-preview:large, max-video-preview:-1\" \/>\n<link rel=\"canonical\" href=\"https:\/\/www.placepourtoi.ca\/en\/contest\/\" \/>\n<meta property=\"og:locale\" content=\"en_US\" \/>\n<meta property=\"og:type\" content=\"article\" \/>\n<meta property=\"og:title\" content=\"Contest - Il y a une place pour toi... en ing\u00e9nierie!\" \/>\n<meta property=\"og:description\" content=\"Fille ou gar\u00e7on, le g\u00e9nie est un domaine excitant qui t\u2019offre des possibilit\u00e9s d\u2019avenir infinies, visite ce site pour en savoir plus.\" \/>\n<meta property=\"og:url\" content=\"https:\/\/www.placepourtoi.ca\/en\/contest\/\" \/>\n<meta property=\"og:site_name\" content=\"Il y a une place pour toi... en ing\u00e9nierie!\" \/>\n<meta property=\"article:publisher\" content=\"https:\/\/www.facebook.com\/placepourtoi\/\" \/>\n<meta property=\"article:modified_time\" content=\"2025-06-10T14:39:19+00:00\" \/>\n<meta property=\"og:image\" content=\"https:\/\/www.placepourtoi.ca\/wp-content\/uploads\/2021\/08\/Visuel_PlacePourToi_Sharing.jpg\" \/>\n\t<meta property=\"og:image:width\" content=\"1200\" \/>\n\t<meta property=\"og:image:height\" content=\"630\" \/>\n\t<meta property=\"og:image:type\" content=\"image\/jpeg\" \/>\n<meta name=\"twitter:card\" content=\"summary_large_image\" \/>\n<meta name=\"twitter:label1\" content=\"Est. reading time\" \/>\n\t<meta name=\"twitter:data1\" content=\"1 minute\" \/>\n<script type=\"application\/ld+json\" class=\"yoast-schema-graph\">{\"@context\":\"https:\\\/\\\/schema.org\",\"@graph\":[{\"@type\":\"WebPage\",\"@id\":\"https:\\\/\\\/www.placepourtoi.ca\\\/en\\\/contest\\\/\",\"url\":\"https:\\\/\\\/www.placepourtoi.ca\\\/en\\\/contest\\\/\",\"name\":\"Contest - Il y a une place pour toi... en ing\u00e9nierie!\",\"isPartOf\":{\"@id\":\"https:\\\/\\\/www.placepourtoi.ca\\\/en\\\/#website\"},\"datePublished\":\"2019-10-31T21:01:00+00:00\",\"dateModified\":\"2025-06-10T14:39:19+00:00\",\"description\":\"Fille ou gar\u00e7on, le g\u00e9nie est un domaine excitant qui t\u2019offre des possibilit\u00e9s d\u2019avenir infinies, visite ce site pour en savoir plus.\",\"breadcrumb\":{\"@id\":\"https:\\\/\\\/www.placepourtoi.ca\\\/en\\\/contest\\\/#breadcrumb\"},\"inLanguage\":\"en-US\",\"potentialAction\":[{\"@type\":\"ReadAction\",\"target\":[\"https:\\\/\\\/www.placepourtoi.ca\\\/en\\\/contest\\\/\"]}]},{\"@type\":\"BreadcrumbList\",\"@id\":\"https:\\\/\\\/www.placepourtoi.ca\\\/en\\\/contest\\\/#breadcrumb\",\"itemListElement\":[{\"@type\":\"ListItem\",\"position\":1,\"name\":\"Home\",\"item\":\"https:\\\/\\\/www.placepourtoi.ca\\\/en\\\/\"},{\"@type\":\"ListItem\",\"position\":2,\"name\":\"Contest\"}]},{\"@type\":\"WebSite\",\"@id\":\"https:\\\/\\\/www.placepourtoi.ca\\\/en\\\/#website\",\"url\":\"https:\\\/\\\/www.placepourtoi.ca\\\/en\\\/\",\"name\":\"Il y a une place pour toi... en ing\u00e9nierie!\",\"description\":\"Ose, t&#039;as du g\u00e9nie\",\"publisher\":{\"@id\":\"https:\\\/\\\/www.placepourtoi.ca\\\/en\\\/#organization\"},\"potentialAction\":[{\"@type\":\"SearchAction\",\"target\":{\"@type\":\"EntryPoint\",\"urlTemplate\":\"https:\\\/\\\/www.placepourtoi.ca\\\/en\\\/?s={search_term_string}\"},\"query-input\":{\"@type\":\"PropertyValueSpecification\",\"valueRequired\":true,\"valueName\":\"search_term_string\"}}],\"inLanguage\":\"en-US\"},{\"@type\":\"Organization\",\"@id\":\"https:\\\/\\\/www.placepourtoi.ca\\\/en\\\/#organization\",\"name\":\"Ordre des ing\u00e9nieurs du Qu\u00e9bec\",\"url\":\"https:\\\/\\\/www.placepourtoi.ca\\\/en\\\/\",\"logo\":{\"@type\":\"ImageObject\",\"inLanguage\":\"en-US\",\"@id\":\"https:\\\/\\\/www.placepourtoi.ca\\\/en\\\/#\\\/schema\\\/logo\\\/image\\\/\",\"url\":\"https:\\\/\\\/www.placepourtoi.ca\\\/wp-content\\\/uploads\\\/2020\\\/11\\\/logo-ing-bleu.png\",\"contentUrl\":\"https:\\\/\\\/www.placepourtoi.ca\\\/wp-content\\\/uploads\\\/2020\\\/11\\\/logo-ing-bleu.png\",\"width\":492,\"height\":164,\"caption\":\"Ordre des ing\u00e9nieurs du Qu\u00e9bec\"},\"image\":{\"@id\":\"https:\\\/\\\/www.placepourtoi.ca\\\/en\\\/#\\\/schema\\\/logo\\\/image\\\/\"},\"sameAs\":[\"https:\\\/\\\/www.facebook.com\\\/placepourtoi\\\/\",\"https:\\\/\\\/www.instagram.com\\\/placepourtoi\\\/\",\"https:\\\/\\\/www.youtube.com\\\/channel\\\/UCeKEMeJSn6yu5VhswfNTUcw\"]}]}<\/script>\n<!-- \/ Yoast SEO plugin. -->","yoast_head_json":{"title":"Contest - Il y a une place pour toi... en ing\u00e9nierie!","description":"Fille ou gar\u00e7on, le g\u00e9nie est un domaine excitant qui t\u2019offre des possibilit\u00e9s d\u2019avenir infinies, visite ce site pour en savoir plus.","robots":{"index":"index","follow":"follow","max-snippet":"max-snippet:-1","max-image-preview":"max-image-preview:large","max-video-preview":"max-video-preview:-1"},"canonical":"https:\/\/www.placepourtoi.ca\/en\/contest\/","og_locale":"en_US","og_type":"article","og_title":"Contest - Il y a une place pour toi... en ing\u00e9nierie!","og_description":"Fille ou gar\u00e7on, le g\u00e9nie est un domaine excitant qui t\u2019offre des possibilit\u00e9s d\u2019avenir infinies, visite ce site pour en savoir plus.","og_url":"https:\/\/www.placepourtoi.ca\/en\/contest\/","og_site_name":"Il y a une place pour toi... en ing\u00e9nierie!","article_publisher":"https:\/\/www.facebook.com\/placepourtoi\/","article_modified_time":"2025-06-10T14:39:19+00:00","og_image":[{"width":1200,"height":630,"url":"https:\/\/www.placepourtoi.ca\/wp-content\/uploads\/2021\/08\/Visuel_PlacePourToi_Sharing.jpg","type":"image\/jpeg"}],"twitter_card":"summary_large_image","twitter_misc":{"Est. reading time":"1 minute"},"schema":{"@context":"https:\/\/schema.org","@graph":[{"@type":"WebPage","@id":"https:\/\/www.placepourtoi.ca\/en\/contest\/","url":"https:\/\/www.placepourtoi.ca\/en\/contest\/","name":"Contest - Il y a une place pour toi... en ing\u00e9nierie!","isPartOf":{"@id":"https:\/\/www.placepourtoi.ca\/en\/#website"},"datePublished":"2019-10-31T21:01:00+00:00","dateModified":"2025-06-10T14:39:19+00:00","description":"Fille ou gar\u00e7on, le g\u00e9nie est un domaine excitant qui t\u2019offre des possibilit\u00e9s d\u2019avenir infinies, visite ce site pour en savoir plus.","breadcrumb":{"@id":"https:\/\/www.placepourtoi.ca\/en\/contest\/#breadcrumb"},"inLanguage":"en-US","potentialAction":[{"@type":"ReadAction","target":["https:\/\/www.placepourtoi.ca\/en\/contest\/"]}]},{"@type":"BreadcrumbList","@id":"https:\/\/www.placepourtoi.ca\/en\/contest\/#breadcrumb","itemListElement":[{"@type":"ListItem","position":1,"name":"Home","item":"https:\/\/www.placepourtoi.ca\/en\/"},{"@type":"ListItem","position":2,"name":"Contest"}]},{"@type":"WebSite","@id":"https:\/\/www.placepourtoi.ca\/en\/#website","url":"https:\/\/www.placepourtoi.ca\/en\/","name":"Il y a une place pour toi... en ing\u00e9nierie!","description":"Ose, t&#039;as du g\u00e9nie","publisher":{"@id":"https:\/\/www.placepourtoi.ca\/en\/#organization"},"potentialAction":[{"@type":"SearchAction","target":{"@type":"EntryPoint","urlTemplate":"https:\/\/www.placepourtoi.ca\/en\/?s={search_term_string}"},"query-input":{"@type":"PropertyValueSpecification","valueRequired":true,"valueName":"search_term_string"}}],"inLanguage":"en-US"},{"@type":"Organization","@id":"https:\/\/www.placepourtoi.ca\/en\/#organization","name":"Ordre des ing\u00e9nieurs du Qu\u00e9bec","url":"https:\/\/www.placepourtoi.ca\/en\/","logo":{"@type":"ImageObject","inLanguage":"en-US","@id":"https:\/\/www.placepourtoi.ca\/en\/#\/schema\/logo\/image\/","url":"https:\/\/www.placepourtoi.ca\/wp-content\/uploads\/2020\/11\/logo-ing-bleu.png","contentUrl":"https:\/\/www.placepourtoi.ca\/wp-content\/uploads\/2020\/11\/logo-ing-bleu.png","width":492,"height":164,"caption":"Ordre des ing\u00e9nieurs du Qu\u00e9bec"},"image":{"@id":"https:\/\/www.placepourtoi.ca\/en\/#\/schema\/logo\/image\/"},"sameAs":["https:\/\/www.facebook.com\/placepourtoi\/","https:\/\/www.instagram.com\/placepourtoi\/","https:\/\/www.youtube.com\/channel\/UCeKEMeJSn6yu5VhswfNTUcw"]}]}},"_links":{"self":[{"href":"https:\/\/www.placepourtoi.ca\/en\/wp-json\/wp\/v2\/pages\/1914","targetHints":{"allow":["GET"]}}],"collection":[{"href":"https:\/\/www.placepourtoi.ca\/en\/wp-json\/wp\/v2\/pages"}],"about":[{"href":"https:\/\/www.placepourtoi.ca\/en\/wp-json\/wp\/v2\/types\/page"}],"author":[{"embeddable":true,"href":"https:\/\/www.placepourtoi.ca\/en\/wp-json\/wp\/v2\/users\/1"}],"replies":[{"embeddable":true,"href":"https:\/\/www.placepourtoi.ca\/en\/wp-json\/wp\/v2\/comments?post=1914"}],"version-history":[{"count":0,"href":"https:\/\/www.placepourtoi.ca\/en\/wp-json\/wp\/v2\/pages\/1914\/revisions"}],"wp:attachment":[{"href":"https:\/\/www.placepourtoi.ca\/en\/wp-json\/wp\/v2\/media?parent=1914"}],"curies":[{"name":"wp","href":"https:\/\/api.w.org\/{rel}","templated":true}]}}