{"id":3032,"date":"2020-12-15T10:48:16","date_gmt":"2020-12-15T15:48:16","guid":{"rendered":"https:\/\/www.placepourtoi.ca\/class-visits-without-a-science-activity\/"},"modified":"2025-08-26T13:31:45","modified_gmt":"2025-08-26T17:31:45","slug":"reserve-class-visits-without-a-science-activity","status":"publish","type":"page","link":"https:\/\/www.placepourtoi.ca\/en\/educators\/reserve-class-visits-without-a-science-activity\/","title":{"rendered":"Reserve class visits without a science activity"},"content":{"rendered":"\n<style type=\"text\/css\" data-created_by=\"avia_inline_auto\" id=\"style-css-av-khb0w2fn-3d0f125505f607d42f2054950e16da80\">\n.avia-section.av-khb0w2fn-3d0f125505f607d42f2054950e16da80{\nbackground-color:#ffffff;\nbackground-image:unset;\n}\n<\/style>\n<div id='av_section_1'  class='avia-section av-khb0w2fn-3d0f125505f607d42f2054950e16da80 alternate_color avia-section-default avia-no-border-styling  avia-builder-el-0  avia-builder-el-no-sibling  avia-bg-style-scroll container_wrap fullsize'  ><div class='container av-section-cont-open' ><main  role=\"main\" itemprop=\"mainContentOfPage\"  class='template-page content  av-content-full alpha units'><div class='post-entry post-entry-type-page post-entry-3032'><div class='entry-content-wrapper clearfix'>\n\n<style type=\"text\/css\" data-created_by=\"avia_inline_auto\" id=\"style-css-av-av_one_full-79ff81c021393065cee878051452f6a6\">\n.flex_column.av-av_one_full-79ff81c021393065cee878051452f6a6{\nborder-radius:0px 0px 0px 0px;\npadding:0px 0px 0px 0px;\n}\n<\/style>\n<div  class='flex_column av-av_one_full-79ff81c021393065cee878051452f6a6 av_one_full  avia-builder-el-1  el_before_av_one_fourth  avia-builder-el-first  first flex_column_div av-zero-column-padding  '     ><style type=\"text\/css\" data-created_by=\"avia_inline_auto\" id=\"style-css-av-ktosjqaw-f6c5c474b5be508b8f2de54294c5a2d7\">\n#top .av-special-heading.av-ktosjqaw-f6c5c474b5be508b8f2de54294c5a2d7{\npadding-bottom:10px;\n}\nbody .av-special-heading.av-ktosjqaw-f6c5c474b5be508b8f2de54294c5a2d7 .av-special-heading-tag .heading-char{\nfont-size:25px;\n}\n.av-special-heading.av-ktosjqaw-f6c5c474b5be508b8f2de54294c5a2d7 .av-subheading{\nfont-size:15px;\n}\n<\/style>\n<div  class='av-special-heading av-ktosjqaw-f6c5c474b5be508b8f2de54294c5a2d7 av-special-heading-h5 blockquote modern-quote  avia-builder-el-2  avia-builder-el-no-sibling  av-linked-heading'><h5 class='av-special-heading-tag '  itemprop=\"headline\"  ><a class=\"av-heading-link\" href=\"https:\/\/www.placepourtoi.ca\/en\/educators\/\" >Return to the list of activities<\/a><\/h5><div class=\"special-heading-border\"><div class=\"special-heading-inner-border\"><\/div><\/div><\/div><\/div><div class='flex_column_table av-4olkuc-7d8413c476260adbc336a65c0922583c sc-av_one_fourth av-break-at-tablet-flextable av-equal-height-column-flextable'>\n<style type=\"text\/css\" data-created_by=\"avia_inline_auto\" id=\"style-css-av-4olkuc-7d8413c476260adbc336a65c0922583c\">\n.flex_column.av-4olkuc-7d8413c476260adbc336a65c0922583c{\nborder-radius:0px 0px 0px 0px;\npadding:0px 0px 0px 0px;\n}\n<\/style>\n<div  class='flex_column av-4olkuc-7d8413c476260adbc336a65c0922583c av_one_fourth  avia-builder-el-3  el_after_av_one_full  el_before_av_three_fourth  first av-break-at-tablet flex_column_table_cell av-equal-height-column av-align-top av-zero-column-padding  column-top-margin'     ><style type=\"text\/css\" data-created_by=\"avia_inline_auto\" id=\"style-css-av-khb0ygxj-df2baca5d73701ee0b7a21d8c2bfb82b\">\n.avia-image-container.av-khb0ygxj-df2baca5d73701ee0b7a21d8c2bfb82b img.avia_image{\nbox-shadow:none;\n}\n.avia-image-container.av-khb0ygxj-df2baca5d73701ee0b7a21d8c2bfb82b .av-image-caption-overlay-center{\ncolor:#ffffff;\n}\n<\/style>\n<div  class='avia-image-container av-khb0ygxj-df2baca5d73701ee0b7a21d8c2bfb82b av-styling- avia_animated_image av-animated-when-visible-95 bottom-to-top avia-align-center  avia-builder-el-4  avia-builder-el-no-sibling '   itemprop=\"image\" itemscope=\"itemscope\" itemtype=\"https:\/\/schema.org\/ImageObject\" ><div class=\"avia-image-container-inner\"><div class=\"avia-image-overlay-wrap\"><img decoding=\"async\" fetchpriority=\"high\" class='wp-image-2229 avia-img-lazy-loading-not-2229 avia_image ' src=\"https:\/\/www.placepourtoi.ca\/wp-content\/uploads\/2020\/11\/icon_sans-activite.png\" alt='' title='icon_sans activit\u00e9'  height=\"273\" width=\"273\"  itemprop=\"thumbnailUrl\" srcset=\"https:\/\/www.placepourtoi.ca\/wp-content\/uploads\/2020\/11\/icon_sans-activite.png 273w, https:\/\/www.placepourtoi.ca\/wp-content\/uploads\/2020\/11\/icon_sans-activite-80x80.png 80w, https:\/\/www.placepourtoi.ca\/wp-content\/uploads\/2020\/11\/icon_sans-activite-36x36.png 36w, https:\/\/www.placepourtoi.ca\/wp-content\/uploads\/2020\/11\/icon_sans-activite-180x180.png 180w\" sizes=\"(max-width: 273px) 100vw, 273px\" \/><\/div><\/div><\/div><\/div><div class='av-flex-placeholder'><\/div>\n<style type=\"text\/css\" data-created_by=\"avia_inline_auto\" id=\"style-css-av-5iuedg-cf719e5ee6c886b3a551a95f9409e00b\">\n.flex_column.av-5iuedg-cf719e5ee6c886b3a551a95f9409e00b{\nborder-radius:0px 0px 0px 0px;\npadding:0px 0px 0px 0px;\n}\n<\/style>\n<div  class='flex_column av-5iuedg-cf719e5ee6c886b3a551a95f9409e00b av_three_fourth  avia-builder-el-5  el_after_av_one_fourth  el_before_av_one_full  av-break-at-tablet flex_column_table_cell av-equal-height-column av-align-top av-zero-column-padding  column-top-margin'     ><p>\n<style type=\"text\/css\" data-created_by=\"avia_inline_auto\" id=\"style-css-av-kwfgzlqj-20237a9cbf7c7fe1442ad29053c0c509\">\n#top .av-special-heading.av-kwfgzlqj-20237a9cbf7c7fe1442ad29053c0c509{\npadding-bottom:10px;\ncolor:#8e8e8e;\n}\nbody .av-special-heading.av-kwfgzlqj-20237a9cbf7c7fe1442ad29053c0c509 .av-special-heading-tag .heading-char{\nfont-size:25px;\n}\n.av-special-heading.av-kwfgzlqj-20237a9cbf7c7fe1442ad29053c0c509 .special-heading-inner-border{\nborder-color:#8e8e8e;\n}\n.av-special-heading.av-kwfgzlqj-20237a9cbf7c7fe1442ad29053c0c509 .av-subheading{\nfont-size:15px;\n}\n<\/style>\n<div  class='av-special-heading av-kwfgzlqj-20237a9cbf7c7fe1442ad29053c0c509 av-special-heading-h4 custom-color-heading blockquote modern-quote  avia-builder-el-6  el_before_av_hr  avia-builder-el-first '><h4 class='av-special-heading-tag '  itemprop=\"headline\"  >IN-PERSON ACTIVITY<\/h4><div class=\"special-heading-border\"><div class=\"special-heading-inner-border\"><\/div><\/div><\/div><br \/>\n\n<style type=\"text\/css\" data-created_by=\"avia_inline_auto\" id=\"style-css-av-kwfgyxnn-4abbd672803da7e563dfb1fc2df22a01\">\n#top .hr.hr-invisible.av-kwfgyxnn-4abbd672803da7e563dfb1fc2df22a01{\nmargin-top:-50px;\nheight:1px;\n}\n<\/style>\n<div  class='hr av-kwfgyxnn-4abbd672803da7e563dfb1fc2df22a01 hr-invisible  avia-builder-el-7  el_after_av_heading  el_before_av_heading '><span class='hr-inner '><span class=\"hr-inner-style\"><\/span><\/span><\/div><br \/>\n\n<style type=\"text\/css\" data-created_by=\"avia_inline_auto\" id=\"style-css-av-av_heading-04916c72d819bfb2ece3ba9610387989\">\n#top .av-special-heading.av-av_heading-04916c72d819bfb2ece3ba9610387989{\npadding-bottom:10px;\ncolor:#09198e;\n}\nbody .av-special-heading.av-av_heading-04916c72d819bfb2ece3ba9610387989 .av-special-heading-tag .heading-char{\nfont-size:25px;\n}\n.av-special-heading.av-av_heading-04916c72d819bfb2ece3ba9610387989 .special-heading-inner-border{\nborder-color:#09198e;\n}\n.av-special-heading.av-av_heading-04916c72d819bfb2ece3ba9610387989 .av-subheading{\nfont-size:15px;\n}\n<\/style>\n<div  class='av-special-heading av-av_heading-04916c72d819bfb2ece3ba9610387989 av-special-heading-h2 custom-color-heading blockquote modern-quote  avia-builder-el-8  el_after_av_hr  el_before_av_hr '><h2 class='av-special-heading-tag '  itemprop=\"headline\"  >An hour of engineering<\/h2><div class=\"special-heading-border\"><div class=\"special-heading-inner-border\"><\/div><\/div><\/div><br \/>\n\n<style type=\"text\/css\" data-created_by=\"avia_inline_auto\" id=\"style-css-av-av_hr-65f103d8bfd2c283ffa873f2f33fae83\">\n#top .hr.hr-invisible.av-av_hr-65f103d8bfd2c283ffa873f2f33fae83{\nmargin-top:-50px;\nheight:1px;\n}\n<\/style>\n<div  class='hr av-av_hr-65f103d8bfd2c283ffa873f2f33fae83 hr-invisible  avia-builder-el-9  el_after_av_heading  el_before_av_heading '><span class='hr-inner '><span class=\"hr-inner-style\"><\/span><\/span><\/div><br \/>\n\n<style type=\"text\/css\" data-created_by=\"avia_inline_auto\" id=\"style-css-av-kwfh0b7g-96351115689b9619ccad32c749d1af9a\">\n#top .av-special-heading.av-kwfh0b7g-96351115689b9619ccad32c749d1af9a{\npadding-bottom:10px;\ncolor:#09198e;\n}\nbody .av-special-heading.av-kwfh0b7g-96351115689b9619ccad32c749d1af9a .av-special-heading-tag .heading-char{\nfont-size:25px;\n}\n.av-special-heading.av-kwfh0b7g-96351115689b9619ccad32c749d1af9a .special-heading-inner-border{\nborder-color:#09198e;\n}\n.av-special-heading.av-kwfh0b7g-96351115689b9619ccad32c749d1af9a .av-subheading{\nfont-size:15px;\n}\n<\/style>\n<div  class='av-special-heading av-kwfh0b7g-96351115689b9619ccad32c749d1af9a av-special-heading-h4 custom-color-heading blockquote modern-quote  avia-builder-el-10  el_after_av_hr  el_before_av_hr '><h4 class='av-special-heading-tag '  itemprop=\"headline\"  >Activity for SECONDARY SCHOOL STUDENTS<\/h4><div class=\"special-heading-border\"><div class=\"special-heading-inner-border\"><\/div><\/div><\/div><br \/>\n\n<style type=\"text\/css\" data-created_by=\"avia_inline_auto\" id=\"style-css-av-kwfh0idu-708da0749e6f24a3cd50c3b97032971a\">\n#top .hr.hr-invisible.av-kwfh0idu-708da0749e6f24a3cd50c3b97032971a{\nheight:30px;\n}\n<\/style>\n<div  class='hr av-kwfh0idu-708da0749e6f24a3cd50c3b97032971a hr-invisible  avia-builder-el-11  el_after_av_heading  el_before_av_textblock '><span class='hr-inner '><span class=\"hr-inner-style\"><\/span><\/span><\/div><br \/>\n<section  class='av_textblock_section av-khv0ecpq-8904948bf2df69380d20f12996c68e05 '   itemscope=\"itemscope\" itemtype=\"https:\/\/schema.org\/CreativeWork\" ><div class='avia_textblock'  itemprop=\"text\" ><p>An hour of conversation about a fascinating profession like engineering goes by quickly. Still, it is enough time to pique the curiosity of your students and get them interested.<\/p>\n<p>Our volunteer engineers are proud ambassadors of their profession and visit secondary schools across Quebec to introduce their exciting profession to students.<\/p>\n<p>They come to your school to talk about the profession from every angle:<\/p>\n<ul>\n<li>the different fields of engineering practice:<br \/>\nmechanical, biomedical, civil, electrical, computer, agri-environmental, aerospace, chemical engineering\u2026 to name just a few.<\/li>\n<li>the academic path toward the profession<\/li>\n<li>the daily work of an engineer<\/li>\n<li>its impacts on the world and technological advances: Artificial intelligence, robotics and transportation electrification are just a few examples of how engineers contribute their expertise to our modern world.<\/li>\n<\/ul>\n<p>These activities also include: videos, personal anecdotes and stimulating conversations with students that will make the experience more exciting and enriching.<\/p>\n<\/div><\/section><\/p><\/div><\/div><!--close column table wrapper. Autoclose: 1 -->\n<style type=\"text\/css\" data-created_by=\"avia_inline_auto\" id=\"style-css-av-2y5ums-bea85c334a3819c573159706acffb7a3\">\n.flex_column.av-2y5ums-bea85c334a3819c573159706acffb7a3{\nborder-width:2px;\nborder-color:#3ccbbb;\nborder-style:solid;\nborder-radius:0px 0px 0px 0px;\npadding:5% 5% 5% 5%;\n}\n<\/style>\n<div  class='flex_column av-2y5ums-bea85c334a3819c573159706acffb7a3 av_one_full  avia-builder-el-13  el_after_av_three_fourth  el_before_av_hr  first flex_column_div  column-top-margin'     ><p>\n<style type=\"text\/css\" data-created_by=\"avia_inline_auto\" id=\"style-css-av-khc5k53o-d7dd59c075cac3113e8c0463cfbde286\">\n#top .hr.hr-invisible.av-khc5k53o-d7dd59c075cac3113e8c0463cfbde286{\nmargin-top:-50px;\nheight:1px;\n}\n<\/style>\n<div  class='hr av-khc5k53o-d7dd59c075cac3113e8c0463cfbde286 hr-invisible  avia-builder-el-14  el_before_av_heading  avia-builder-el-first '><span class='hr-inner '><span class=\"hr-inner-style\"><\/span><\/span><\/div><br \/>\n\n<style type=\"text\/css\" data-created_by=\"avia_inline_auto\" id=\"style-css-av-av_heading-78cb743bf80b35e9ff4a9ced7ba7df42\">\n#top .av-special-heading.av-av_heading-78cb743bf80b35e9ff4a9ced7ba7df42{\npadding-bottom:10px;\ncolor:#3ccbbb;\n}\nbody .av-special-heading.av-av_heading-78cb743bf80b35e9ff4a9ced7ba7df42 .av-special-heading-tag .heading-char{\nfont-size:25px;\n}\n.av-special-heading.av-av_heading-78cb743bf80b35e9ff4a9ced7ba7df42 .special-heading-inner-border{\nborder-color:#3ccbbb;\n}\n.av-special-heading.av-av_heading-78cb743bf80b35e9ff4a9ced7ba7df42 .av-subheading{\nfont-size:15px;\n}\n<\/style>\n<div  class='av-special-heading av-av_heading-78cb743bf80b35e9ff4a9ced7ba7df42 av-special-heading-h3 custom-color-heading  avia-builder-el-15  el_after_av_hr  el_before_av_textblock '><h3 class='av-special-heading-tag '  itemprop=\"headline\"  >I WANT TO BOOK THIS ACTIVITY<\/h3><div class=\"special-heading-border\"><div class=\"special-heading-inner-border\"><\/div><\/div><\/div><br \/>\n<section  class='av_textblock_section av-lqcpdtr8-065739b2bc1c210f4658971dc256107f '   itemscope=\"itemscope\" itemtype=\"https:\/\/schema.org\/CreativeWork\" ><div class='avia_textblock'  itemprop=\"text\" ><p>Les renseignements personnels fournis seront utilis\u00e9s par l\u2019Ordre des ing\u00e9nieurs du Qu\u00e9bec (employ\u00e9.e.s et b\u00e9n\u00e9voles) pour traiter votre demande d\u2019activit\u00e9s en classe.<br \/>\nPour obtenir plus d\u2019information sur la fa\u00e7on dont l\u2019Ordre encadre vos renseignements personnels et sur vos droits d\u2019acc\u00e8s et de rectification, consulter la <span style=\"color: #0000ff;\"><a style=\"color: #0000ff;\" href=\"https:\/\/www.oiq.qc.ca\/lordre\/politiques-lois-et-reglements\/politique-confidentialite-renseignements-personnels\/\" target=\"_blank\" rel=\"noopener\">Politique sur la confidentialit\u00e9 des renseignements personnels<\/a><\/span>.<\/p>\n<\/div><\/section><br \/>\n\n<style type=\"text\/css\" data-created_by=\"avia_inline_auto\" id=\"style-css-av-khc5k53o-e2cfd4ef14fd819d89d7fedfb6822bc0\">\n#top .hr.hr-invisible.av-khc5k53o-e2cfd4ef14fd819d89d7fedfb6822bc0{\nheight:25px;\n}\n<\/style>\n<div  class='hr av-khc5k53o-e2cfd4ef14fd819d89d7fedfb6822bc0 hr-invisible  avia-builder-el-17  el_after_av_textblock  el_before_av_codeblock '><span class='hr-inner '><span class=\"hr-inner-style\"><\/span><\/span><\/div><br \/>\n<\/p><\/div>\n<style type=\"text\/css\" data-created_by=\"avia_inline_auto\" id=\"style-css-av-khc5k53o-e2cfd4ef14fd819d89d7fedfb6822bc0\">\n#top .hr.hr-invisible.av-khc5k53o-e2cfd4ef14fd819d89d7fedfb6822bc0{\nheight:25px;\n}\n<\/style>\n<div  class='hr av-khc5k53o-e2cfd4ef14fd819d89d7fedfb6822bc0 hr-invisible  avia-builder-el-19  el_after_av_one_full  el_before_av_button '><span class='hr-inner '><span class=\"hr-inner-style\"><\/span><\/span><\/div>\n<div  class='avia-button-wrap av-khc7n70a-1cbf65bb4411363a8cf517b2786c5840-wrap avia-button-center  avia-builder-el-20  el_after_av_hr  avia-builder-el-last  dark-blue-btn'><a href='https:\/\/www.placepourtoi.ca\/accueil\/'  class='avia-button av-khc7n70a-1cbf65bb4411363a8cf517b2786c5840 av-link-btn avia-icon_select-no avia-size-large avia-position-center avia-color-theme-color'   aria-label=\"Return to educator activities\"><span class='avia_iconbox_title' >Return to educator activities<\/span><\/a><\/div>\n\n","protected":false},"excerpt":{"rendered":"","protected":false},"author":1,"featured_media":0,"parent":3073,"menu_order":0,"comment_status":"closed","ping_status":"closed","template":"","meta":{"footnotes":""},"class_list":["post-3032","page","type-page","status-publish","hentry"],"yoast_head":"<!-- This site is optimized with the Yoast SEO plugin v27.5 - https:\/\/yoast.com\/product\/yoast-seo-wordpress\/ -->\n<title>Reserve class visits without a science activity - Il y a une place pour toi... en ing\u00e9nierie!<\/title>\n<meta name=\"description\" content=\"Fille ou gar\u00e7on, le g\u00e9nie est un domaine excitant qui t\u2019offre des possibilit\u00e9s d\u2019avenir infinies, visite ce site pour en savoir plus.\" \/>\n<meta name=\"robots\" content=\"index, follow, max-snippet:-1, max-image-preview:large, max-video-preview:-1\" \/>\n<link rel=\"canonical\" href=\"https:\/\/www.placepourtoi.ca\/en\/educators\/reserve-class-visits-without-a-science-activity\/\" \/>\n<meta property=\"og:locale\" content=\"en_US\" \/>\n<meta property=\"og:type\" content=\"article\" \/>\n<meta property=\"og:title\" content=\"Reserve class visits without a science activity - Il y a une place pour toi... en ing\u00e9nierie!\" \/>\n<meta property=\"og:description\" content=\"Fille ou gar\u00e7on, le g\u00e9nie est un domaine excitant qui t\u2019offre des possibilit\u00e9s d\u2019avenir infinies, visite ce site pour en savoir plus.\" \/>\n<meta property=\"og:url\" content=\"https:\/\/www.placepourtoi.ca\/en\/educators\/reserve-class-visits-without-a-science-activity\/\" \/>\n<meta property=\"og:site_name\" content=\"Il y a une place pour toi... en ing\u00e9nierie!\" \/>\n<meta property=\"article:publisher\" content=\"https:\/\/www.facebook.com\/placepourtoi\/\" \/>\n<meta property=\"article:modified_time\" content=\"2025-08-26T17:31:45+00:00\" \/>\n<meta property=\"og:image\" content=\"https:\/\/www.placepourtoi.ca\/wp-content\/uploads\/2021\/08\/Visuel_PlacePourToi_Sharing.jpg\" \/>\n\t<meta property=\"og:image:width\" content=\"1200\" \/>\n\t<meta property=\"og:image:height\" content=\"630\" \/>\n\t<meta property=\"og:image:type\" content=\"image\/jpeg\" \/>\n<meta name=\"twitter:card\" content=\"summary_large_image\" \/>\n<meta name=\"twitter:label1\" content=\"Est. reading time\" \/>\n\t<meta name=\"twitter:data1\" content=\"2 minutes\" \/>\n<script type=\"application\/ld+json\" class=\"yoast-schema-graph\">{\"@context\":\"https:\\\/\\\/schema.org\",\"@graph\":[{\"@type\":\"WebPage\",\"@id\":\"https:\\\/\\\/www.placepourtoi.ca\\\/en\\\/educators\\\/reserve-class-visits-without-a-science-activity\\\/\",\"url\":\"https:\\\/\\\/www.placepourtoi.ca\\\/en\\\/educators\\\/reserve-class-visits-without-a-science-activity\\\/\",\"name\":\"Reserve class visits without a science activity - Il y a une place pour toi... en ing\u00e9nierie!\",\"isPartOf\":{\"@id\":\"https:\\\/\\\/www.placepourtoi.ca\\\/en\\\/#website\"},\"datePublished\":\"2020-12-15T15:48:16+00:00\",\"dateModified\":\"2025-08-26T17:31:45+00:00\",\"description\":\"Fille ou gar\u00e7on, le g\u00e9nie est un domaine excitant qui t\u2019offre des possibilit\u00e9s d\u2019avenir infinies, visite ce site pour en savoir plus.\",\"breadcrumb\":{\"@id\":\"https:\\\/\\\/www.placepourtoi.ca\\\/en\\\/educators\\\/reserve-class-visits-without-a-science-activity\\\/#breadcrumb\"},\"inLanguage\":\"en-US\",\"potentialAction\":[{\"@type\":\"ReadAction\",\"target\":[\"https:\\\/\\\/www.placepourtoi.ca\\\/en\\\/educators\\\/reserve-class-visits-without-a-science-activity\\\/\"]}]},{\"@type\":\"BreadcrumbList\",\"@id\":\"https:\\\/\\\/www.placepourtoi.ca\\\/en\\\/educators\\\/reserve-class-visits-without-a-science-activity\\\/#breadcrumb\",\"itemListElement\":[{\"@type\":\"ListItem\",\"position\":1,\"name\":\"Home\",\"item\":\"https:\\\/\\\/www.placepourtoi.ca\\\/en\\\/\"},{\"@type\":\"ListItem\",\"position\":2,\"name\":\"Educators\",\"item\":\"https:\\\/\\\/www.placepourtoi.ca\\\/en\\\/educators\\\/\"},{\"@type\":\"ListItem\",\"position\":3,\"name\":\"Reserve class visits without a science activity\"}]},{\"@type\":\"WebSite\",\"@id\":\"https:\\\/\\\/www.placepourtoi.ca\\\/en\\\/#website\",\"url\":\"https:\\\/\\\/www.placepourtoi.ca\\\/en\\\/\",\"name\":\"Il y a une place pour toi... en ing\u00e9nierie!\",\"description\":\"Ose, t&#039;as du g\u00e9nie\",\"publisher\":{\"@id\":\"https:\\\/\\\/www.placepourtoi.ca\\\/en\\\/#organization\"},\"potentialAction\":[{\"@type\":\"SearchAction\",\"target\":{\"@type\":\"EntryPoint\",\"urlTemplate\":\"https:\\\/\\\/www.placepourtoi.ca\\\/en\\\/?s={search_term_string}\"},\"query-input\":{\"@type\":\"PropertyValueSpecification\",\"valueRequired\":true,\"valueName\":\"search_term_string\"}}],\"inLanguage\":\"en-US\"},{\"@type\":\"Organization\",\"@id\":\"https:\\\/\\\/www.placepourtoi.ca\\\/en\\\/#organization\",\"name\":\"Ordre des ing\u00e9nieurs du Qu\u00e9bec\",\"url\":\"https:\\\/\\\/www.placepourtoi.ca\\\/en\\\/\",\"logo\":{\"@type\":\"ImageObject\",\"inLanguage\":\"en-US\",\"@id\":\"https:\\\/\\\/www.placepourtoi.ca\\\/en\\\/#\\\/schema\\\/logo\\\/image\\\/\",\"url\":\"https:\\\/\\\/www.placepourtoi.ca\\\/wp-content\\\/uploads\\\/2020\\\/11\\\/logo-ing-bleu.png\",\"contentUrl\":\"https:\\\/\\\/www.placepourtoi.ca\\\/wp-content\\\/uploads\\\/2020\\\/11\\\/logo-ing-bleu.png\",\"width\":492,\"height\":164,\"caption\":\"Ordre des ing\u00e9nieurs du Qu\u00e9bec\"},\"image\":{\"@id\":\"https:\\\/\\\/www.placepourtoi.ca\\\/en\\\/#\\\/schema\\\/logo\\\/image\\\/\"},\"sameAs\":[\"https:\\\/\\\/www.facebook.com\\\/placepourtoi\\\/\",\"https:\\\/\\\/www.instagram.com\\\/placepourtoi\\\/\",\"https:\\\/\\\/www.youtube.com\\\/channel\\\/UCeKEMeJSn6yu5VhswfNTUcw\"]}]}<\/script>\n<!-- \/ Yoast SEO plugin. -->","yoast_head_json":{"title":"Reserve class visits without a science activity - Il y a une place pour toi... en ing\u00e9nierie!","description":"Fille ou gar\u00e7on, le g\u00e9nie est un domaine excitant qui t\u2019offre des possibilit\u00e9s d\u2019avenir infinies, visite ce site pour en savoir plus.","robots":{"index":"index","follow":"follow","max-snippet":"max-snippet:-1","max-image-preview":"max-image-preview:large","max-video-preview":"max-video-preview:-1"},"canonical":"https:\/\/www.placepourtoi.ca\/en\/educators\/reserve-class-visits-without-a-science-activity\/","og_locale":"en_US","og_type":"article","og_title":"Reserve class visits without a science activity - Il y a une place pour toi... en ing\u00e9nierie!","og_description":"Fille ou gar\u00e7on, le g\u00e9nie est un domaine excitant qui t\u2019offre des possibilit\u00e9s d\u2019avenir infinies, visite ce site pour en savoir plus.","og_url":"https:\/\/www.placepourtoi.ca\/en\/educators\/reserve-class-visits-without-a-science-activity\/","og_site_name":"Il y a une place pour toi... en ing\u00e9nierie!","article_publisher":"https:\/\/www.facebook.com\/placepourtoi\/","article_modified_time":"2025-08-26T17:31:45+00:00","og_image":[{"width":1200,"height":630,"url":"https:\/\/www.placepourtoi.ca\/wp-content\/uploads\/2021\/08\/Visuel_PlacePourToi_Sharing.jpg","type":"image\/jpeg"}],"twitter_card":"summary_large_image","twitter_misc":{"Est. reading time":"2 minutes"},"schema":{"@context":"https:\/\/schema.org","@graph":[{"@type":"WebPage","@id":"https:\/\/www.placepourtoi.ca\/en\/educators\/reserve-class-visits-without-a-science-activity\/","url":"https:\/\/www.placepourtoi.ca\/en\/educators\/reserve-class-visits-without-a-science-activity\/","name":"Reserve class visits without a science activity - Il y a une place pour toi... en ing\u00e9nierie!","isPartOf":{"@id":"https:\/\/www.placepourtoi.ca\/en\/#website"},"datePublished":"2020-12-15T15:48:16+00:00","dateModified":"2025-08-26T17:31:45+00:00","description":"Fille ou gar\u00e7on, le g\u00e9nie est un domaine excitant qui t\u2019offre des possibilit\u00e9s d\u2019avenir infinies, visite ce site pour en savoir plus.","breadcrumb":{"@id":"https:\/\/www.placepourtoi.ca\/en\/educators\/reserve-class-visits-without-a-science-activity\/#breadcrumb"},"inLanguage":"en-US","potentialAction":[{"@type":"ReadAction","target":["https:\/\/www.placepourtoi.ca\/en\/educators\/reserve-class-visits-without-a-science-activity\/"]}]},{"@type":"BreadcrumbList","@id":"https:\/\/www.placepourtoi.ca\/en\/educators\/reserve-class-visits-without-a-science-activity\/#breadcrumb","itemListElement":[{"@type":"ListItem","position":1,"name":"Home","item":"https:\/\/www.placepourtoi.ca\/en\/"},{"@type":"ListItem","position":2,"name":"Educators","item":"https:\/\/www.placepourtoi.ca\/en\/educators\/"},{"@type":"ListItem","position":3,"name":"Reserve class visits without a science activity"}]},{"@type":"WebSite","@id":"https:\/\/www.placepourtoi.ca\/en\/#website","url":"https:\/\/www.placepourtoi.ca\/en\/","name":"Il y a une place pour toi... en ing\u00e9nierie!","description":"Ose, t&#039;as du g\u00e9nie","publisher":{"@id":"https:\/\/www.placepourtoi.ca\/en\/#organization"},"potentialAction":[{"@type":"SearchAction","target":{"@type":"EntryPoint","urlTemplate":"https:\/\/www.placepourtoi.ca\/en\/?s={search_term_string}"},"query-input":{"@type":"PropertyValueSpecification","valueRequired":true,"valueName":"search_term_string"}}],"inLanguage":"en-US"},{"@type":"Organization","@id":"https:\/\/www.placepourtoi.ca\/en\/#organization","name":"Ordre des ing\u00e9nieurs du Qu\u00e9bec","url":"https:\/\/www.placepourtoi.ca\/en\/","logo":{"@type":"ImageObject","inLanguage":"en-US","@id":"https:\/\/www.placepourtoi.ca\/en\/#\/schema\/logo\/image\/","url":"https:\/\/www.placepourtoi.ca\/wp-content\/uploads\/2020\/11\/logo-ing-bleu.png","contentUrl":"https:\/\/www.placepourtoi.ca\/wp-content\/uploads\/2020\/11\/logo-ing-bleu.png","width":492,"height":164,"caption":"Ordre des ing\u00e9nieurs du Qu\u00e9bec"},"image":{"@id":"https:\/\/www.placepourtoi.ca\/en\/#\/schema\/logo\/image\/"},"sameAs":["https:\/\/www.facebook.com\/placepourtoi\/","https:\/\/www.instagram.com\/placepourtoi\/","https:\/\/www.youtube.com\/channel\/UCeKEMeJSn6yu5VhswfNTUcw"]}]}},"_links":{"self":[{"href":"https:\/\/www.placepourtoi.ca\/en\/wp-json\/wp\/v2\/pages\/3032","targetHints":{"allow":["GET"]}}],"collection":[{"href":"https:\/\/www.placepourtoi.ca\/en\/wp-json\/wp\/v2\/pages"}],"about":[{"href":"https:\/\/www.placepourtoi.ca\/en\/wp-json\/wp\/v2\/types\/page"}],"author":[{"embeddable":true,"href":"https:\/\/www.placepourtoi.ca\/en\/wp-json\/wp\/v2\/users\/1"}],"replies":[{"embeddable":true,"href":"https:\/\/www.placepourtoi.ca\/en\/wp-json\/wp\/v2\/comments?post=3032"}],"version-history":[{"count":0,"href":"https:\/\/www.placepourtoi.ca\/en\/wp-json\/wp\/v2\/pages\/3032\/revisions"}],"up":[{"embeddable":true,"href":"https:\/\/www.placepourtoi.ca\/en\/wp-json\/wp\/v2\/pages\/3073"}],"wp:attachment":[{"href":"https:\/\/www.placepourtoi.ca\/en\/wp-json\/wp\/v2\/media?parent=3032"}],"curies":[{"name":"wp","href":"https:\/\/api.w.org\/{rel}","templated":true}]}}