{"id":3067,"date":"2020-12-15T10:56:34","date_gmt":"2020-12-15T15:56:34","guid":{"rendered":"https:\/\/www.placepourtoi.ca\/reserve-mentorship\/"},"modified":"2020-12-16T12:20:55","modified_gmt":"2020-12-16T17:20:55","slug":"reserve-mentorship","status":"publish","type":"page","link":"https:\/\/www.placepourtoi.ca\/en\/educators\/reserve-mentorship\/","title":{"rendered":"Reserve mentorship"},"content":{"rendered":"\n<style type=\"text\/css\" data-created_by=\"avia_inline_auto\" id=\"style-css-av-khb0w2fn-3d0f125505f607d42f2054950e16da80\">\n.avia-section.av-khb0w2fn-3d0f125505f607d42f2054950e16da80{\nbackground-color:#ffffff;\nbackground-image:unset;\n}\n<\/style>\n<div id='av_section_1'  class='avia-section av-khb0w2fn-3d0f125505f607d42f2054950e16da80 alternate_color avia-section-default avia-no-border-styling  avia-builder-el-0  avia-builder-el-no-sibling  avia-bg-style-scroll container_wrap fullsize'  ><div class='container av-section-cont-open' ><main  role=\"main\" itemprop=\"mainContentOfPage\"  class='template-page content  av-content-full alpha units'><div class='post-entry post-entry-type-page post-entry-3067'><div class='entry-content-wrapper clearfix'>\n<div class='flex_column_table av-4olkuc-544d74fee5bc4a6d80d1e5bcb5897e12 sc-av_one_fourth av-break-at-tablet-flextable av-equal-height-column-flextable'>\n<style type=\"text\/css\" data-created_by=\"avia_inline_auto\" id=\"style-css-av-4olkuc-544d74fee5bc4a6d80d1e5bcb5897e12\">\n.flex_column.av-4olkuc-544d74fee5bc4a6d80d1e5bcb5897e12{\nborder-radius:0px 0px 0px 0px;\npadding:0px 0px 0px 0px;\n}\n<\/style>\n<div  class='flex_column av-4olkuc-544d74fee5bc4a6d80d1e5bcb5897e12 av_one_fourth  avia-builder-el-1  el_before_av_three_fourth  avia-builder-el-first  first av-break-at-tablet flex_column_table_cell av-equal-height-column av-align-middle av-zero-column-padding  '     ><style type=\"text\/css\" data-created_by=\"avia_inline_auto\" id=\"style-css-av-khb0ygxj-4074cfc8f26104ceae7f775053b0168e\">\n.avia-image-container.av-khb0ygxj-4074cfc8f26104ceae7f775053b0168e img.avia_image{\nbox-shadow:none;\n}\n.avia-image-container.av-khb0ygxj-4074cfc8f26104ceae7f775053b0168e .av-image-caption-overlay-center{\ncolor:#ffffff;\n}\n<\/style>\n<div  class='avia-image-container av-khb0ygxj-4074cfc8f26104ceae7f775053b0168e av-styling- avia_animated_image av-animated-when-visible-95 bottom-to-top avia-align-center  avia-builder-el-2  avia-builder-el-no-sibling '   itemprop=\"image\" itemscope=\"itemscope\" itemtype=\"https:\/\/schema.org\/ImageObject\" ><div class=\"avia-image-container-inner\"><div class=\"avia-image-overlay-wrap\"><img decoding=\"async\" fetchpriority=\"high\" class='wp-image-2767 avia-img-lazy-loading-not-2767 avia_image ' src=\"https:\/\/www.placepourtoi.ca\/wp-content\/uploads\/2020\/11\/mentorat-icon.png\" alt='' title='mentorat icon'  height=\"227\" width=\"227\"  itemprop=\"thumbnailUrl\" srcset=\"https:\/\/www.placepourtoi.ca\/wp-content\/uploads\/2020\/11\/mentorat-icon.png 227w, https:\/\/www.placepourtoi.ca\/wp-content\/uploads\/2020\/11\/mentorat-icon-80x80.png 80w, https:\/\/www.placepourtoi.ca\/wp-content\/uploads\/2020\/11\/mentorat-icon-36x36.png 36w, https:\/\/www.placepourtoi.ca\/wp-content\/uploads\/2020\/11\/mentorat-icon-180x180.png 180w\" sizes=\"(max-width: 227px) 100vw, 227px\" \/><\/div><\/div><\/div><\/div><div class='av-flex-placeholder'><\/div>\n<style type=\"text\/css\" data-created_by=\"avia_inline_auto\" id=\"style-css-av-5iuedg-cf719e5ee6c886b3a551a95f9409e00b\">\n.flex_column.av-5iuedg-cf719e5ee6c886b3a551a95f9409e00b{\nborder-radius:0px 0px 0px 0px;\npadding:0px 0px 0px 0px;\n}\n<\/style>\n<div  class='flex_column av-5iuedg-cf719e5ee6c886b3a551a95f9409e00b av_three_fourth  avia-builder-el-3  el_after_av_one_fourth  el_before_av_one_full  av-break-at-tablet flex_column_table_cell av-equal-height-column av-align-middle av-zero-column-padding  '     ><p>\n<style type=\"text\/css\" data-created_by=\"avia_inline_auto\" id=\"style-css-av-av_heading-ebe05e9146892cc709dd58fe99c244d9\">\n#top .av-special-heading.av-av_heading-ebe05e9146892cc709dd58fe99c244d9{\npadding-bottom:10px;\ncolor:#09198e;\n}\nbody .av-special-heading.av-av_heading-ebe05e9146892cc709dd58fe99c244d9 .av-special-heading-tag .heading-char{\nfont-size:25px;\n}\n.av-special-heading.av-av_heading-ebe05e9146892cc709dd58fe99c244d9 .special-heading-inner-border{\nborder-color:#09198e;\n}\n.av-special-heading.av-av_heading-ebe05e9146892cc709dd58fe99c244d9 .av-subheading{\nfont-size:15px;\n}\n<\/style>\n<div  class='av-special-heading av-av_heading-ebe05e9146892cc709dd58fe99c244d9 av-special-heading-h5 custom-color-heading blockquote modern-quote  avia-builder-el-4  el_before_av_hr  avia-builder-el-first  av-linked-heading'><h5 class='av-special-heading-tag '  itemprop=\"headline\"  ><a class=\"av-heading-link\" href=\"https:\/\/www.placepourtoi.ca\/activites-pour-intervenantes-scolaire\/\" >Return to educator activities<\/a><\/h5><div class=\"special-heading-border\"><div class=\"special-heading-inner-border\"><\/div><\/div><\/div><br \/>\n\n<style type=\"text\/css\" data-created_by=\"avia_inline_auto\" id=\"style-css-av-khc5uwbn-8209991be48d68882648ae5f8032ba34\">\n#top .hr.hr-invisible.av-khc5uwbn-8209991be48d68882648ae5f8032ba34{\nmargin-top:-50px;\nheight:1px;\n}\n<\/style>\n<div  class='hr av-khc5uwbn-8209991be48d68882648ae5f8032ba34 hr-invisible  avia-builder-el-5  el_after_av_heading  el_before_av_heading '><span class='hr-inner '><span class=\"hr-inner-style\"><\/span><\/span><\/div><br \/>\n\n<style type=\"text\/css\" data-created_by=\"avia_inline_auto\" id=\"style-css-av-av_heading-4333affdd7d42e177ff8dfbae0b14599\">\n#top .av-special-heading.av-av_heading-4333affdd7d42e177ff8dfbae0b14599{\npadding-bottom:10px;\ncolor:#09198e;\n}\nbody .av-special-heading.av-av_heading-4333affdd7d42e177ff8dfbae0b14599 .av-special-heading-tag .heading-char{\nfont-size:25px;\n}\n.av-special-heading.av-av_heading-4333affdd7d42e177ff8dfbae0b14599 .special-heading-inner-border{\nborder-color:#09198e;\n}\n.av-special-heading.av-av_heading-4333affdd7d42e177ff8dfbae0b14599 .av-subheading{\nfont-size:15px;\n}\n\n@media only screen and (max-width: 479px){ \n#top #wrap_all .av-special-heading.av-av_heading-4333affdd7d42e177ff8dfbae0b14599 .av-special-heading-tag{\nfont-size:30px;\n}\n}\n<\/style>\n<div  class='av-special-heading av-av_heading-4333affdd7d42e177ff8dfbae0b14599 av-special-heading-h2 custom-color-heading blockquote modern-quote  avia-builder-el-6  el_after_av_hr  el_before_av_textblock '><h2 class='av-special-heading-tag '  itemprop=\"headline\"  >MENTORSHIP<\/h2><div class=\"special-heading-border\"><div class=\"special-heading-inner-border\"><\/div><\/div><\/div><br \/>\n<section  class='av_textblock_section av-khv0ecpq-8904948bf2df69380d20f12996c68e05 '   itemscope=\"itemscope\" itemtype=\"https:\/\/schema.org\/CreativeWork\" ><div class='avia_textblock'  itemprop=\"text\" ><p>The OIQ acts as a facilitator between engineering students at university and professionals who work in their fields to encourage students to stay in school and promote enriching discussions between the parties. This program can be presented directly to your students at your school.<\/p>\n<p>To find out more about the program:<\/p>\n<p>http:\/\/www.oiq.qc.ca\/en\/Iam\/member\/Pages\/meg-eng.aspx<\/p>\n<\/div><\/section><\/p><\/div><\/div><!--close column table wrapper. Autoclose: 1 -->\n<style type=\"text\/css\" data-created_by=\"avia_inline_auto\" id=\"style-css-av-2y5ums-bea85c334a3819c573159706acffb7a3\">\n.flex_column.av-2y5ums-bea85c334a3819c573159706acffb7a3{\nborder-width:2px;\nborder-color:#3ccbbb;\nborder-style:solid;\nborder-radius:0px 0px 0px 0px;\npadding:5% 5% 5% 5%;\n}\n<\/style>\n<div  class='flex_column av-2y5ums-bea85c334a3819c573159706acffb7a3 av_one_full  avia-builder-el-8  el_after_av_three_fourth  el_before_av_hr  first flex_column_div  column-top-margin'     ><p>\n<style type=\"text\/css\" data-created_by=\"avia_inline_auto\" id=\"style-css-av-khc5k53o-d7dd59c075cac3113e8c0463cfbde286\">\n#top .hr.hr-invisible.av-khc5k53o-d7dd59c075cac3113e8c0463cfbde286{\nmargin-top:-50px;\nheight:1px;\n}\n<\/style>\n<div  class='hr av-khc5k53o-d7dd59c075cac3113e8c0463cfbde286 hr-invisible  avia-builder-el-9  el_before_av_heading  avia-builder-el-first '><span class='hr-inner '><span class=\"hr-inner-style\"><\/span><\/span><\/div><br \/>\n\n<style type=\"text\/css\" data-created_by=\"avia_inline_auto\" id=\"style-css-av-av_heading-34d17378645f41819332483aab8cb513\">\n#top .av-special-heading.av-av_heading-34d17378645f41819332483aab8cb513{\npadding-bottom:10px;\ncolor:#3ccbbb;\n}\nbody .av-special-heading.av-av_heading-34d17378645f41819332483aab8cb513 .av-special-heading-tag .heading-char{\nfont-size:25px;\n}\n.av-special-heading.av-av_heading-34d17378645f41819332483aab8cb513 .special-heading-inner-border{\nborder-color:#3ccbbb;\n}\n.av-special-heading.av-av_heading-34d17378645f41819332483aab8cb513 .av-subheading{\nfont-size:15px;\n}\n<\/style>\n<div  class='av-special-heading av-av_heading-34d17378645f41819332483aab8cb513 av-special-heading-h3 custom-color-heading  avia-builder-el-10  el_after_av_hr  el_before_av_hr '><h3 class='av-special-heading-tag '  itemprop=\"headline\"  >RESERVE THIS ACTIVITY<\/h3><div class=\"special-heading-border\"><div class=\"special-heading-inner-border\"><\/div><\/div><\/div><br \/>\n\n<style type=\"text\/css\" data-created_by=\"avia_inline_auto\" id=\"style-css-av-khc5k53o-e2cfd4ef14fd819d89d7fedfb6822bc0\">\n#top .hr.hr-invisible.av-khc5k53o-e2cfd4ef14fd819d89d7fedfb6822bc0{\nheight:25px;\n}\n<\/style>\n<div  class='hr av-khc5k53o-e2cfd4ef14fd819d89d7fedfb6822bc0 hr-invisible  avia-builder-el-11  el_after_av_heading  el_before_av_codeblock '><span class='hr-inner '><span class=\"hr-inner-style\"><\/span><\/span><\/div><br \/>\n<\/p><\/div>\n<style type=\"text\/css\" data-created_by=\"avia_inline_auto\" id=\"style-css-av-khv11ksp-88933800115f621947d7bcc67d95a510\">\n#top .hr.hr-invisible.av-khv11ksp-88933800115f621947d7bcc67d95a510{\nheight:25px;\n}\n<\/style>\n<div  class='hr av-khv11ksp-88933800115f621947d7bcc67d95a510 hr-invisible  avia-builder-el-13  el_after_av_one_full  el_before_av_button '><span class='hr-inner '><span class=\"hr-inner-style\"><\/span><\/span><\/div>\n<div  class='avia-button-wrap av-khc7n70a-5d39b38b0f9f765c28020f43d608239d-wrap avia-button-center  avia-builder-el-14  el_after_av_hr  avia-builder-el-last  dark-blue-btn'>\n<style type=\"text\/css\" data-created_by=\"avia_inline_auto\" id=\"style-css-av-khc7n70a-5d39b38b0f9f765c28020f43d608239d\">\n#top #wrap_all .avia-button.av-khc7n70a-5d39b38b0f9f765c28020f43d608239d{\ncolor:#342c8b;\ntransition:all 0.4s ease-in-out;\n}\n#top #wrap_all .avia-button.av-khc7n70a-5d39b38b0f9f765c28020f43d608239d:hover{\ncolor:#ffffff;\ntransition:all 0.4s ease-in-out;\n}\n#top #wrap_all .avia-button.av-khc7n70a-5d39b38b0f9f765c28020f43d608239d .avia-svg-icon svg:first-child{\nfill:#342c8b;\nstroke:#342c8b;\n}\n#top #wrap_all .avia-button.av-khc7n70a-5d39b38b0f9f765c28020f43d608239d:hover .avia-svg-icon svg:first-child{\nfill:#ffffff;\nstroke:#ffffff;\n}\n<\/style>\n<a href='https:\/\/www.placepourtoi.ca\/activites-pour-intervenantes-scolaire\/'  class='avia-button av-khc7n70a-5d39b38b0f9f765c28020f43d608239d av-link-btn avia-icon_select-no avia-size-large avia-position-center avia-color-light'   aria-label=\"Return to educator activities\"><span class='avia_iconbox_title' >Return to educator activities<\/span><span class='avia_button_background avia-button avia-color-light' ><\/span><\/a><\/div>\n\n","protected":false},"excerpt":{"rendered":"","protected":false},"author":1,"featured_media":0,"parent":3073,"menu_order":0,"comment_status":"closed","ping_status":"closed","template":"","meta":{"footnotes":""},"class_list":["post-3067","page","type-page","status-publish","hentry"],"yoast_head":"<!-- This site is optimized with the Yoast SEO plugin v27.5 - https:\/\/yoast.com\/product\/yoast-seo-wordpress\/ -->\n<title>Reserve mentorship - Il y a une place pour toi... en ing\u00e9nierie!<\/title>\n<meta name=\"description\" content=\"Fille ou gar\u00e7on, le g\u00e9nie est un domaine excitant qui t\u2019offre des possibilit\u00e9s d\u2019avenir infinies, visite ce site pour en savoir plus.\" \/>\n<meta name=\"robots\" content=\"index, follow, max-snippet:-1, max-image-preview:large, max-video-preview:-1\" \/>\n<link rel=\"canonical\" href=\"https:\/\/www.placepourtoi.ca\/en\/educators\/reserve-mentorship\/\" \/>\n<meta property=\"og:locale\" content=\"en_US\" \/>\n<meta property=\"og:type\" content=\"article\" \/>\n<meta property=\"og:title\" content=\"Reserve mentorship - Il y a une place pour toi... en ing\u00e9nierie!\" \/>\n<meta property=\"og:description\" content=\"Fille ou gar\u00e7on, le g\u00e9nie est un domaine excitant qui t\u2019offre des possibilit\u00e9s d\u2019avenir infinies, visite ce site pour en savoir plus.\" \/>\n<meta property=\"og:url\" content=\"https:\/\/www.placepourtoi.ca\/en\/educators\/reserve-mentorship\/\" \/>\n<meta property=\"og:site_name\" content=\"Il y a une place pour toi... en ing\u00e9nierie!\" \/>\n<meta property=\"article:publisher\" content=\"https:\/\/www.facebook.com\/placepourtoi\/\" \/>\n<meta property=\"article:modified_time\" content=\"2020-12-16T17:20:55+00:00\" \/>\n<meta property=\"og:image\" content=\"https:\/\/www.placepourtoi.ca\/wp-content\/uploads\/2021\/08\/Visuel_PlacePourToi_Sharing.jpg\" \/>\n\t<meta property=\"og:image:width\" content=\"1200\" \/>\n\t<meta property=\"og:image:height\" content=\"630\" \/>\n\t<meta property=\"og:image:type\" content=\"image\/jpeg\" \/>\n<meta name=\"twitter:card\" content=\"summary_large_image\" \/>\n<meta name=\"twitter:label1\" content=\"Est. reading time\" \/>\n\t<meta name=\"twitter:data1\" content=\"6 minutes\" \/>\n<script type=\"application\/ld+json\" class=\"yoast-schema-graph\">{\"@context\":\"https:\\\/\\\/schema.org\",\"@graph\":[{\"@type\":\"WebPage\",\"@id\":\"https:\\\/\\\/www.placepourtoi.ca\\\/en\\\/educators\\\/reserve-mentorship\\\/\",\"url\":\"https:\\\/\\\/www.placepourtoi.ca\\\/en\\\/educators\\\/reserve-mentorship\\\/\",\"name\":\"Reserve mentorship - Il y a une place pour toi... en ing\u00e9nierie!\",\"isPartOf\":{\"@id\":\"https:\\\/\\\/www.placepourtoi.ca\\\/en\\\/#website\"},\"datePublished\":\"2020-12-15T15:56:34+00:00\",\"dateModified\":\"2020-12-16T17:20:55+00:00\",\"description\":\"Fille ou gar\u00e7on, le g\u00e9nie est un domaine excitant qui t\u2019offre des possibilit\u00e9s d\u2019avenir infinies, visite ce site pour en savoir plus.\",\"breadcrumb\":{\"@id\":\"https:\\\/\\\/www.placepourtoi.ca\\\/en\\\/educators\\\/reserve-mentorship\\\/#breadcrumb\"},\"inLanguage\":\"en-US\",\"potentialAction\":[{\"@type\":\"ReadAction\",\"target\":[\"https:\\\/\\\/www.placepourtoi.ca\\\/en\\\/educators\\\/reserve-mentorship\\\/\"]}]},{\"@type\":\"BreadcrumbList\",\"@id\":\"https:\\\/\\\/www.placepourtoi.ca\\\/en\\\/educators\\\/reserve-mentorship\\\/#breadcrumb\",\"itemListElement\":[{\"@type\":\"ListItem\",\"position\":1,\"name\":\"Home\",\"item\":\"https:\\\/\\\/www.placepourtoi.ca\\\/en\\\/\"},{\"@type\":\"ListItem\",\"position\":2,\"name\":\"Educators\",\"item\":\"https:\\\/\\\/www.placepourtoi.ca\\\/en\\\/educators\\\/\"},{\"@type\":\"ListItem\",\"position\":3,\"name\":\"Reserve mentorship\"}]},{\"@type\":\"WebSite\",\"@id\":\"https:\\\/\\\/www.placepourtoi.ca\\\/en\\\/#website\",\"url\":\"https:\\\/\\\/www.placepourtoi.ca\\\/en\\\/\",\"name\":\"Il y a une place pour toi... en ing\u00e9nierie!\",\"description\":\"Ose, t&#039;as du g\u00e9nie\",\"publisher\":{\"@id\":\"https:\\\/\\\/www.placepourtoi.ca\\\/en\\\/#organization\"},\"potentialAction\":[{\"@type\":\"SearchAction\",\"target\":{\"@type\":\"EntryPoint\",\"urlTemplate\":\"https:\\\/\\\/www.placepourtoi.ca\\\/en\\\/?s={search_term_string}\"},\"query-input\":{\"@type\":\"PropertyValueSpecification\",\"valueRequired\":true,\"valueName\":\"search_term_string\"}}],\"inLanguage\":\"en-US\"},{\"@type\":\"Organization\",\"@id\":\"https:\\\/\\\/www.placepourtoi.ca\\\/en\\\/#organization\",\"name\":\"Ordre des ing\u00e9nieurs du Qu\u00e9bec\",\"url\":\"https:\\\/\\\/www.placepourtoi.ca\\\/en\\\/\",\"logo\":{\"@type\":\"ImageObject\",\"inLanguage\":\"en-US\",\"@id\":\"https:\\\/\\\/www.placepourtoi.ca\\\/en\\\/#\\\/schema\\\/logo\\\/image\\\/\",\"url\":\"https:\\\/\\\/www.placepourtoi.ca\\\/wp-content\\\/uploads\\\/2020\\\/11\\\/logo-ing-bleu.png\",\"contentUrl\":\"https:\\\/\\\/www.placepourtoi.ca\\\/wp-content\\\/uploads\\\/2020\\\/11\\\/logo-ing-bleu.png\",\"width\":492,\"height\":164,\"caption\":\"Ordre des ing\u00e9nieurs du Qu\u00e9bec\"},\"image\":{\"@id\":\"https:\\\/\\\/www.placepourtoi.ca\\\/en\\\/#\\\/schema\\\/logo\\\/image\\\/\"},\"sameAs\":[\"https:\\\/\\\/www.facebook.com\\\/placepourtoi\\\/\",\"https:\\\/\\\/www.instagram.com\\\/placepourtoi\\\/\",\"https:\\\/\\\/www.youtube.com\\\/channel\\\/UCeKEMeJSn6yu5VhswfNTUcw\"]}]}<\/script>\n<!-- \/ Yoast SEO plugin. -->","yoast_head_json":{"title":"Reserve mentorship - Il y a une place pour toi... en ing\u00e9nierie!","description":"Fille ou gar\u00e7on, le g\u00e9nie est un domaine excitant qui t\u2019offre des possibilit\u00e9s d\u2019avenir infinies, visite ce site pour en savoir plus.","robots":{"index":"index","follow":"follow","max-snippet":"max-snippet:-1","max-image-preview":"max-image-preview:large","max-video-preview":"max-video-preview:-1"},"canonical":"https:\/\/www.placepourtoi.ca\/en\/educators\/reserve-mentorship\/","og_locale":"en_US","og_type":"article","og_title":"Reserve mentorship - Il y a une place pour toi... en ing\u00e9nierie!","og_description":"Fille ou gar\u00e7on, le g\u00e9nie est un domaine excitant qui t\u2019offre des possibilit\u00e9s d\u2019avenir infinies, visite ce site pour en savoir plus.","og_url":"https:\/\/www.placepourtoi.ca\/en\/educators\/reserve-mentorship\/","og_site_name":"Il y a une place pour toi... en ing\u00e9nierie!","article_publisher":"https:\/\/www.facebook.com\/placepourtoi\/","article_modified_time":"2020-12-16T17:20:55+00:00","og_image":[{"width":1200,"height":630,"url":"https:\/\/www.placepourtoi.ca\/wp-content\/uploads\/2021\/08\/Visuel_PlacePourToi_Sharing.jpg","type":"image\/jpeg"}],"twitter_card":"summary_large_image","twitter_misc":{"Est. reading time":"6 minutes"},"schema":{"@context":"https:\/\/schema.org","@graph":[{"@type":"WebPage","@id":"https:\/\/www.placepourtoi.ca\/en\/educators\/reserve-mentorship\/","url":"https:\/\/www.placepourtoi.ca\/en\/educators\/reserve-mentorship\/","name":"Reserve mentorship - Il y a une place pour toi... en ing\u00e9nierie!","isPartOf":{"@id":"https:\/\/www.placepourtoi.ca\/en\/#website"},"datePublished":"2020-12-15T15:56:34+00:00","dateModified":"2020-12-16T17:20:55+00:00","description":"Fille ou gar\u00e7on, le g\u00e9nie est un domaine excitant qui t\u2019offre des possibilit\u00e9s d\u2019avenir infinies, visite ce site pour en savoir plus.","breadcrumb":{"@id":"https:\/\/www.placepourtoi.ca\/en\/educators\/reserve-mentorship\/#breadcrumb"},"inLanguage":"en-US","potentialAction":[{"@type":"ReadAction","target":["https:\/\/www.placepourtoi.ca\/en\/educators\/reserve-mentorship\/"]}]},{"@type":"BreadcrumbList","@id":"https:\/\/www.placepourtoi.ca\/en\/educators\/reserve-mentorship\/#breadcrumb","itemListElement":[{"@type":"ListItem","position":1,"name":"Home","item":"https:\/\/www.placepourtoi.ca\/en\/"},{"@type":"ListItem","position":2,"name":"Educators","item":"https:\/\/www.placepourtoi.ca\/en\/educators\/"},{"@type":"ListItem","position":3,"name":"Reserve mentorship"}]},{"@type":"WebSite","@id":"https:\/\/www.placepourtoi.ca\/en\/#website","url":"https:\/\/www.placepourtoi.ca\/en\/","name":"Il y a une place pour toi... en ing\u00e9nierie!","description":"Ose, t&#039;as du g\u00e9nie","publisher":{"@id":"https:\/\/www.placepourtoi.ca\/en\/#organization"},"potentialAction":[{"@type":"SearchAction","target":{"@type":"EntryPoint","urlTemplate":"https:\/\/www.placepourtoi.ca\/en\/?s={search_term_string}"},"query-input":{"@type":"PropertyValueSpecification","valueRequired":true,"valueName":"search_term_string"}}],"inLanguage":"en-US"},{"@type":"Organization","@id":"https:\/\/www.placepourtoi.ca\/en\/#organization","name":"Ordre des ing\u00e9nieurs du Qu\u00e9bec","url":"https:\/\/www.placepourtoi.ca\/en\/","logo":{"@type":"ImageObject","inLanguage":"en-US","@id":"https:\/\/www.placepourtoi.ca\/en\/#\/schema\/logo\/image\/","url":"https:\/\/www.placepourtoi.ca\/wp-content\/uploads\/2020\/11\/logo-ing-bleu.png","contentUrl":"https:\/\/www.placepourtoi.ca\/wp-content\/uploads\/2020\/11\/logo-ing-bleu.png","width":492,"height":164,"caption":"Ordre des ing\u00e9nieurs du Qu\u00e9bec"},"image":{"@id":"https:\/\/www.placepourtoi.ca\/en\/#\/schema\/logo\/image\/"},"sameAs":["https:\/\/www.facebook.com\/placepourtoi\/","https:\/\/www.instagram.com\/placepourtoi\/","https:\/\/www.youtube.com\/channel\/UCeKEMeJSn6yu5VhswfNTUcw"]}]}},"_links":{"self":[{"href":"https:\/\/www.placepourtoi.ca\/en\/wp-json\/wp\/v2\/pages\/3067","targetHints":{"allow":["GET"]}}],"collection":[{"href":"https:\/\/www.placepourtoi.ca\/en\/wp-json\/wp\/v2\/pages"}],"about":[{"href":"https:\/\/www.placepourtoi.ca\/en\/wp-json\/wp\/v2\/types\/page"}],"author":[{"embeddable":true,"href":"https:\/\/www.placepourtoi.ca\/en\/wp-json\/wp\/v2\/users\/1"}],"replies":[{"embeddable":true,"href":"https:\/\/www.placepourtoi.ca\/en\/wp-json\/wp\/v2\/comments?post=3067"}],"version-history":[{"count":0,"href":"https:\/\/www.placepourtoi.ca\/en\/wp-json\/wp\/v2\/pages\/3067\/revisions"}],"up":[{"embeddable":true,"href":"https:\/\/www.placepourtoi.ca\/en\/wp-json\/wp\/v2\/pages\/3073"}],"wp:attachment":[{"href":"https:\/\/www.placepourtoi.ca\/en\/wp-json\/wp\/v2\/media?parent=3067"}],"curies":[{"name":"wp","href":"https:\/\/api.w.org\/{rel}","templated":true}]}}