{"id":3150,"date":"2020-12-15T11:43:21","date_gmt":"2020-12-15T16:43:21","guid":{"rendered":"https:\/\/www.placepourtoi.ca\/register-an-other-request\/"},"modified":"2021-10-15T10:12:55","modified_gmt":"2021-10-15T14:12:55","slug":"register-an-other-request","status":"publish","type":"page","link":"https:\/\/www.placepourtoi.ca\/en\/register-an-other-request\/","title":{"rendered":"Register an other request"},"content":{"rendered":"\n<style type=\"text\/css\" data-created_by=\"avia_inline_auto\" id=\"style-css-av-khb0w2fn-3d0f125505f607d42f2054950e16da80\">\n.avia-section.av-khb0w2fn-3d0f125505f607d42f2054950e16da80{\nbackground-color:#ffffff;\nbackground-image:unset;\n}\n<\/style>\n<div id='av_section_1'  class='avia-section av-khb0w2fn-3d0f125505f607d42f2054950e16da80 alternate_color avia-section-default avia-no-border-styling  avia-builder-el-0  avia-builder-el-no-sibling  avia-bg-style-scroll container_wrap fullsize'  ><div class='container av-section-cont-open' ><main  role=\"main\" itemprop=\"mainContentOfPage\"  class='template-page content  av-content-full alpha units'><div class='post-entry post-entry-type-page post-entry-3150'><div class='entry-content-wrapper clearfix'>\n<div class='flex_column_table av-5iuedg-090c210849b0fd49bfcbfdae3faa1667 sc-av_three_fifth av-equal-height-column-flextable'>\n<style type=\"text\/css\" data-created_by=\"avia_inline_auto\" id=\"style-css-av-5iuedg-090c210849b0fd49bfcbfdae3faa1667\">\n.flex_column.av-5iuedg-090c210849b0fd49bfcbfdae3faa1667{\nborder-radius:0px 0px 0px 0px;\npadding:0px 0px 0px 0px;\n}\n<\/style>\n<div  class='flex_column av-5iuedg-090c210849b0fd49bfcbfdae3faa1667 av_three_fifth  avia-builder-el-1  el_before_av_two_fifth  avia-builder-el-first  first flex_column_table_cell av-equal-height-column av-align-middle av-zero-column-padding  '     ><p>\n<style type=\"text\/css\" data-created_by=\"avia_inline_auto\" id=\"style-css-av-av_heading-3e657f14347a328d4cc482ac67239395\">\n#top .av-special-heading.av-av_heading-3e657f14347a328d4cc482ac67239395{\npadding-bottom:10px;\ncolor:#09198e;\n}\nbody .av-special-heading.av-av_heading-3e657f14347a328d4cc482ac67239395 .av-special-heading-tag .heading-char{\nfont-size:25px;\n}\n.av-special-heading.av-av_heading-3e657f14347a328d4cc482ac67239395 .special-heading-inner-border{\nborder-color:#09198e;\n}\n.av-special-heading.av-av_heading-3e657f14347a328d4cc482ac67239395 .av-subheading{\nfont-size:15px;\n}\n<\/style>\n<div  class='av-special-heading av-av_heading-3e657f14347a328d4cc482ac67239395 av-special-heading-h5 custom-color-heading blockquote modern-quote  avia-builder-el-2  el_before_av_hr  avia-builder-el-first  av-linked-heading'><h5 class='av-special-heading-tag '  itemprop=\"headline\"  ><a class=\"av-heading-link\" href=\"https:\/\/www.placepourtoi.ca\/?page_id=2865\" >Return to activities for students<\/a><\/h5><div class=\"special-heading-border\"><div class=\"special-heading-inner-border\"><\/div><\/div><\/div><br \/>\n\n<style type=\"text\/css\" data-created_by=\"avia_inline_auto\" id=\"style-css-av-khc5uwbn-8209991be48d68882648ae5f8032ba34\">\n#top .hr.hr-invisible.av-khc5uwbn-8209991be48d68882648ae5f8032ba34{\nmargin-top:-50px;\nheight:1px;\n}\n<\/style>\n<div  class='hr av-khc5uwbn-8209991be48d68882648ae5f8032ba34 hr-invisible  avia-builder-el-3  el_after_av_heading  el_before_av_heading '><span class='hr-inner '><span class=\"hr-inner-style\"><\/span><\/span><\/div><br \/>\n\n<style type=\"text\/css\" data-created_by=\"avia_inline_auto\" id=\"style-css-av-av_heading-8305f6f9bcd4c2045fda8be1ff26a040\">\n#top .av-special-heading.av-av_heading-8305f6f9bcd4c2045fda8be1ff26a040{\npadding-bottom:10px;\ncolor:#09198e;\n}\nbody .av-special-heading.av-av_heading-8305f6f9bcd4c2045fda8be1ff26a040 .av-special-heading-tag .heading-char{\nfont-size:25px;\n}\n.av-special-heading.av-av_heading-8305f6f9bcd4c2045fda8be1ff26a040 .special-heading-inner-border{\nborder-color:#09198e;\n}\n.av-special-heading.av-av_heading-8305f6f9bcd4c2045fda8be1ff26a040 .av-subheading{\nfont-size:15px;\n}\n<\/style>\n<div  class='av-special-heading av-av_heading-8305f6f9bcd4c2045fda8be1ff26a040 av-special-heading-h2 custom-color-heading blockquote modern-quote  avia-builder-el-4  el_after_av_hr  el_before_av_textblock '><h2 class='av-special-heading-tag '  itemprop=\"headline\"  >OTHER REQUESTS<\/h2><div class=\"special-heading-border\"><div class=\"special-heading-inner-border\"><\/div><\/div><\/div><br \/>\n<section  class='av_textblock_section av-khv0ecpq-8904948bf2df69380d20f12996c68e05 '   itemscope=\"itemscope\" itemtype=\"https:\/\/schema.org\/CreativeWork\" ><div class='avia_textblock'  itemprop=\"text\" ><p>Would you like to request a different activity than the ones presented here?<\/p>\n<p>Let us know by filling out the form below.<\/p>\n<\/div><\/section><\/p><\/div><div class='av-flex-placeholder'><\/div>\n<style type=\"text\/css\" data-created_by=\"avia_inline_auto\" id=\"style-css-av-khaw2vhk-097f8475f8b3385f7559863baa0b4c58\">\n@keyframes av_boxShadowEffect_av-khaw2vhk-097f8475f8b3385f7559863baa0b4c58-column {\n0%   { box-shadow:  0 0 0 0 rgba(10,10,10,0.15); opacity: 1; }\n100% { box-shadow:  0 0 10px 0 rgba(10,10,10,0.15); opacity: 1; }\n}\n.flex_column.av-khaw2vhk-097f8475f8b3385f7559863baa0b4c58{\nbox-shadow: 0 0 10px 0 rgba(10,10,10,0.15);\nborder-radius:0 0 0 0;\npadding:3% 5% 3% 5%;\nbackground:url(https:\/\/www.placepourtoi.ca\/wp-content\/uploads\/2021\/10\/PPToi_ENCADRE_Carre-B-003.jpg) 50% 50% no-repeat scroll ;\n}\n<\/style>\n<div  class='flex_column av-khaw2vhk-097f8475f8b3385f7559863baa0b4c58 av_two_fifth  avia-builder-el-6  el_after_av_three_fifth  el_before_av_hr  flex_column_table_cell av-equal-height-column av-align-middle av-animated-generic right-to-left shadow-not-animated avia-full-stretch  '     ><p>\n<style type=\"text\/css\" data-created_by=\"avia_inline_auto\" id=\"style-css-av-av_heading-5ed558aa6eaad6a11f616d60b8337f83\">\n#top .av-special-heading.av-av_heading-5ed558aa6eaad6a11f616d60b8337f83{\npadding-bottom:10px;\ncolor:#ffffff;\n}\nbody .av-special-heading.av-av_heading-5ed558aa6eaad6a11f616d60b8337f83 .av-special-heading-tag .heading-char{\nfont-size:25px;\n}\n.av-special-heading.av-av_heading-5ed558aa6eaad6a11f616d60b8337f83 .special-heading-inner-border{\nborder-color:#ffffff;\n}\n.av-special-heading.av-av_heading-5ed558aa6eaad6a11f616d60b8337f83 .av-subheading{\nfont-size:15px;\n}\n<\/style>\n<div  class='av-special-heading av-av_heading-5ed558aa6eaad6a11f616d60b8337f83 av-special-heading-h3 custom-color-heading  avia-builder-el-7  el_before_av_hr  avia-builder-el-first '><h3 class='av-special-heading-tag '  itemprop=\"headline\"  >ARE YOU A TEACHER?<\/h3><div class=\"special-heading-border\"><div class=\"special-heading-inner-border\"><\/div><\/div><\/div><br \/>\n\n<style type=\"text\/css\" data-created_by=\"avia_inline_auto\" id=\"style-css-av-kurfa656-c0b74b9a0fdbc4608495cb9129e80fc6\">\n#top .hr.hr-invisible.av-kurfa656-c0b74b9a0fdbc4608495cb9129e80fc6{\nheight:10px;\n}\n<\/style>\n<div  class='hr av-kurfa656-c0b74b9a0fdbc4608495cb9129e80fc6 hr-invisible  avia-builder-el-8  el_after_av_heading  el_before_av_textblock '><span class='hr-inner '><span class=\"hr-inner-style\"><\/span><\/span><\/div><br \/>\n\n<style type=\"text\/css\" data-created_by=\"avia_inline_auto\" id=\"style-css-av-kurf5c2e-5aa96a980a0ec1b9a10787b29a1f11ee\">\n#top .av_textblock_section.av-kurf5c2e-5aa96a980a0ec1b9a10787b29a1f11ee .avia_textblock{\nfont-size:18px;\ncolor:#ffffff;\n}\n<\/style>\n<section  class='av_textblock_section av-kurf5c2e-5aa96a980a0ec1b9a10787b29a1f11ee '   itemscope=\"itemscope\" itemtype=\"https:\/\/schema.org\/CreativeWork\" ><div class='avia_textblock av_inherit_color'  itemprop=\"text\" ><p>Several turnkey activities are offered to introduce your students to engineering.<\/p>\n<\/div><\/section><br \/>\n\n<style type=\"text\/css\" data-created_by=\"avia_inline_auto\" id=\"style-css-av-kurfa656-c0b74b9a0fdbc4608495cb9129e80fc6\">\n#top .hr.hr-invisible.av-kurfa656-c0b74b9a0fdbc4608495cb9129e80fc6{\nheight:10px;\n}\n<\/style>\n<div  class='hr av-kurfa656-c0b74b9a0fdbc4608495cb9129e80fc6 hr-invisible  avia-builder-el-10  el_after_av_textblock  el_before_av_button '><span class='hr-inner '><span class=\"hr-inner-style\"><\/span><\/span><\/div><br \/>\n<div  class='avia-button-wrap av-khaw2a0n-660d50df49742557ea065d570b224011-wrap avia-button-left  avia-builder-el-11  el_after_av_hr  avia-builder-el-last  light-blue-btn'>\n<style type=\"text\/css\" data-created_by=\"avia_inline_auto\" id=\"style-css-av-khaw2a0n-660d50df49742557ea065d570b224011\">\n#top #wrap_all .avia-button.av-khaw2a0n-660d50df49742557ea065d570b224011{\ncolor:#3ccbbb;\ntransition:all 0.4s ease-in-out;\n}\n#top #wrap_all .avia-button.av-khaw2a0n-660d50df49742557ea065d570b224011:hover{\ncolor:#ffffff;\ntransition:all 0.4s ease-in-out;\n}\n#top #wrap_all .avia-button.av-khaw2a0n-660d50df49742557ea065d570b224011 .avia-svg-icon svg:first-child{\nfill:#3ccbbb;\nstroke:#3ccbbb;\n}\n#top #wrap_all .avia-button.av-khaw2a0n-660d50df49742557ea065d570b224011:hover .avia-svg-icon svg:first-child{\nfill:#ffffff;\nstroke:#ffffff;\n}\n<\/style>\n<a href='https:\/\/www.placepourtoi.ca\/en\/educators\/'  class='avia-button av-khaw2a0n-660d50df49742557ea065d570b224011 av-link-btn avia-icon_select-no avia-size-medium avia-position-left avia-color-light'   aria-label=\"Find out more \"><span class='avia_iconbox_title' >Find out more <\/span><span class='avia_button_background avia-button avia-color-light' ><\/span><\/a><\/div><\/p><\/div><\/div><!--close column table wrapper. Autoclose: 1 -->\n<style type=\"text\/css\" data-created_by=\"avia_inline_auto\" id=\"style-css-av-khc5uwbn-c5c26971ebc0d72d0c4fa9a7b828534f\">\n#top .hr.hr-invisible.av-khc5uwbn-c5c26971ebc0d72d0c4fa9a7b828534f{\nheight:20px;\n}\n<\/style>\n<div  class='hr av-khc5uwbn-c5c26971ebc0d72d0c4fa9a7b828534f hr-invisible  avia-builder-el-12  el_after_av_two_fifth  el_before_av_one_full '><span class='hr-inner '><span class=\"hr-inner-style\"><\/span><\/span><\/div>\n\n<style type=\"text\/css\" data-created_by=\"avia_inline_auto\" id=\"style-css-av-2y5ums-bea85c334a3819c573159706acffb7a3\">\n.flex_column.av-2y5ums-bea85c334a3819c573159706acffb7a3{\nborder-width:2px;\nborder-color:#3ccbbb;\nborder-style:solid;\nborder-radius:0px 0px 0px 0px;\npadding:5% 5% 5% 5%;\n}\n<\/style>\n<div  class='flex_column av-2y5ums-bea85c334a3819c573159706acffb7a3 av_one_full  avia-builder-el-13  el_after_av_hr  el_before_av_hr  first flex_column_div  '     ><p>\n<style type=\"text\/css\" data-created_by=\"avia_inline_auto\" id=\"style-css-av-khc5k53o-d7dd59c075cac3113e8c0463cfbde286\">\n#top .hr.hr-invisible.av-khc5k53o-d7dd59c075cac3113e8c0463cfbde286{\nmargin-top:-50px;\nheight:1px;\n}\n<\/style>\n<div  class='hr av-khc5k53o-d7dd59c075cac3113e8c0463cfbde286 hr-invisible  avia-builder-el-14  el_before_av_heading  avia-builder-el-first '><span class='hr-inner '><span class=\"hr-inner-style\"><\/span><\/span><\/div><br \/>\n\n<style type=\"text\/css\" data-created_by=\"avia_inline_auto\" id=\"style-css-av-av_heading-0193b216e61b023caac9b490ed71619f\">\n#top .av-special-heading.av-av_heading-0193b216e61b023caac9b490ed71619f{\npadding-bottom:10px;\ncolor:#3ccbbb;\n}\nbody .av-special-heading.av-av_heading-0193b216e61b023caac9b490ed71619f .av-special-heading-tag .heading-char{\nfont-size:25px;\n}\n.av-special-heading.av-av_heading-0193b216e61b023caac9b490ed71619f .special-heading-inner-border{\nborder-color:#3ccbbb;\n}\n.av-special-heading.av-av_heading-0193b216e61b023caac9b490ed71619f .av-subheading{\nfont-size:15px;\n}\n<\/style>\n<div  class='av-special-heading av-av_heading-0193b216e61b023caac9b490ed71619f av-special-heading-h3 custom-color-heading  avia-builder-el-15  el_after_av_hr  el_before_av_hr '><h3 class='av-special-heading-tag '  itemprop=\"headline\"  >SUBMIT YOUR REQUEST<\/h3><div class=\"special-heading-border\"><div class=\"special-heading-inner-border\"><\/div><\/div><\/div><br \/>\n\n<style type=\"text\/css\" data-created_by=\"avia_inline_auto\" id=\"style-css-av-khc5k53o-e2cfd4ef14fd819d89d7fedfb6822bc0\">\n#top .hr.hr-invisible.av-khc5k53o-e2cfd4ef14fd819d89d7fedfb6822bc0{\nheight:25px;\n}\n<\/style>\n<div  class='hr av-khc5k53o-e2cfd4ef14fd819d89d7fedfb6822bc0 hr-invisible  avia-builder-el-16  el_after_av_heading  el_before_av_codeblock '><span class='hr-inner '><span class=\"hr-inner-style\"><\/span><\/span><\/div><br \/>\n<\/p><\/div>\n<style type=\"text\/css\" data-created_by=\"avia_inline_auto\" id=\"style-css-av-khv11ksp-88933800115f621947d7bcc67d95a510\">\n#top .hr.hr-invisible.av-khv11ksp-88933800115f621947d7bcc67d95a510{\nheight:25px;\n}\n<\/style>\n<div  class='hr av-khv11ksp-88933800115f621947d7bcc67d95a510 hr-invisible  avia-builder-el-18  el_after_av_one_full  el_before_av_button '><span class='hr-inner '><span class=\"hr-inner-style\"><\/span><\/span><\/div>\n<div  class='avia-button-wrap av-khc7n70a-4a251d269d1debfaafaef1bc6adbcd2d-wrap avia-button-center  avia-builder-el-19  el_after_av_hr  avia-builder-el-last  dark-blue-btn'>\n<style type=\"text\/css\" data-created_by=\"avia_inline_auto\" id=\"style-css-av-khc7n70a-4a251d269d1debfaafaef1bc6adbcd2d\">\n#top #wrap_all .avia-button.av-khc7n70a-4a251d269d1debfaafaef1bc6adbcd2d{\ncolor:#342c8b;\ntransition:all 0.4s ease-in-out;\n}\n#top #wrap_all .avia-button.av-khc7n70a-4a251d269d1debfaafaef1bc6adbcd2d:hover{\ncolor:#ffffff;\ntransition:all 0.4s ease-in-out;\n}\n#top #wrap_all .avia-button.av-khc7n70a-4a251d269d1debfaafaef1bc6adbcd2d .avia-svg-icon svg:first-child{\nfill:#342c8b;\nstroke:#342c8b;\n}\n#top #wrap_all .avia-button.av-khc7n70a-4a251d269d1debfaafaef1bc6adbcd2d:hover .avia-svg-icon svg:first-child{\nfill:#ffffff;\nstroke:#ffffff;\n}\n<\/style>\n<a href='https:\/\/www.placepourtoi.ca\/en\/?page_id=3128'  class='avia-button av-khc7n70a-4a251d269d1debfaafaef1bc6adbcd2d av-link-btn avia-icon_select-no avia-size-large avia-position-center avia-color-light'   aria-label=\"Return to the list of activities\"><span class='avia_iconbox_title' >Return to the list of activities<\/span><span class='avia_button_background avia-button avia-color-light' ><\/span><\/a><\/div>\n\n","protected":false},"excerpt":{"rendered":"","protected":false},"author":1,"featured_media":0,"parent":0,"menu_order":0,"comment_status":"closed","ping_status":"closed","template":"","meta":{"footnotes":""},"class_list":["post-3150","page","type-page","status-publish","hentry"],"yoast_head":"<!-- This site is optimized with the Yoast SEO plugin v27.5 - https:\/\/yoast.com\/product\/yoast-seo-wordpress\/ -->\n<title>Register an other request - Il y a une place pour toi... en ing\u00e9nierie!<\/title>\n<meta name=\"description\" content=\"Fille ou gar\u00e7on, le g\u00e9nie est un domaine excitant qui t\u2019offre des possibilit\u00e9s d\u2019avenir infinies, visite ce site pour en savoir plus.\" \/>\n<meta name=\"robots\" content=\"index, follow, max-snippet:-1, max-image-preview:large, max-video-preview:-1\" \/>\n<link rel=\"canonical\" href=\"https:\/\/www.placepourtoi.ca\/en\/register-an-other-request\/\" \/>\n<meta property=\"og:locale\" content=\"en_US\" \/>\n<meta property=\"og:type\" content=\"article\" \/>\n<meta property=\"og:title\" content=\"Register an other request - Il y a une place pour toi... en ing\u00e9nierie!\" \/>\n<meta property=\"og:description\" content=\"Fille ou gar\u00e7on, le g\u00e9nie est un domaine excitant qui t\u2019offre des possibilit\u00e9s d\u2019avenir infinies, visite ce site pour en savoir plus.\" \/>\n<meta property=\"og:url\" content=\"https:\/\/www.placepourtoi.ca\/en\/register-an-other-request\/\" \/>\n<meta property=\"og:site_name\" content=\"Il y a une place pour toi... en ing\u00e9nierie!\" \/>\n<meta property=\"article:publisher\" content=\"https:\/\/www.facebook.com\/placepourtoi\/\" \/>\n<meta property=\"article:modified_time\" content=\"2021-10-15T14:12:55+00:00\" \/>\n<meta property=\"og:image\" content=\"https:\/\/www.placepourtoi.ca\/wp-content\/uploads\/2021\/08\/Visuel_PlacePourToi_Sharing.jpg\" \/>\n\t<meta property=\"og:image:width\" content=\"1200\" \/>\n\t<meta property=\"og:image:height\" content=\"630\" \/>\n\t<meta property=\"og:image:type\" content=\"image\/jpeg\" \/>\n<meta name=\"twitter:card\" content=\"summary_large_image\" \/>\n<meta name=\"twitter:label1\" content=\"Est. reading time\" \/>\n\t<meta name=\"twitter:data1\" content=\"3 minutes\" \/>\n<script type=\"application\/ld+json\" class=\"yoast-schema-graph\">{\"@context\":\"https:\\\/\\\/schema.org\",\"@graph\":[{\"@type\":\"WebPage\",\"@id\":\"https:\\\/\\\/www.placepourtoi.ca\\\/en\\\/register-an-other-request\\\/\",\"url\":\"https:\\\/\\\/www.placepourtoi.ca\\\/en\\\/register-an-other-request\\\/\",\"name\":\"Register an other request - Il y a une place pour toi... en ing\u00e9nierie!\",\"isPartOf\":{\"@id\":\"https:\\\/\\\/www.placepourtoi.ca\\\/en\\\/#website\"},\"datePublished\":\"2020-12-15T16:43:21+00:00\",\"dateModified\":\"2021-10-15T14:12:55+00:00\",\"description\":\"Fille ou gar\u00e7on, le g\u00e9nie est un domaine excitant qui t\u2019offre des possibilit\u00e9s d\u2019avenir infinies, visite ce site pour en savoir plus.\",\"breadcrumb\":{\"@id\":\"https:\\\/\\\/www.placepourtoi.ca\\\/en\\\/register-an-other-request\\\/#breadcrumb\"},\"inLanguage\":\"en-US\",\"potentialAction\":[{\"@type\":\"ReadAction\",\"target\":[\"https:\\\/\\\/www.placepourtoi.ca\\\/en\\\/register-an-other-request\\\/\"]}]},{\"@type\":\"BreadcrumbList\",\"@id\":\"https:\\\/\\\/www.placepourtoi.ca\\\/en\\\/register-an-other-request\\\/#breadcrumb\",\"itemListElement\":[{\"@type\":\"ListItem\",\"position\":1,\"name\":\"Home\",\"item\":\"https:\\\/\\\/www.placepourtoi.ca\\\/en\\\/\"},{\"@type\":\"ListItem\",\"position\":2,\"name\":\"Register an other request\"}]},{\"@type\":\"WebSite\",\"@id\":\"https:\\\/\\\/www.placepourtoi.ca\\\/en\\\/#website\",\"url\":\"https:\\\/\\\/www.placepourtoi.ca\\\/en\\\/\",\"name\":\"Il y a une place pour toi... en ing\u00e9nierie!\",\"description\":\"Ose, t&#039;as du g\u00e9nie\",\"publisher\":{\"@id\":\"https:\\\/\\\/www.placepourtoi.ca\\\/en\\\/#organization\"},\"potentialAction\":[{\"@type\":\"SearchAction\",\"target\":{\"@type\":\"EntryPoint\",\"urlTemplate\":\"https:\\\/\\\/www.placepourtoi.ca\\\/en\\\/?s={search_term_string}\"},\"query-input\":{\"@type\":\"PropertyValueSpecification\",\"valueRequired\":true,\"valueName\":\"search_term_string\"}}],\"inLanguage\":\"en-US\"},{\"@type\":\"Organization\",\"@id\":\"https:\\\/\\\/www.placepourtoi.ca\\\/en\\\/#organization\",\"name\":\"Ordre des ing\u00e9nieurs du Qu\u00e9bec\",\"url\":\"https:\\\/\\\/www.placepourtoi.ca\\\/en\\\/\",\"logo\":{\"@type\":\"ImageObject\",\"inLanguage\":\"en-US\",\"@id\":\"https:\\\/\\\/www.placepourtoi.ca\\\/en\\\/#\\\/schema\\\/logo\\\/image\\\/\",\"url\":\"https:\\\/\\\/www.placepourtoi.ca\\\/wp-content\\\/uploads\\\/2020\\\/11\\\/logo-ing-bleu.png\",\"contentUrl\":\"https:\\\/\\\/www.placepourtoi.ca\\\/wp-content\\\/uploads\\\/2020\\\/11\\\/logo-ing-bleu.png\",\"width\":492,\"height\":164,\"caption\":\"Ordre des ing\u00e9nieurs du Qu\u00e9bec\"},\"image\":{\"@id\":\"https:\\\/\\\/www.placepourtoi.ca\\\/en\\\/#\\\/schema\\\/logo\\\/image\\\/\"},\"sameAs\":[\"https:\\\/\\\/www.facebook.com\\\/placepourtoi\\\/\",\"https:\\\/\\\/www.instagram.com\\\/placepourtoi\\\/\",\"https:\\\/\\\/www.youtube.com\\\/channel\\\/UCeKEMeJSn6yu5VhswfNTUcw\"]}]}<\/script>\n<!-- \/ Yoast SEO plugin. -->","yoast_head_json":{"title":"Register an other request - Il y a une place pour toi... en ing\u00e9nierie!","description":"Fille ou gar\u00e7on, le g\u00e9nie est un domaine excitant qui t\u2019offre des possibilit\u00e9s d\u2019avenir infinies, visite ce site pour en savoir plus.","robots":{"index":"index","follow":"follow","max-snippet":"max-snippet:-1","max-image-preview":"max-image-preview:large","max-video-preview":"max-video-preview:-1"},"canonical":"https:\/\/www.placepourtoi.ca\/en\/register-an-other-request\/","og_locale":"en_US","og_type":"article","og_title":"Register an other request - Il y a une place pour toi... en ing\u00e9nierie!","og_description":"Fille ou gar\u00e7on, le g\u00e9nie est un domaine excitant qui t\u2019offre des possibilit\u00e9s d\u2019avenir infinies, visite ce site pour en savoir plus.","og_url":"https:\/\/www.placepourtoi.ca\/en\/register-an-other-request\/","og_site_name":"Il y a une place pour toi... en ing\u00e9nierie!","article_publisher":"https:\/\/www.facebook.com\/placepourtoi\/","article_modified_time":"2021-10-15T14:12:55+00:00","og_image":[{"width":1200,"height":630,"url":"https:\/\/www.placepourtoi.ca\/wp-content\/uploads\/2021\/08\/Visuel_PlacePourToi_Sharing.jpg","type":"image\/jpeg"}],"twitter_card":"summary_large_image","twitter_misc":{"Est. reading time":"3 minutes"},"schema":{"@context":"https:\/\/schema.org","@graph":[{"@type":"WebPage","@id":"https:\/\/www.placepourtoi.ca\/en\/register-an-other-request\/","url":"https:\/\/www.placepourtoi.ca\/en\/register-an-other-request\/","name":"Register an other request - Il y a une place pour toi... en ing\u00e9nierie!","isPartOf":{"@id":"https:\/\/www.placepourtoi.ca\/en\/#website"},"datePublished":"2020-12-15T16:43:21+00:00","dateModified":"2021-10-15T14:12:55+00:00","description":"Fille ou gar\u00e7on, le g\u00e9nie est un domaine excitant qui t\u2019offre des possibilit\u00e9s d\u2019avenir infinies, visite ce site pour en savoir plus.","breadcrumb":{"@id":"https:\/\/www.placepourtoi.ca\/en\/register-an-other-request\/#breadcrumb"},"inLanguage":"en-US","potentialAction":[{"@type":"ReadAction","target":["https:\/\/www.placepourtoi.ca\/en\/register-an-other-request\/"]}]},{"@type":"BreadcrumbList","@id":"https:\/\/www.placepourtoi.ca\/en\/register-an-other-request\/#breadcrumb","itemListElement":[{"@type":"ListItem","position":1,"name":"Home","item":"https:\/\/www.placepourtoi.ca\/en\/"},{"@type":"ListItem","position":2,"name":"Register an other request"}]},{"@type":"WebSite","@id":"https:\/\/www.placepourtoi.ca\/en\/#website","url":"https:\/\/www.placepourtoi.ca\/en\/","name":"Il y a une place pour toi... en ing\u00e9nierie!","description":"Ose, t&#039;as du g\u00e9nie","publisher":{"@id":"https:\/\/www.placepourtoi.ca\/en\/#organization"},"potentialAction":[{"@type":"SearchAction","target":{"@type":"EntryPoint","urlTemplate":"https:\/\/www.placepourtoi.ca\/en\/?s={search_term_string}"},"query-input":{"@type":"PropertyValueSpecification","valueRequired":true,"valueName":"search_term_string"}}],"inLanguage":"en-US"},{"@type":"Organization","@id":"https:\/\/www.placepourtoi.ca\/en\/#organization","name":"Ordre des ing\u00e9nieurs du Qu\u00e9bec","url":"https:\/\/www.placepourtoi.ca\/en\/","logo":{"@type":"ImageObject","inLanguage":"en-US","@id":"https:\/\/www.placepourtoi.ca\/en\/#\/schema\/logo\/image\/","url":"https:\/\/www.placepourtoi.ca\/wp-content\/uploads\/2020\/11\/logo-ing-bleu.png","contentUrl":"https:\/\/www.placepourtoi.ca\/wp-content\/uploads\/2020\/11\/logo-ing-bleu.png","width":492,"height":164,"caption":"Ordre des ing\u00e9nieurs du Qu\u00e9bec"},"image":{"@id":"https:\/\/www.placepourtoi.ca\/en\/#\/schema\/logo\/image\/"},"sameAs":["https:\/\/www.facebook.com\/placepourtoi\/","https:\/\/www.instagram.com\/placepourtoi\/","https:\/\/www.youtube.com\/channel\/UCeKEMeJSn6yu5VhswfNTUcw"]}]}},"_links":{"self":[{"href":"https:\/\/www.placepourtoi.ca\/en\/wp-json\/wp\/v2\/pages\/3150","targetHints":{"allow":["GET"]}}],"collection":[{"href":"https:\/\/www.placepourtoi.ca\/en\/wp-json\/wp\/v2\/pages"}],"about":[{"href":"https:\/\/www.placepourtoi.ca\/en\/wp-json\/wp\/v2\/types\/page"}],"author":[{"embeddable":true,"href":"https:\/\/www.placepourtoi.ca\/en\/wp-json\/wp\/v2\/users\/1"}],"replies":[{"embeddable":true,"href":"https:\/\/www.placepourtoi.ca\/en\/wp-json\/wp\/v2\/comments?post=3150"}],"version-history":[{"count":0,"href":"https:\/\/www.placepourtoi.ca\/en\/wp-json\/wp\/v2\/pages\/3150\/revisions"}],"wp:attachment":[{"href":"https:\/\/www.placepourtoi.ca\/en\/wp-json\/wp\/v2\/media?parent=3150"}],"curies":[{"name":"wp","href":"https:\/\/api.w.org\/{rel}","templated":true}]}}