{"id":5800,"date":"2022-06-10T10:08:57","date_gmt":"2022-06-10T14:08:57","guid":{"rendered":"https:\/\/www.placepourtoi.ca\/?page_id=5800"},"modified":"2022-06-10T10:08:59","modified_gmt":"2022-06-10T14:08:59","slug":"conditions-generales-et-vie-privee-en","status":"publish","type":"page","link":"https:\/\/www.placepourtoi.ca\/en\/conditions-generales-et-vie-privee-en\/","title":{"rendered":"Conditions g\u00e9n\u00e9rales et vie priv\u00e9e"},"content":{"rendered":"<section  class='av_textblock_section av-l48itsgn-a910cbd3416aa279dd57896e313f5f6b '   itemscope=\"itemscope\" itemtype=\"https:\/\/schema.org\/CreativeWork\" ><div class='avia_textblock'  itemprop=\"text\" ><hr \/>\n<p style=\"text-align: center;\"><strong>Im<mark class=\"has-inline-color has-col-eeeeee-color\" style=\"background-color: rgba(0, 0, 0, 0);\">portant message: please note that this page is only available in French.<\/mark><\/strong><\/p>\n<hr \/>\n<h2>D\u00e9claration de confidentialit\u00e9 et conditions d\u2019utilisation<\/h2>\n<p><br class=\"avia-permanent-lb\" \/><\/p>\n<h3>I \u2013 R\u00e8gles d\u2019usage<\/h3>\n<p>L\u2019Ordre des ing\u00e9nieurs du Qu\u00e9bec (ci-apr\u00e8s \u00ab l\u2019Ordre \u00bb) poss\u00e8de et exploite un site web \u00e0 l\u2019adresse www.oiq.qc.ca (ci-apr\u00e8s le \u00ab site \u00bb). Sont aussi consid\u00e9r\u00e9es comme le site toutes les adresses dont le nom de domaine principal est \u00ab oiq.qc.ca \u00bb (p. ex. formationcontinue.oiq.qc.ca, gpp.oiq.qc.ca, emplois.oiq.qc.ca, guidedufuturingenieur.oiq.qc.ca, etc.), ainsi que les adresses suivantes : bulletinsoiq.qc.ca, www.placepourtoi.ca, www.oiq.org\/formationpfe.<\/p>\n<p>Sauf pr\u00e9cision sur le site, celui-ci est accessible \u00e0 tous les utilisateurs et \u00e0 toutes les utilisatrices (ci-apr\u00e8s, l\u2019\u00ab utilisateur \u00bb). En explorant ce site, vous acceptez les conditions qui suivent. En cas de refus d\u2019adh\u00e9rer aux conditions, veuillez ne pas consulter ce site.<\/p>\n<p>L\u2019Ordre peut modifier les informations ci-apr\u00e8s par une simple mise \u00e0 jour de cette page Web du site.<\/p>\n<h3>II \u2013 Limitation de responsabilit\u00e9<\/h3>\n<p>Les textes, opinions, avis, renseignements et informations exprim\u00e9s ou rendus disponibles sur le site ou par hyperliens n\u2019engagent que la responsabilit\u00e9 de leurs auteurs et non celle de l\u2019Ordre. Ceci inclut l\u2019information disponible dans les sections des 15 Sections r\u00e9gionales. Le contenu et les hyperliens du site sont diffus\u00e9s \u00e0 des fins \u00e9ducatives et informatives. L\u2019utilisateur ne doit pas les interpr\u00e9ter comme \u00e9tant des conseils d\u2019experts en aucune mati\u00e8re. Les informations, documents et images sur le site sont offerts \u00ab tels quels \u00bb en date de la mise \u00e0 jour affich\u00e9e sur la page consult\u00e9e. L\u2019Ordre ne peut \u00eatre tenu responsable de la v\u00e9racit\u00e9 du contenu des publicit\u00e9s sur le site.<\/p>\n<p>L\u2019Ordre ne garantit pas un acc\u00e8s sans interruption au site, au contenu des hyperliens et aux liens par courriels offerts sur le site. L\u2019Ordre se r\u00e9serve le droit de modifier le site sans aucun pr\u00e9avis. L\u2019Ordre a pour objectif de maintenir le site \u00e0 jour, mais il ne s\u2019engage pas \u00e0 faire une mise \u00e0 jour continuelle. Le site peut contenir des inexactitudes ou des fautes de frappe. L\u2019Ordre d\u00e9cline toute responsabilit\u00e9 pour les erreurs ou les omissions relev\u00e9es sur ses sites ainsi que pour les cons\u00e9quences, de quelques nature qu\u2019elles soient, li\u00e9es \u00e0 son utilisation. Advenant le cas qu\u2019un utilisateur trouve une erreur ou une omission sur le site, il est pri\u00e9 d\u2019en aviser l\u2019administrateur du site.<\/p>\n<p>Les sites de l\u2019Ordre peuvent contenir des liens vers des sites web externes, ces liens sont fournis \u00e0 titre de r\u00e9f\u00e9rence uniquement. Ces liens ne constituent pas un endossement, un soutien, ou une adh\u00e9sion de l\u2019Ordre aux soci\u00e9t\u00e9s ou organismes qui publient ces sites. L\u2019Ordre ne peut \u00eatre responsable du contenu d\u2019autres sites et ne fait aucune repr\u00e9sentation ou ne se porte aucunement garant concernant d\u2019autres sites web, leur contenu ou le mat\u00e9riel disponible sur ceux-ci.<\/p>\n<p>Le site web de la Fondation de l\u2019Ordre des ing\u00e9nieurs du Qu\u00e9bec (foiq.qc.ca) est totalement ind\u00e9pendant de l\u2019Ordre et les contenus de son site sont sous sa responsabilit\u00e9 propre.<\/p>\n<p><strong>HYPERLIENS VERS LE SITE DE L\u2019ORDRE DES ING\u00c9NIEURS DU QU\u00c9BEC<\/strong><\/p>\n<p>L\u2019Ordre autorise l\u2019utilisation d\u2019hyperliens vers son site Internet tant que le contenu et la nature du site de r\u00e9f\u00e9rence ne portent pas pr\u00e9judice \u00e0 l\u2019Ordre.<\/p>\n<h3>III \u2013 Droits d\u2019auteur<\/h3>\n<p>La forme et le contenu du site sont prot\u00e9g\u00e9s par les droits d\u2019auteur et par toutes les lois sur la propri\u00e9t\u00e9 intellectuelle applicables. L\u2019ensemble des renseignements et des documents accessibles sur le site est la propri\u00e9t\u00e9 exclusive de l\u2019Ordre. Le nom oiq.qc.ca (et tous ses sous-domaines comme emplois.oiq.qc.ca, formation.oiq.qc.ca, etc.), placepourtoi.ca ainsi que le logo de l\u2019Ordre sont la propri\u00e9t\u00e9 de l\u2019Ordre.<\/p>\n<p>Il est interdit \u00e0 l\u2019utilisateur de reproduire pour diffusion, par quelque moyen que ce soit, les textes, codes informatiques, opinions, avis, vid\u00e9os, images, modules de formation, fichiers et renseignements contenus, exprim\u00e9s ou rendus disponibles sur le site. La reproduction pour diffusion peut toutefois faire l\u2019objet d\u2019une demande \u00e9crite \u00e0 l\u2019Ordre. Une fois l\u2019approbation obtenue, l\u2019utilisateur doit obligatoirement suivre les instructions de l\u2019Ordre \u00e0 ce sujet.<\/p>\n<p>Il est strictement interdit \u00e0 l\u2019utilisateur de vendre ou de modifier, \u00e0 des fins publiques ou commerciales, les textes, opinions, avis, vid\u00e9os, images, modules de formation et renseignements contenus, exprim\u00e9s ou rendus disponibles sur le site.<\/p>\n<h3>IV \u2013 S\u00e9curit\u00e9 et confidentialit\u00e9<\/h3>\n<p>L\u2019Ordre poss\u00e8de un syst\u00e8me de protection encadrant ses communications \u00e9lectroniques et informatiques. Toutefois, l\u2019Ordre n\u2019est aucunement responsable de la transmission \u00e9ventuelle de virus informatiques de quelconque fa\u00e7on. L\u2019exploration du site ou le t\u00e9l\u00e9chargement de documents et images provenant du site sont enti\u00e8rement au risque de l\u2019utilisateur.<\/p>\n<p>Bien que l\u2019Ordre prenne les mesures n\u00e9cessaires pour assurer la s\u00e9curit\u00e9 du site, celui-ci n\u2019est pas responsable de quelque dommage caus\u00e9 \u00e0 l\u2019utilisateur ou \u00e0 un tiers par l\u2019utilisation de ce site.<\/p>\n<p><strong>FICHIERS T\u00c9MOINS<\/strong><\/p>\n<p>Le fichier t\u00e9moin est un petit fichier texte sauvegard\u00e9 sur le disque dur de l\u2019ordinateur de l\u2019utilisateur. Ce fichier est inoffensif. Voici les utilisations de fichiers t\u00e9moins sur le site.<\/p>\n<p>Les donn\u00e9es restent compl\u00e8tement anonymes et n\u2019ont pour but que d\u2019am\u00e9liorer le site de l\u2019Ordre en fonctions des besoins de ses visiteurs.<\/p>\n<p><strong>PAIEMENT \u00c9LECTRONIQUE<\/strong><\/p>\n<p>Dans le cadre de toute transaction de paiement \u00e9lectronique sur les sites transactionnels de l\u2019Ordre, aucune information personnelle en lien avec le paiement n\u2019est enregistr\u00e9e ou sauvegard\u00e9e par l\u2019Ordre.<\/p>\n<h3>V \u2013 Juridiction<\/h3>\n<p>Ces conditions d\u2019utilisation sont r\u00e9gies et interpr\u00e9t\u00e9es en fonction des lois qu\u00e9b\u00e9coises et canadiennes. Tout litige r\u00e9sultant de la pr\u00e9sente entente doit \u00eatre port\u00e9 devant le tribunal du district judiciaire du si\u00e8ge social de l\u2019Ordre, \u00e0 savoir : Montr\u00e9al.<\/p>\n<p>Pour tout commentaire ou information concernant la pr\u00e9sente ou l\u2019utilisation du site web, veuillez contacter &#99;&#x6f;&#109;&#x6d;&#117;&#x40;&#111;&#x69;&#113;&#x2e;&#113;&#x63;&#46;&#x63;a.<\/p>\n<\/div><\/section>\n","protected":false},"excerpt":{"rendered":"","protected":false},"author":8,"featured_media":0,"parent":0,"menu_order":0,"comment_status":"closed","ping_status":"closed","template":"","meta":{"footnotes":""},"class_list":["post-5800","page","type-page","status-publish","hentry"],"yoast_head":"<!-- This site is optimized with the Yoast SEO plugin v27.5 - https:\/\/yoast.com\/product\/yoast-seo-wordpress\/ -->\n<title>Conditions g\u00e9n\u00e9rales et vie priv\u00e9e - Il y a une place pour toi... en ing\u00e9nierie!<\/title>\n<meta name=\"description\" content=\"Fille ou gar\u00e7on, le g\u00e9nie est un domaine excitant qui t\u2019offre des possibilit\u00e9s d\u2019avenir infinies, visite ce site pour en savoir plus.\" \/>\n<meta name=\"robots\" content=\"index, follow, max-snippet:-1, max-image-preview:large, max-video-preview:-1\" \/>\n<link rel=\"canonical\" href=\"https:\/\/www.placepourtoi.ca\/en\/conditions-generales-et-vie-privee-en\/\" \/>\n<meta property=\"og:locale\" content=\"en_US\" \/>\n<meta property=\"og:type\" content=\"article\" \/>\n<meta property=\"og:title\" content=\"Conditions g\u00e9n\u00e9rales et vie priv\u00e9e - Il y a une place pour toi... en ing\u00e9nierie!\" \/>\n<meta property=\"og:description\" content=\"Fille ou gar\u00e7on, le g\u00e9nie est un domaine excitant qui t\u2019offre des possibilit\u00e9s d\u2019avenir infinies, visite ce site pour en savoir plus.\" \/>\n<meta property=\"og:url\" content=\"https:\/\/www.placepourtoi.ca\/en\/conditions-generales-et-vie-privee-en\/\" \/>\n<meta property=\"og:site_name\" content=\"Il y a une place pour toi... en ing\u00e9nierie!\" \/>\n<meta property=\"article:publisher\" content=\"https:\/\/www.facebook.com\/placepourtoi\/\" \/>\n<meta property=\"article:modified_time\" content=\"2022-06-10T14:08:59+00:00\" \/>\n<meta property=\"og:image\" content=\"https:\/\/www.placepourtoi.ca\/wp-content\/uploads\/2021\/08\/Visuel_PlacePourToi_Sharing.jpg\" \/>\n\t<meta property=\"og:image:width\" content=\"1200\" \/>\n\t<meta property=\"og:image:height\" content=\"630\" \/>\n\t<meta property=\"og:image:type\" content=\"image\/jpeg\" \/>\n<meta name=\"twitter:card\" content=\"summary_large_image\" \/>\n<meta name=\"twitter:label1\" content=\"Est. reading time\" \/>\n\t<meta name=\"twitter:data1\" content=\"5 minutes\" \/>\n<script type=\"application\/ld+json\" class=\"yoast-schema-graph\">{\"@context\":\"https:\\\/\\\/schema.org\",\"@graph\":[{\"@type\":\"WebPage\",\"@id\":\"https:\\\/\\\/www.placepourtoi.ca\\\/en\\\/conditions-generales-et-vie-privee-en\\\/\",\"url\":\"https:\\\/\\\/www.placepourtoi.ca\\\/en\\\/conditions-generales-et-vie-privee-en\\\/\",\"name\":\"Conditions g\u00e9n\u00e9rales et vie priv\u00e9e - Il y a une place pour toi... en ing\u00e9nierie!\",\"isPartOf\":{\"@id\":\"https:\\\/\\\/www.placepourtoi.ca\\\/en\\\/#website\"},\"datePublished\":\"2022-06-10T14:08:57+00:00\",\"dateModified\":\"2022-06-10T14:08:59+00:00\",\"description\":\"Fille ou gar\u00e7on, le g\u00e9nie est un domaine excitant qui t\u2019offre des possibilit\u00e9s d\u2019avenir infinies, visite ce site pour en savoir plus.\",\"breadcrumb\":{\"@id\":\"https:\\\/\\\/www.placepourtoi.ca\\\/en\\\/conditions-generales-et-vie-privee-en\\\/#breadcrumb\"},\"inLanguage\":\"en-US\",\"potentialAction\":[{\"@type\":\"ReadAction\",\"target\":[\"https:\\\/\\\/www.placepourtoi.ca\\\/en\\\/conditions-generales-et-vie-privee-en\\\/\"]}]},{\"@type\":\"BreadcrumbList\",\"@id\":\"https:\\\/\\\/www.placepourtoi.ca\\\/en\\\/conditions-generales-et-vie-privee-en\\\/#breadcrumb\",\"itemListElement\":[{\"@type\":\"ListItem\",\"position\":1,\"name\":\"Home\",\"item\":\"https:\\\/\\\/www.placepourtoi.ca\\\/en\\\/\"},{\"@type\":\"ListItem\",\"position\":2,\"name\":\"Conditions g\u00e9n\u00e9rales et vie priv\u00e9e\"}]},{\"@type\":\"WebSite\",\"@id\":\"https:\\\/\\\/www.placepourtoi.ca\\\/en\\\/#website\",\"url\":\"https:\\\/\\\/www.placepourtoi.ca\\\/en\\\/\",\"name\":\"Il y a une place pour toi... en ing\u00e9nierie!\",\"description\":\"Ose, t&#039;as du g\u00e9nie\",\"publisher\":{\"@id\":\"https:\\\/\\\/www.placepourtoi.ca\\\/en\\\/#organization\"},\"potentialAction\":[{\"@type\":\"SearchAction\",\"target\":{\"@type\":\"EntryPoint\",\"urlTemplate\":\"https:\\\/\\\/www.placepourtoi.ca\\\/en\\\/?s={search_term_string}\"},\"query-input\":{\"@type\":\"PropertyValueSpecification\",\"valueRequired\":true,\"valueName\":\"search_term_string\"}}],\"inLanguage\":\"en-US\"},{\"@type\":\"Organization\",\"@id\":\"https:\\\/\\\/www.placepourtoi.ca\\\/en\\\/#organization\",\"name\":\"Ordre des ing\u00e9nieurs du Qu\u00e9bec\",\"url\":\"https:\\\/\\\/www.placepourtoi.ca\\\/en\\\/\",\"logo\":{\"@type\":\"ImageObject\",\"inLanguage\":\"en-US\",\"@id\":\"https:\\\/\\\/www.placepourtoi.ca\\\/en\\\/#\\\/schema\\\/logo\\\/image\\\/\",\"url\":\"https:\\\/\\\/www.placepourtoi.ca\\\/wp-content\\\/uploads\\\/2020\\\/11\\\/logo-ing-bleu.png\",\"contentUrl\":\"https:\\\/\\\/www.placepourtoi.ca\\\/wp-content\\\/uploads\\\/2020\\\/11\\\/logo-ing-bleu.png\",\"width\":492,\"height\":164,\"caption\":\"Ordre des ing\u00e9nieurs du Qu\u00e9bec\"},\"image\":{\"@id\":\"https:\\\/\\\/www.placepourtoi.ca\\\/en\\\/#\\\/schema\\\/logo\\\/image\\\/\"},\"sameAs\":[\"https:\\\/\\\/www.facebook.com\\\/placepourtoi\\\/\",\"https:\\\/\\\/www.instagram.com\\\/placepourtoi\\\/\",\"https:\\\/\\\/www.youtube.com\\\/channel\\\/UCeKEMeJSn6yu5VhswfNTUcw\"]}]}<\/script>\n<!-- \/ Yoast SEO plugin. -->","yoast_head_json":{"title":"Conditions g\u00e9n\u00e9rales et vie priv\u00e9e - Il y a une place pour toi... en ing\u00e9nierie!","description":"Fille ou gar\u00e7on, le g\u00e9nie est un domaine excitant qui t\u2019offre des possibilit\u00e9s d\u2019avenir infinies, visite ce site pour en savoir plus.","robots":{"index":"index","follow":"follow","max-snippet":"max-snippet:-1","max-image-preview":"max-image-preview:large","max-video-preview":"max-video-preview:-1"},"canonical":"https:\/\/www.placepourtoi.ca\/en\/conditions-generales-et-vie-privee-en\/","og_locale":"en_US","og_type":"article","og_title":"Conditions g\u00e9n\u00e9rales et vie priv\u00e9e - Il y a une place pour toi... en ing\u00e9nierie!","og_description":"Fille ou gar\u00e7on, le g\u00e9nie est un domaine excitant qui t\u2019offre des possibilit\u00e9s d\u2019avenir infinies, visite ce site pour en savoir plus.","og_url":"https:\/\/www.placepourtoi.ca\/en\/conditions-generales-et-vie-privee-en\/","og_site_name":"Il y a une place pour toi... en ing\u00e9nierie!","article_publisher":"https:\/\/www.facebook.com\/placepourtoi\/","article_modified_time":"2022-06-10T14:08:59+00:00","og_image":[{"width":1200,"height":630,"url":"https:\/\/www.placepourtoi.ca\/wp-content\/uploads\/2021\/08\/Visuel_PlacePourToi_Sharing.jpg","type":"image\/jpeg"}],"twitter_card":"summary_large_image","twitter_misc":{"Est. reading time":"5 minutes"},"schema":{"@context":"https:\/\/schema.org","@graph":[{"@type":"WebPage","@id":"https:\/\/www.placepourtoi.ca\/en\/conditions-generales-et-vie-privee-en\/","url":"https:\/\/www.placepourtoi.ca\/en\/conditions-generales-et-vie-privee-en\/","name":"Conditions g\u00e9n\u00e9rales et vie priv\u00e9e - Il y a une place pour toi... en ing\u00e9nierie!","isPartOf":{"@id":"https:\/\/www.placepourtoi.ca\/en\/#website"},"datePublished":"2022-06-10T14:08:57+00:00","dateModified":"2022-06-10T14:08:59+00:00","description":"Fille ou gar\u00e7on, le g\u00e9nie est un domaine excitant qui t\u2019offre des possibilit\u00e9s d\u2019avenir infinies, visite ce site pour en savoir plus.","breadcrumb":{"@id":"https:\/\/www.placepourtoi.ca\/en\/conditions-generales-et-vie-privee-en\/#breadcrumb"},"inLanguage":"en-US","potentialAction":[{"@type":"ReadAction","target":["https:\/\/www.placepourtoi.ca\/en\/conditions-generales-et-vie-privee-en\/"]}]},{"@type":"BreadcrumbList","@id":"https:\/\/www.placepourtoi.ca\/en\/conditions-generales-et-vie-privee-en\/#breadcrumb","itemListElement":[{"@type":"ListItem","position":1,"name":"Home","item":"https:\/\/www.placepourtoi.ca\/en\/"},{"@type":"ListItem","position":2,"name":"Conditions g\u00e9n\u00e9rales et vie priv\u00e9e"}]},{"@type":"WebSite","@id":"https:\/\/www.placepourtoi.ca\/en\/#website","url":"https:\/\/www.placepourtoi.ca\/en\/","name":"Il y a une place pour toi... en ing\u00e9nierie!","description":"Ose, t&#039;as du g\u00e9nie","publisher":{"@id":"https:\/\/www.placepourtoi.ca\/en\/#organization"},"potentialAction":[{"@type":"SearchAction","target":{"@type":"EntryPoint","urlTemplate":"https:\/\/www.placepourtoi.ca\/en\/?s={search_term_string}"},"query-input":{"@type":"PropertyValueSpecification","valueRequired":true,"valueName":"search_term_string"}}],"inLanguage":"en-US"},{"@type":"Organization","@id":"https:\/\/www.placepourtoi.ca\/en\/#organization","name":"Ordre des ing\u00e9nieurs du Qu\u00e9bec","url":"https:\/\/www.placepourtoi.ca\/en\/","logo":{"@type":"ImageObject","inLanguage":"en-US","@id":"https:\/\/www.placepourtoi.ca\/en\/#\/schema\/logo\/image\/","url":"https:\/\/www.placepourtoi.ca\/wp-content\/uploads\/2020\/11\/logo-ing-bleu.png","contentUrl":"https:\/\/www.placepourtoi.ca\/wp-content\/uploads\/2020\/11\/logo-ing-bleu.png","width":492,"height":164,"caption":"Ordre des ing\u00e9nieurs du Qu\u00e9bec"},"image":{"@id":"https:\/\/www.placepourtoi.ca\/en\/#\/schema\/logo\/image\/"},"sameAs":["https:\/\/www.facebook.com\/placepourtoi\/","https:\/\/www.instagram.com\/placepourtoi\/","https:\/\/www.youtube.com\/channel\/UCeKEMeJSn6yu5VhswfNTUcw"]}]}},"_links":{"self":[{"href":"https:\/\/www.placepourtoi.ca\/en\/wp-json\/wp\/v2\/pages\/5800","targetHints":{"allow":["GET"]}}],"collection":[{"href":"https:\/\/www.placepourtoi.ca\/en\/wp-json\/wp\/v2\/pages"}],"about":[{"href":"https:\/\/www.placepourtoi.ca\/en\/wp-json\/wp\/v2\/types\/page"}],"author":[{"embeddable":true,"href":"https:\/\/www.placepourtoi.ca\/en\/wp-json\/wp\/v2\/users\/8"}],"replies":[{"embeddable":true,"href":"https:\/\/www.placepourtoi.ca\/en\/wp-json\/wp\/v2\/comments?post=5800"}],"version-history":[{"count":0,"href":"https:\/\/www.placepourtoi.ca\/en\/wp-json\/wp\/v2\/pages\/5800\/revisions"}],"wp:attachment":[{"href":"https:\/\/www.placepourtoi.ca\/en\/wp-json\/wp\/v2\/media?parent=5800"}],"curies":[{"name":"wp","href":"https:\/\/api.w.org\/{rel}","templated":true}]}}