{"id":856,"date":"2018-04-20T01:55:40","date_gmt":"2018-04-20T01:55:40","guid":{"rendered":"https:\/\/placepourtoi.appwapp.com\/?page_id=856"},"modified":"2023-09-14T16:29:43","modified_gmt":"2023-09-14T20:29:43","slug":"become-an-engineer","status":"publish","type":"page","link":"https:\/\/www.placepourtoi.ca\/en\/become-an-engineer\/","title":{"rendered":"Become an engineer"},"content":{"rendered":"\n<style type=\"text\/css\" data-created_by=\"avia_inline_auto\" id=\"style-css-av-av_section-01ee0c9fd53c6f4325a9f48413e8b30c\">\n.avia-section.av-av_section-01ee0c9fd53c6f4325a9f48413e8b30c{\nbackground-color:#ff4d2b;\nbackground-image:url(https:\/\/www.placepourtoi.ca\/wp-content\/uploads\/2023\/09\/bg-arc-en-ciel.jpg);\nbackground-repeat:no-repeat;\nbackground-position:50% 100%;\nbackground-attachment:scroll;\n}\n<\/style>\n<div id='av_section_1'  class='avia-section av-av_section-01ee0c9fd53c6f4325a9f48413e8b30c main_color avia-section-default avia-no-border-styling  avia-builder-el-0  el_before_av_section  avia-builder-el-first  avia-bg-style-scroll av-minimum-height av-minimum-height-100 av-height-100  container_wrap fullsize'  data-section-bg-repeat='no-repeat' data-av_minimum_height_pc='100' data-av_min_height_opt='100'><div class='container av-section-cont-open' ><main  role=\"main\" itemprop=\"mainContentOfPage\"  class='template-page content  av-content-full alpha units'><div class='post-entry post-entry-type-page post-entry-856'><div class='entry-content-wrapper clearfix'>\n<div  class='flex_column av-av_one_full-7420270dda896a7728e3c90b94d24f81 av_one_full  avia-builder-el-1  avia-builder-el-no-sibling  first flex_column_div  '     ><p>\n<style type=\"text\/css\" data-created_by=\"avia_inline_auto\" id=\"style-css-av-av_hr-74f5a634b6e173c4ffc972e510aa32ac\">\n#top .hr.hr-invisible.av-av_hr-74f5a634b6e173c4ffc972e510aa32ac{\nheight:80px;\n}\n<\/style>\n<div  class='hr av-av_hr-74f5a634b6e173c4ffc972e510aa32ac hr-invisible  avia-builder-el-2  el_before_av_heading  avia-builder-el-first '><span class='hr-inner '><span class=\"hr-inner-style\"><\/span><\/span><\/div><br \/>\n\n<style type=\"text\/css\" data-created_by=\"avia_inline_auto\" id=\"style-css-av-av_heading-13895b1ee557264baaebfc4e0fc976cb\">\n#top .av-special-heading.av-av_heading-13895b1ee557264baaebfc4e0fc976cb{\npadding-bottom:10px;\nfont-size:66px;\n}\nbody .av-special-heading.av-av_heading-13895b1ee557264baaebfc4e0fc976cb .av-special-heading-tag .heading-char{\nfont-size:25px;\n}\n#top #wrap_all .av-special-heading.av-av_heading-13895b1ee557264baaebfc4e0fc976cb .av-special-heading-tag{\nfont-size:66px;\n}\n.av-special-heading.av-av_heading-13895b1ee557264baaebfc4e0fc976cb .av-subheading{\nfont-size:15px;\n}\n\n@media only screen and (min-width: 480px) and (max-width: 767px){ \n#top #wrap_all .av-special-heading.av-av_heading-13895b1ee557264baaebfc4e0fc976cb .av-special-heading-tag{\nfont-size:0.8em;\n}\n}\n\n@media only screen and (max-width: 479px){ \n#top #wrap_all .av-special-heading.av-av_heading-13895b1ee557264baaebfc4e0fc976cb .av-special-heading-tag{\nfont-size:0.8em;\n}\n}\n<\/style>\n<div  class='av-special-heading av-av_heading-13895b1ee557264baaebfc4e0fc976cb av-special-heading-h1 blockquote modern-quote modern-centered  avia-builder-el-3  el_after_av_hr  el_before_av_hr  av-inherit-size'><h1 class='av-special-heading-tag '  itemprop=\"headline\"  >How to become an engineer?<\/h1><div class=\"special-heading-border\"><div class=\"special-heading-inner-border\"><\/div><\/div><\/div><br \/>\n\n<style type=\"text\/css\" data-created_by=\"avia_inline_auto\" id=\"style-css-av-av_hr-4474f20d2389e2e5ecf918a02da5132e\">\n#top .hr.hr-invisible.av-av_hr-4474f20d2389e2e5ecf918a02da5132e{\nheight:50px;\n}\n<\/style>\n<div  class='hr av-av_hr-4474f20d2389e2e5ecf918a02da5132e hr-invisible  avia-builder-el-4  el_after_av_heading  el_before_av_image '><span class='hr-inner '><span class=\"hr-inner-style\"><\/span><\/span><\/div><br \/>\n\n<style type=\"text\/css\" data-created_by=\"avia_inline_auto\" id=\"style-css-av-av_image-b8f8cc62815f4a6961400868dc6d66b9\">\n.avia-image-container.av-av_image-b8f8cc62815f4a6961400868dc6d66b9 img.avia_image{\nbox-shadow:none;\n}\n.avia-image-container.av-av_image-b8f8cc62815f4a6961400868dc6d66b9 .av-image-caption-overlay-center{\ncolor:#ffffff;\n}\n<\/style>\n<div  class='avia-image-container av-av_image-b8f8cc62815f4a6961400868dc6d66b9 av-styling-no-styling avia_animated_image av-animated-when-visible-95 top-to-bottom avia-align-center  avia-builder-el-5  el_after_av_hr  el_before_av_hr '   itemprop=\"image\" itemscope=\"itemscope\" itemtype=\"https:\/\/schema.org\/ImageObject\" ><div class=\"avia-image-container-inner\"><div class=\"avia-image-overlay-wrap\"><img decoding=\"async\" fetchpriority=\"high\" class='wp-image-6886 avia-img-lazy-loading-not-6886 avia_image ' src=\"https:\/\/www.placepourtoi.ca\/wp-content\/uploads\/2023\/09\/Fleche-en-bas-noir.png\" alt='' title='Fle\u0300che en bas-noir'  height=\"100\" width=\"100\"  itemprop=\"thumbnailUrl\" srcset=\"https:\/\/www.placepourtoi.ca\/wp-content\/uploads\/2023\/09\/Fleche-en-bas-noir.png 100w, https:\/\/www.placepourtoi.ca\/wp-content\/uploads\/2023\/09\/Fleche-en-bas-noir-80x80.png 80w, https:\/\/www.placepourtoi.ca\/wp-content\/uploads\/2023\/09\/Fleche-en-bas-noir-36x36.png 36w\" sizes=\"(max-width: 100px) 100vw, 100px\" \/><\/div><\/div><\/div><br \/>\n\n<style type=\"text\/css\" data-created_by=\"avia_inline_auto\" id=\"style-css-av-av_hr-4474f20d2389e2e5ecf918a02da5132e\">\n#top .hr.hr-invisible.av-av_hr-4474f20d2389e2e5ecf918a02da5132e{\nheight:50px;\n}\n<\/style>\n<div  class='hr av-av_hr-4474f20d2389e2e5ecf918a02da5132e hr-invisible  avia-builder-el-6  el_after_av_image  avia-builder-el-last '><span class='hr-inner '><span class=\"hr-inner-style\"><\/span><\/span><\/div><\/p><\/div><\/div><\/div><\/main><!-- close content main element --><\/div><\/div><div id='av_section_2'  class='avia-section av-av_section-15c5251244af94bc38ede364dd64ad81 alternate_color avia-section-default avia-no-border-styling  avia-builder-el-7  el_after_av_section  avia-builder-el-last  avia-bg-style-scroll container_wrap fullsize'  ><div class='container av-section-cont-open' ><div class='template-page content  av-content-full alpha units'><div class='post-entry post-entry-type-page post-entry-856'><div class='entry-content-wrapper clearfix'>\n\n<style type=\"text\/css\" data-created_by=\"avia_inline_auto\" id=\"style-css-av-av_hr-48dd840c68c34b08a701e1ed7d6a83fe\">\n#top .hr.hr-invisible.av-av_hr-48dd840c68c34b08a701e1ed7d6a83fe{\nmargin-top:-50px;\nheight:1px;\n}\n<\/style>\n<div  class='hr av-av_hr-48dd840c68c34b08a701e1ed7d6a83fe hr-invisible  avia-builder-el-8  el_before_av_one_full  avia-builder-el-first '><span class='hr-inner '><span class=\"hr-inner-style\"><\/span><\/span><\/div>\n<div class='flex_column_table av-av_one_full-e3e06c653d4389e59016fbde20f5e0e4 sc-av_one_full av-equal-height-column-flextable'>\n<style type=\"text\/css\" data-created_by=\"avia_inline_auto\" id=\"style-css-av-av_one_full-e3e06c653d4389e59016fbde20f5e0e4\">\n.flex_column.av-av_one_full-e3e06c653d4389e59016fbde20f5e0e4{\nborder-radius:0px 0px 0px 0px;\npadding:5% 5% 5% 5%;\n}\n<\/style>\n<div  class='flex_column av-av_one_full-e3e06c653d4389e59016fbde20f5e0e4 av_one_full  avia-builder-el-9  el_after_av_hr  el_before_av_hr  first flex_column_table_cell av-equal-height-column av-align-middle  '     ><section  class='av_textblock_section av-av_textblock-2de302bf1aa3cf4c9157dbe6f50ac7eb '   itemscope=\"itemscope\" itemtype=\"https:\/\/schema.org\/CreativeWork\" ><div class='avia_textblock'  itemprop=\"text\" ><p>Engineering is an exciting area offering limitless possibilities. For engineers, routine is uncommon and you have the chance to push the boundaries!\u00a0 What do you have do to become an engineer?<\/p>\n<p>In short, to become an engineer, you must have a bachelor's degree in engineering and obtain an engineering permit from the OIQ. Once you have this permit and are entered on the OIQ roll, you can start working as an engineer and use the \"Eng.\" after your name.<\/p>\n<p>Here's how to become an engineer in Qu\u00e9bec.<\/p>\n<\/div><\/section><\/div><\/div><!--close column table wrapper. Autoclose: 1 -->\n<style type=\"text\/css\" data-created_by=\"avia_inline_auto\" id=\"style-css-av-av_hr-93258d1e5748d8ca2f23c1f46b1b36dc\">\n#top .hr.hr-invisible.av-av_hr-93258d1e5748d8ca2f23c1f46b1b36dc{\nmargin-top:-25px;\nheight:1px;\n}\n<\/style>\n<div  class='hr av-av_hr-93258d1e5748d8ca2f23c1f46b1b36dc hr-invisible  avia-builder-el-11  el_after_av_one_full  el_before_av_one_half '><span class='hr-inner '><span class=\"hr-inner-style\"><\/span><\/span><\/div>\n<div class='flex_column_table av-av_one_half-1a1bb66a334a723aa4479ee159cf1411 sc-av_one_half av-equal-height-column-flextable'>\n<style type=\"text\/css\" data-created_by=\"avia_inline_auto\" id=\"style-css-av-av_one_half-1a1bb66a334a723aa4479ee159cf1411\">\n.flex_column.av-av_one_half-1a1bb66a334a723aa4479ee159cf1411{\npadding:5% 5% 5% 5%;\nheight:400px;\nbackground:url(https:\/\/www.placepourtoi.ca\/wp-content\/uploads\/2023\/09\/demi-halo-bas-jaune.png) 100% 100% no-repeat scroll #8f11ca;\n}\n.flex_column.av-av_one_half-1a1bb66a334a723aa4479ee159cf1411 .avia-divider-svg-top svg{\nheight:50px;\nfill:#ffffff;\n}\n.flex_column.av-av_one_half-1a1bb66a334a723aa4479ee159cf1411 .avia-divider-svg-bottom svg{\nheight:50px;\nfill:#ffffff;\n}\n<\/style>\n<div  class='flex_column av-av_one_half-1a1bb66a334a723aa4479ee159cf1411 av_one_half  avia-builder-el-12  el_after_av_hr  el_before_av_one_half  first flex_column_table_cell av-equal-height-column av-align-middle  '     ><div class='avia-divider-svg avia-divider-svg-clouds avia-divider-svg-top avia-svg-original'><svg xmlns=\"http:\/\/www.w3.org\/2000\/svg\" viewBox=\"0 0 283.5 27.8\" preserveAspectRatio=\"none\">\n  <path d=\"M0 0v6.7c1.9-.8 4.7-1.4 8.5-1 9.5 1.1 11.1 6 11.1 6s2.1-.7 4.3-.2c2.1.5 2.8 2.6 2.8 2.6s.2-.5 1.4-.7c1.2-.2 1.7.2 1.7.2s0-2.1 1.9-2.8c1.9-.7 3.6.7 3.6.7s.7-2.9 3.1-4.1 4.7 0 4.7 0 1.2-.5 2.4 0 1.7 1.4 1.7 1.4h1.4c.7 0 1.2.7 1.2.7s.8-1.8 4-2.2c3.5-.4 5.3 2.4 6.2 4.4.4-.4 1-.7 1.8-.9 2.8-.7 4 .7 4 .7s1.7-5 11.1-6c9.5-1.1 12.3 3.9 12.3 3.9s1.2-4.8 5.7-5.7c4.5-.9 6.8 1.8 6.8 1.8s.6-.6 1.5-.9c.9-.2 1.9-.2 1.9-.2s5.2-6.4 12.6-3.3c7.3 3.1 4.7 9 4.7 9s1.9-.9 4 0 2.8 2.4 2.8 2.4 1.9-1.2 4.5-1.2 4.3 1.2 4.3 1.2.2-1 1.4-1.7 2.1-.7 2.1-.7-.5-3.1 2.1-5.5 5.7-1.4 5.7-1.4 1.5-2.3 4.2-1.1c2.7 1.2 1.7 5.2 1.7 5.2s.3-.1 1.3.5c.5.4.8.8.9 1.1.5-1.4 2.4-5.8 8.4-4 7.1 2.1 3.5 8.9 3.5 8.9s.8-.4 2 0 1.1 1.1 1.1 1.1 1.1-1.1 2.3-1.1 2.1.5 2.1.5 1.9-3.6 6.2-1.2 1.9 6.4 1.9 6.4 2.6-2.4 7.4 0c3.4 1.7 3.9 4.9 3.9 4.9s3.3-6.9 10.4-7.9 11.5 2.6 11.5 2.6.8 0 1.2.2c.4.2.9.9.9.9s4.4-3.1 8.3.2c1.9 1.7 1.5 5 1.5 5s.3-1.1 1.6-1.4c1.3-.3 2.3.2 2.3.2s-.1-1.2.5-1.9 1.9-.9 1.9-.9-4.7-9.3 4.4-13.4c5.6-2.5 9.2.9 9.2.9s5-6.2 15.9-6.2 16.1 8.1 16.1 8.1.7-.2 1.6-.4V0H0z\"\/>\n<\/svg><\/div><div class='avia-divider-svg avia-divider-svg-clouds avia-divider-svg-bottom avia-svg-original'><svg xmlns=\"http:\/\/www.w3.org\/2000\/svg\" viewBox=\"0 0 283.5 27.8\" preserveAspectRatio=\"none\">\n  <path d=\"M0 0v6.7c1.9-.8 4.7-1.4 8.5-1 9.5 1.1 11.1 6 11.1 6s2.1-.7 4.3-.2c2.1.5 2.8 2.6 2.8 2.6s.2-.5 1.4-.7c1.2-.2 1.7.2 1.7.2s0-2.1 1.9-2.8c1.9-.7 3.6.7 3.6.7s.7-2.9 3.1-4.1 4.7 0 4.7 0 1.2-.5 2.4 0 1.7 1.4 1.7 1.4h1.4c.7 0 1.2.7 1.2.7s.8-1.8 4-2.2c3.5-.4 5.3 2.4 6.2 4.4.4-.4 1-.7 1.8-.9 2.8-.7 4 .7 4 .7s1.7-5 11.1-6c9.5-1.1 12.3 3.9 12.3 3.9s1.2-4.8 5.7-5.7c4.5-.9 6.8 1.8 6.8 1.8s.6-.6 1.5-.9c.9-.2 1.9-.2 1.9-.2s5.2-6.4 12.6-3.3c7.3 3.1 4.7 9 4.7 9s1.9-.9 4 0 2.8 2.4 2.8 2.4 1.9-1.2 4.5-1.2 4.3 1.2 4.3 1.2.2-1 1.4-1.7 2.1-.7 2.1-.7-.5-3.1 2.1-5.5 5.7-1.4 5.7-1.4 1.5-2.3 4.2-1.1c2.7 1.2 1.7 5.2 1.7 5.2s.3-.1 1.3.5c.5.4.8.8.9 1.1.5-1.4 2.4-5.8 8.4-4 7.1 2.1 3.5 8.9 3.5 8.9s.8-.4 2 0 1.1 1.1 1.1 1.1 1.1-1.1 2.3-1.1 2.1.5 2.1.5 1.9-3.6 6.2-1.2 1.9 6.4 1.9 6.4 2.6-2.4 7.4 0c3.4 1.7 3.9 4.9 3.9 4.9s3.3-6.9 10.4-7.9 11.5 2.6 11.5 2.6.8 0 1.2.2c.4.2.9.9.9.9s4.4-3.1 8.3.2c1.9 1.7 1.5 5 1.5 5s.3-1.1 1.6-1.4c1.3-.3 2.3.2 2.3.2s-.1-1.2.5-1.9 1.9-.9 1.9-.9-4.7-9.3 4.4-13.4c5.6-2.5 9.2.9 9.2.9s5-6.2 15.9-6.2 16.1 8.1 16.1 8.1.7-.2 1.6-.4V0H0z\"\/>\n<\/svg><\/div><div  class='avia-button-wrap av-lmjmirkt-d8df2062a391f0ea92bf8ab090385d98-wrap avia-button-center  avia-builder-el-13  avia-builder-el-no-sibling '><a href='https:\/\/www.placepourtoi.ca\/en\/become-an-engineer\/youre-in-high-school\/'  class='avia-button av-lmjmirkt-d8df2062a391f0ea92bf8ab090385d98 av-link-btn avia-icon_select-no avia-size-small avia-position-center avia-color-theme-color'   aria-label=\"You are in high school\"><span class='avia_iconbox_title' >You are in high school<\/span><\/a><\/div><\/div><div class='av-flex-placeholder'><\/div>\n<style type=\"text\/css\" data-created_by=\"avia_inline_auto\" id=\"style-css-av-av_one_half-15215e75b57f131ce7a536228ddeafcd\">\n.flex_column.av-av_one_half-15215e75b57f131ce7a536228ddeafcd{\npadding:5% 5% 5% 5%;\nheight:auto;\nmin-height:400px;\nbackground:url(https:\/\/www.placepourtoi.ca\/wp-content\/uploads\/2023\/09\/demi-halo-bas-mauve.png) 0% 100% no-repeat scroll #eeb13b;\n}\n.flex_column.av-av_one_half-15215e75b57f131ce7a536228ddeafcd .avia-divider-svg-top svg{\nheight:50px;\nwidth:calc(100% + 1.3px);\nfill:#ffffff;\n}\n.flex_column.av-av_one_half-15215e75b57f131ce7a536228ddeafcd .avia-divider-svg-bottom svg{\nheight:50px;\nwidth:calc(100% + 1.3px);\nfill:#ffffff;\n}\n<\/style>\n<div  class='flex_column av-av_one_half-15215e75b57f131ce7a536228ddeafcd av_one_half  avia-builder-el-14  el_after_av_one_half  avia-builder-el-last  flex_column_table_cell av-equal-height-column av-align-middle  '     ><div class='avia-divider-svg avia-divider-svg-waves avia-divider-svg-top avia-svg-negative'><svg xmlns=\"http:\/\/www.w3.org\/2000\/svg\" viewBox=\"0 0 1000 100\" preserveAspectRatio=\"none\">\n\t<path d=\"M790.5,93.1c-59.3-5.3-116.8-18-192.6-50c-29.6-12.7-76.9-31-100.5-35.9c-23.6-4.9-52.6-7.8-75.5-5.3\n\tc-10.2,1.1-22.6,1.4-50.1,7.4c-27.2,6.3-58.2,16.6-79.4,24.7c-41.3,15.9-94.9,21.9-134,22.6C72,58.2,0,25.8,0,25.8V100h1000V65.3\n\tc0,0-51.5,19.4-106.2,25.7C839.5,97,814.1,95.2,790.5,93.1z\"\/>\n<\/svg><\/div><div class='avia-divider-svg avia-divider-svg-waves avia-divider-svg-bottom avia-svg-original'><svg xmlns=\"http:\/\/www.w3.org\/2000\/svg\" viewBox=\"0 0 1000 100\" preserveAspectRatio=\"none\">\n\t<path d=\"M421.9,6.5c22.6-2.5,51.5,0.4,75.5,5.3c23.6,4.9,70.9,23.5,100.5,35.7c75.8,32.2,133.7,44.5,192.6,49.7\n\tc23.6,2.1,48.7,3.5,103.4-2.5c54.7-6,106.2-25.6,106.2-25.6V0H0v30.3c0,0,72,32.6,158.4,30.5c39.2-0.7,92.8-6.7,134-22.4\n\tc21.2-8.1,52.2-18.2,79.7-24.2C399.3,7.9,411.6,7.5,421.9,6.5z\"\/>\n<\/svg><\/div><div  class='avia-button-wrap av-lmjmi7xh-fed5cf98efde0813826c054e9806c6de-wrap avia-button-center  avia-builder-el-15  avia-builder-el-no-sibling '><a href='https:\/\/www.placepourtoi.ca\/en\/become-an-engineer\/youre-in-cegep\/'  class='avia-button av-lmjmi7xh-fed5cf98efde0813826c054e9806c6de av-link-btn avia-icon_select-no avia-size-small avia-position-center avia-color-theme-color'   aria-label=\"You are in cegep\"><span class='avia_iconbox_title' >You are in cegep<\/span><\/a><\/div><\/div><\/div><!--close column table wrapper. Autoclose: 1 --><\/p>\n","protected":false},"excerpt":{"rendered":"","protected":false},"author":1,"featured_media":0,"parent":0,"menu_order":0,"comment_status":"closed","ping_status":"closed","template":"","meta":{"footnotes":""},"class_list":["post-856","page","type-page","status-publish","hentry"],"yoast_head":"<!-- This site is optimized with the Yoast SEO plugin v27.3 - https:\/\/yoast.com\/product\/yoast-seo-wordpress\/ -->\n<title>Become an engineer - Il y a une place pour toi... en ing\u00e9nierie!<\/title>\n<meta name=\"description\" content=\"Fille ou gar\u00e7on, le g\u00e9nie est un domaine excitant qui t\u2019offre des possibilit\u00e9s d\u2019avenir infinies, visite ce site pour en savoir plus.\" \/>\n<meta name=\"robots\" content=\"index, follow, max-snippet:-1, max-image-preview:large, max-video-preview:-1\" \/>\n<link rel=\"canonical\" href=\"https:\/\/www.placepourtoi.ca\/en\/become-an-engineer\/\" \/>\n<meta property=\"og:locale\" content=\"en_US\" \/>\n<meta property=\"og:type\" content=\"article\" \/>\n<meta property=\"og:title\" content=\"Become an engineer - Il y a une place pour toi... en ing\u00e9nierie!\" \/>\n<meta property=\"og:description\" content=\"Fille ou gar\u00e7on, le g\u00e9nie est un domaine excitant qui t\u2019offre des possibilit\u00e9s d\u2019avenir infinies, visite ce site pour en savoir plus.\" \/>\n<meta property=\"og:url\" content=\"https:\/\/www.placepourtoi.ca\/en\/become-an-engineer\/\" \/>\n<meta property=\"og:site_name\" content=\"Il y a une place pour toi... en ing\u00e9nierie!\" \/>\n<meta property=\"article:publisher\" content=\"https:\/\/www.facebook.com\/placepourtoi\/\" \/>\n<meta property=\"article:modified_time\" content=\"2023-09-14T20:29:43+00:00\" \/>\n<meta property=\"og:image\" content=\"https:\/\/www.placepourtoi.ca\/wp-content\/uploads\/2021\/08\/Visuel_PlacePourToi_Sharing.jpg\" \/>\n\t<meta property=\"og:image:width\" content=\"1200\" \/>\n\t<meta property=\"og:image:height\" content=\"630\" \/>\n\t<meta property=\"og:image:type\" content=\"image\/jpeg\" \/>\n<meta name=\"twitter:card\" content=\"summary_large_image\" \/>\n<meta name=\"twitter:label1\" content=\"Est. reading time\" \/>\n\t<meta name=\"twitter:data1\" content=\"5 minutes\" \/>\n<script type=\"application\/ld+json\" class=\"yoast-schema-graph\">{\"@context\":\"https:\\\/\\\/schema.org\",\"@graph\":[{\"@type\":\"WebPage\",\"@id\":\"https:\\\/\\\/www.placepourtoi.ca\\\/en\\\/become-an-engineer\\\/\",\"url\":\"https:\\\/\\\/www.placepourtoi.ca\\\/en\\\/become-an-engineer\\\/\",\"name\":\"Become an engineer - Il y a une place pour toi... en ing\u00e9nierie!\",\"isPartOf\":{\"@id\":\"https:\\\/\\\/www.placepourtoi.ca\\\/en\\\/#website\"},\"datePublished\":\"2018-04-20T01:55:40+00:00\",\"dateModified\":\"2023-09-14T20:29:43+00:00\",\"description\":\"Fille ou gar\u00e7on, le g\u00e9nie est un domaine excitant qui t\u2019offre des possibilit\u00e9s d\u2019avenir infinies, visite ce site pour en savoir plus.\",\"breadcrumb\":{\"@id\":\"https:\\\/\\\/www.placepourtoi.ca\\\/en\\\/become-an-engineer\\\/#breadcrumb\"},\"inLanguage\":\"en-US\",\"potentialAction\":[{\"@type\":\"ReadAction\",\"target\":[\"https:\\\/\\\/www.placepourtoi.ca\\\/en\\\/become-an-engineer\\\/\"]}]},{\"@type\":\"BreadcrumbList\",\"@id\":\"https:\\\/\\\/www.placepourtoi.ca\\\/en\\\/become-an-engineer\\\/#breadcrumb\",\"itemListElement\":[{\"@type\":\"ListItem\",\"position\":1,\"name\":\"Home\",\"item\":\"https:\\\/\\\/www.placepourtoi.ca\\\/en\\\/\"},{\"@type\":\"ListItem\",\"position\":2,\"name\":\"Become an engineer\"}]},{\"@type\":\"WebSite\",\"@id\":\"https:\\\/\\\/www.placepourtoi.ca\\\/en\\\/#website\",\"url\":\"https:\\\/\\\/www.placepourtoi.ca\\\/en\\\/\",\"name\":\"Il y a une place pour toi... en ing\u00e9nierie!\",\"description\":\"Ose, t&#039;as du g\u00e9nie\",\"publisher\":{\"@id\":\"https:\\\/\\\/www.placepourtoi.ca\\\/en\\\/#organization\"},\"potentialAction\":[{\"@type\":\"SearchAction\",\"target\":{\"@type\":\"EntryPoint\",\"urlTemplate\":\"https:\\\/\\\/www.placepourtoi.ca\\\/en\\\/?s={search_term_string}\"},\"query-input\":{\"@type\":\"PropertyValueSpecification\",\"valueRequired\":true,\"valueName\":\"search_term_string\"}}],\"inLanguage\":\"en-US\"},{\"@type\":\"Organization\",\"@id\":\"https:\\\/\\\/www.placepourtoi.ca\\\/en\\\/#organization\",\"name\":\"Ordre des ing\u00e9nieurs du Qu\u00e9bec\",\"url\":\"https:\\\/\\\/www.placepourtoi.ca\\\/en\\\/\",\"logo\":{\"@type\":\"ImageObject\",\"inLanguage\":\"en-US\",\"@id\":\"https:\\\/\\\/www.placepourtoi.ca\\\/en\\\/#\\\/schema\\\/logo\\\/image\\\/\",\"url\":\"https:\\\/\\\/www.placepourtoi.ca\\\/wp-content\\\/uploads\\\/2020\\\/11\\\/logo-ing-bleu.png\",\"contentUrl\":\"https:\\\/\\\/www.placepourtoi.ca\\\/wp-content\\\/uploads\\\/2020\\\/11\\\/logo-ing-bleu.png\",\"width\":492,\"height\":164,\"caption\":\"Ordre des ing\u00e9nieurs du Qu\u00e9bec\"},\"image\":{\"@id\":\"https:\\\/\\\/www.placepourtoi.ca\\\/en\\\/#\\\/schema\\\/logo\\\/image\\\/\"},\"sameAs\":[\"https:\\\/\\\/www.facebook.com\\\/placepourtoi\\\/\",\"https:\\\/\\\/www.instagram.com\\\/placepourtoi\\\/\",\"https:\\\/\\\/www.youtube.com\\\/channel\\\/UCeKEMeJSn6yu5VhswfNTUcw\"]}]}<\/script>\n<!-- \/ Yoast SEO plugin. -->","yoast_head_json":{"title":"Become an engineer - Il y a une place pour toi... en ing\u00e9nierie!","description":"Fille ou gar\u00e7on, le g\u00e9nie est un domaine excitant qui t\u2019offre des possibilit\u00e9s d\u2019avenir infinies, visite ce site pour en savoir plus.","robots":{"index":"index","follow":"follow","max-snippet":"max-snippet:-1","max-image-preview":"max-image-preview:large","max-video-preview":"max-video-preview:-1"},"canonical":"https:\/\/www.placepourtoi.ca\/en\/become-an-engineer\/","og_locale":"en_US","og_type":"article","og_title":"Become an engineer - Il y a une place pour toi... en ing\u00e9nierie!","og_description":"Fille ou gar\u00e7on, le g\u00e9nie est un domaine excitant qui t\u2019offre des possibilit\u00e9s d\u2019avenir infinies, visite ce site pour en savoir plus.","og_url":"https:\/\/www.placepourtoi.ca\/en\/become-an-engineer\/","og_site_name":"Il y a une place pour toi... en ing\u00e9nierie!","article_publisher":"https:\/\/www.facebook.com\/placepourtoi\/","article_modified_time":"2023-09-14T20:29:43+00:00","og_image":[{"width":1200,"height":630,"url":"https:\/\/www.placepourtoi.ca\/wp-content\/uploads\/2021\/08\/Visuel_PlacePourToi_Sharing.jpg","type":"image\/jpeg"}],"twitter_card":"summary_large_image","twitter_misc":{"Est. reading time":"5 minutes"},"schema":{"@context":"https:\/\/schema.org","@graph":[{"@type":"WebPage","@id":"https:\/\/www.placepourtoi.ca\/en\/become-an-engineer\/","url":"https:\/\/www.placepourtoi.ca\/en\/become-an-engineer\/","name":"Become an engineer - Il y a une place pour toi... en ing\u00e9nierie!","isPartOf":{"@id":"https:\/\/www.placepourtoi.ca\/en\/#website"},"datePublished":"2018-04-20T01:55:40+00:00","dateModified":"2023-09-14T20:29:43+00:00","description":"Fille ou gar\u00e7on, le g\u00e9nie est un domaine excitant qui t\u2019offre des possibilit\u00e9s d\u2019avenir infinies, visite ce site pour en savoir plus.","breadcrumb":{"@id":"https:\/\/www.placepourtoi.ca\/en\/become-an-engineer\/#breadcrumb"},"inLanguage":"en-US","potentialAction":[{"@type":"ReadAction","target":["https:\/\/www.placepourtoi.ca\/en\/become-an-engineer\/"]}]},{"@type":"BreadcrumbList","@id":"https:\/\/www.placepourtoi.ca\/en\/become-an-engineer\/#breadcrumb","itemListElement":[{"@type":"ListItem","position":1,"name":"Home","item":"https:\/\/www.placepourtoi.ca\/en\/"},{"@type":"ListItem","position":2,"name":"Become an engineer"}]},{"@type":"WebSite","@id":"https:\/\/www.placepourtoi.ca\/en\/#website","url":"https:\/\/www.placepourtoi.ca\/en\/","name":"Il y a une place pour toi... en ing\u00e9nierie!","description":"Ose, t&#039;as du g\u00e9nie","publisher":{"@id":"https:\/\/www.placepourtoi.ca\/en\/#organization"},"potentialAction":[{"@type":"SearchAction","target":{"@type":"EntryPoint","urlTemplate":"https:\/\/www.placepourtoi.ca\/en\/?s={search_term_string}"},"query-input":{"@type":"PropertyValueSpecification","valueRequired":true,"valueName":"search_term_string"}}],"inLanguage":"en-US"},{"@type":"Organization","@id":"https:\/\/www.placepourtoi.ca\/en\/#organization","name":"Ordre des ing\u00e9nieurs du Qu\u00e9bec","url":"https:\/\/www.placepourtoi.ca\/en\/","logo":{"@type":"ImageObject","inLanguage":"en-US","@id":"https:\/\/www.placepourtoi.ca\/en\/#\/schema\/logo\/image\/","url":"https:\/\/www.placepourtoi.ca\/wp-content\/uploads\/2020\/11\/logo-ing-bleu.png","contentUrl":"https:\/\/www.placepourtoi.ca\/wp-content\/uploads\/2020\/11\/logo-ing-bleu.png","width":492,"height":164,"caption":"Ordre des ing\u00e9nieurs du Qu\u00e9bec"},"image":{"@id":"https:\/\/www.placepourtoi.ca\/en\/#\/schema\/logo\/image\/"},"sameAs":["https:\/\/www.facebook.com\/placepourtoi\/","https:\/\/www.instagram.com\/placepourtoi\/","https:\/\/www.youtube.com\/channel\/UCeKEMeJSn6yu5VhswfNTUcw"]}]}},"_links":{"self":[{"href":"https:\/\/www.placepourtoi.ca\/en\/wp-json\/wp\/v2\/pages\/856","targetHints":{"allow":["GET"]}}],"collection":[{"href":"https:\/\/www.placepourtoi.ca\/en\/wp-json\/wp\/v2\/pages"}],"about":[{"href":"https:\/\/www.placepourtoi.ca\/en\/wp-json\/wp\/v2\/types\/page"}],"author":[{"embeddable":true,"href":"https:\/\/www.placepourtoi.ca\/en\/wp-json\/wp\/v2\/users\/1"}],"replies":[{"embeddable":true,"href":"https:\/\/www.placepourtoi.ca\/en\/wp-json\/wp\/v2\/comments?post=856"}],"version-history":[{"count":0,"href":"https:\/\/www.placepourtoi.ca\/en\/wp-json\/wp\/v2\/pages\/856\/revisions"}],"wp:attachment":[{"href":"https:\/\/www.placepourtoi.ca\/en\/wp-json\/wp\/v2\/media?parent=856"}],"curies":[{"name":"wp","href":"https:\/\/api.w.org\/{rel}","templated":true}]}}