{"id":885,"date":"2018-03-26T20:29:45","date_gmt":"2018-03-26T20:29:45","guid":{"rendered":"https:\/\/placepourtoi.appwapp.com\/many-kinds-to-explore\/biomedical\/"},"modified":"2025-09-12T13:54:33","modified_gmt":"2025-09-12T17:54:33","slug":"biomedical","status":"publish","type":"page","link":"https:\/\/www.placepourtoi.ca\/en\/many-kinds-to-explore\/biomedical\/","title":{"rendered":"Biomedical"},"content":{"rendered":"\n<style type=\"text\/css\" data-created_by=\"avia_inline_auto\" id=\"style-css-av-l2kme8n6-c08ecf20ea8693631e59553bdd4f02b9\">\n.avia-section.av-l2kme8n6-c08ecf20ea8693631e59553bdd4f02b9{\nbackground-repeat:no-repeat;\nbackground-image:url(https:\/\/www.placepourtoi.ca\/wp-content\/uploads\/2023\/09\/biomedical.jpg);\nbackground-position:50% 50%;\nbackground-attachment:fixed;\n}\n<\/style>\n<div id='av_section_1'  class='avia-section av-l2kme8n6-c08ecf20ea8693631e59553bdd4f02b9 main_color avia-section-default avia-no-shadow  avia-builder-el-0  el_before_av_section  avia-builder-el-first  avia-full-stretch avia-bg-style-fixed container_wrap fullsize'  data-section-bg-repeat='stretch'><div class='container av-section-cont-open' ><main  role=\"main\" itemprop=\"mainContentOfPage\"  class='template-page content  av-content-full alpha units'><div class='post-entry post-entry-type-page post-entry-885'><div class='entry-content-wrapper clearfix'>\n\n<style type=\"text\/css\" data-created_by=\"avia_inline_auto\" id=\"style-css-av-av_hr-74f5a634b6e173c4ffc972e510aa32ac\">\n#top .hr.hr-invisible.av-av_hr-74f5a634b6e173c4ffc972e510aa32ac{\nheight:80px;\n}\n<\/style>\n<div  class='hr av-av_hr-74f5a634b6e173c4ffc972e510aa32ac hr-invisible  avia-builder-el-1  el_before_av_heading  avia-builder-el-first '><span class='hr-inner '><span class=\"hr-inner-style\"><\/span><\/span><\/div>\n\n<style type=\"text\/css\" data-created_by=\"avia_inline_auto\" id=\"style-css-av-lmqmvy3x-143099c7bf8dd36a3d1e6050e0787684\">\n#top .av-special-heading.av-lmqmvy3x-143099c7bf8dd36a3d1e6050e0787684{\npadding-bottom:10px;\nfont-size:66px;\n}\nbody .av-special-heading.av-lmqmvy3x-143099c7bf8dd36a3d1e6050e0787684 .av-special-heading-tag .heading-char{\nfont-size:25px;\n}\n#top #wrap_all .av-special-heading.av-lmqmvy3x-143099c7bf8dd36a3d1e6050e0787684 .av-special-heading-tag{\nfont-size:66px;\n}\n.av-special-heading.av-lmqmvy3x-143099c7bf8dd36a3d1e6050e0787684 .av-subheading{\nfont-size:22px;\n}\n\n@media only screen and (min-width: 480px) and (max-width: 767px){ \n#top #wrap_all .av-special-heading.av-lmqmvy3x-143099c7bf8dd36a3d1e6050e0787684 .av-special-heading-tag{\nfont-size:0.8em;\n}\n}\n\n@media only screen and (max-width: 479px){ \n#top #wrap_all .av-special-heading.av-lmqmvy3x-143099c7bf8dd36a3d1e6050e0787684 .av-special-heading-tag{\nfont-size:0.8em;\n}\n}\n<\/style>\n<div  class='av-special-heading av-lmqmvy3x-143099c7bf8dd36a3d1e6050e0787684 av-special-heading-h2 blockquote modern-quote modern-centered  avia-builder-el-2  el_after_av_hr  el_before_av_heading  av-inherit-size'><h2 class='av-special-heading-tag '  itemprop=\"headline\"  >Biomedical<\/h2><div class=\"special-heading-border\"><div class=\"special-heading-inner-border\"><\/div><\/div><\/div>\n\n<style type=\"text\/css\" data-created_by=\"avia_inline_auto\" id=\"style-css-av-av_heading-85162c9f6376a43259bfef3430f06132\">\n#top .av-special-heading.av-av_heading-85162c9f6376a43259bfef3430f06132{\npadding-bottom:10px;\n}\nbody .av-special-heading.av-av_heading-85162c9f6376a43259bfef3430f06132 .av-special-heading-tag .heading-char{\nfont-size:25px;\n}\n.av-special-heading.av-av_heading-85162c9f6376a43259bfef3430f06132 .av-subheading{\nfont-size:15px;\n}\n\n@media only screen and (max-width: 479px){ \n#top #wrap_all .av-special-heading.av-av_heading-85162c9f6376a43259bfef3430f06132 .av-special-heading-tag{\nfont-size:30px;\n}\n}\n<\/style>\n<div  class='av-special-heading av-av_heading-85162c9f6376a43259bfef3430f06132 av-special-heading-h3 blockquote modern-quote modern-centered  avia-builder-el-3  el_after_av_heading  el_before_av_hr '><h3 class='av-special-heading-tag '  itemprop=\"headline\"  >The biomedical engineer holds health as top priority.<\/h3><div class=\"special-heading-border\"><div class=\"special-heading-inner-border\"><\/div><\/div><\/div>\n\n<style type=\"text\/css\" data-created_by=\"avia_inline_auto\" id=\"style-css-av-av_hr-4474f20d2389e2e5ecf918a02da5132e\">\n#top .hr.hr-invisible.av-av_hr-4474f20d2389e2e5ecf918a02da5132e{\nheight:50px;\n}\n<\/style>\n<div  class='hr av-av_hr-4474f20d2389e2e5ecf918a02da5132e hr-invisible  avia-builder-el-4  el_after_av_heading  el_before_av_image '><span class='hr-inner '><span class=\"hr-inner-style\"><\/span><\/span><\/div>\n\n<style type=\"text\/css\" data-created_by=\"avia_inline_auto\" id=\"style-css-av-av_image-b8f8cc62815f4a6961400868dc6d66b9\">\n.avia-image-container.av-av_image-b8f8cc62815f4a6961400868dc6d66b9 img.avia_image{\nbox-shadow:none;\n}\n.avia-image-container.av-av_image-b8f8cc62815f4a6961400868dc6d66b9 .av-image-caption-overlay-center{\ncolor:#ffffff;\n}\n<\/style>\n<div  class='avia-image-container av-av_image-b8f8cc62815f4a6961400868dc6d66b9 av-styling-no-styling avia_animated_image av-animated-when-visible-95 top-to-bottom avia-align-center  avia-builder-el-5  el_after_av_hr  el_before_av_hr '   itemprop=\"image\" itemscope=\"itemscope\" itemtype=\"https:\/\/schema.org\/ImageObject\" ><div class=\"avia-image-container-inner\"><div class=\"avia-image-overlay-wrap\"><img decoding=\"async\" fetchpriority=\"high\" class='wp-image-6886 avia-img-lazy-loading-not-6886 avia_image ' src=\"https:\/\/www.placepourtoi.ca\/wp-content\/uploads\/2023\/09\/Fleche-en-bas-noir.png\" alt='' title='Fle\u0300che en bas-noir'  height=\"100\" width=\"100\"  itemprop=\"thumbnailUrl\" srcset=\"https:\/\/www.placepourtoi.ca\/wp-content\/uploads\/2023\/09\/Fleche-en-bas-noir.png 100w, https:\/\/www.placepourtoi.ca\/wp-content\/uploads\/2023\/09\/Fleche-en-bas-noir-80x80.png 80w, https:\/\/www.placepourtoi.ca\/wp-content\/uploads\/2023\/09\/Fleche-en-bas-noir-36x36.png 36w\" sizes=\"(max-width: 100px) 100vw, 100px\" \/><\/div><\/div><\/div>\n\n<style type=\"text\/css\" data-created_by=\"avia_inline_auto\" id=\"style-css-av-av_hr-4474f20d2389e2e5ecf918a02da5132e\">\n#top .hr.hr-invisible.av-av_hr-4474f20d2389e2e5ecf918a02da5132e{\nheight:50px;\n}\n<\/style>\n<div  class='hr av-av_hr-4474f20d2389e2e5ecf918a02da5132e hr-invisible  avia-builder-el-6  el_after_av_image  avia-builder-el-last '><span class='hr-inner '><span class=\"hr-inner-style\"><\/span><\/span><\/div>\n\n<\/div><\/div><\/main><!-- close content main element --><\/div><\/div><div id='av_section_2'  class='avia-section av-av_section-15c5251244af94bc38ede364dd64ad81 alternate_color avia-section-default avia-no-border-styling  avia-builder-el-7  el_after_av_section  el_before_av_section  avia-bg-style-scroll container_wrap fullsize'  ><div class='container av-section-cont-open' ><div class='template-page content  av-content-full alpha units'><div class='post-entry post-entry-type-page post-entry-885'><div class='entry-content-wrapper clearfix'>\n<div class='flex_column_table av-lmqmvnxc-1e763b5a8b229d63f22b070391a3bbd6 sc-av_one_half av-equal-height-column-flextable'><div  class='flex_column av-lmqmvnxc-1e763b5a8b229d63f22b070391a3bbd6 av_one_half  avia-builder-el-8  el_before_av_one_half  avia-builder-el-first  first flex_column_table_cell av-equal-height-column av-align-middle  '     ><section  class='av_textblock_section av-av_textblock-2de302bf1aa3cf4c9157dbe6f50ac7eb '   itemscope=\"itemscope\" itemtype=\"https:\/\/schema.org\/CreativeWork\" ><div class='avia_textblock'  itemprop=\"text\" ><p class=\"type-content-text\">Since they contribute to the development of bodily tissue, transplants, cell implantation and the release of new medications and medical instruments\u2026 You can say that science is pretty much under their skin!<\/p>\n<p class=\"type-content-text\">They can alleviate suffering and help people recover a dignified quality of life by conducting clinical studies on rehabilitation and designing orthoses and prostheses.<\/p>\n<\/div><\/section><br \/>\n\n<style type=\"text\/css\" data-created_by=\"avia_inline_auto\" id=\"style-css-av-av_heading-520ff78985dc64bb18d67b94a8fc2f1e\">\n#top .av-special-heading.av-av_heading-520ff78985dc64bb18d67b94a8fc2f1e{\npadding-bottom:10px;\ncolor:#2e0e0e;\n}\nbody .av-special-heading.av-av_heading-520ff78985dc64bb18d67b94a8fc2f1e .av-special-heading-tag .heading-char{\nfont-size:25px;\n}\n.av-special-heading.av-av_heading-520ff78985dc64bb18d67b94a8fc2f1e .special-heading-inner-border{\nborder-color:#2e0e0e;\n}\n.av-special-heading.av-av_heading-520ff78985dc64bb18d67b94a8fc2f1e .av-subheading{\nfont-size:15px;\n}\n<\/style>\n<div  class='av-special-heading av-av_heading-520ff78985dc64bb18d67b94a8fc2f1e av-special-heading-h3 custom-color-heading blockquote modern-quote  avia-builder-el-10  el_after_av_textblock  el_before_av_textblock '><h3 class='av-special-heading-tag '  itemprop=\"headline\"  >UNIVERSITIES OFFERING THIS PROGRAM <\/h3><div class=\"special-heading-border\"><div class=\"special-heading-inner-border\"><\/div><\/div><\/div><br \/>\n<section  class='av_textblock_section av-lwz4wdgf-8736fb55451c259184216e9dd12f8f65 '   itemscope=\"itemscope\" itemtype=\"https:\/\/schema.org\/CreativeWork\" ><div class='avia_textblock'  itemprop=\"text\" ><ul>\n<li><span style=\"text-decoration: underline;\"><a href=\"https:\/\/www.polymtl.ca\/programmes\/programmes\/baccalaureat-en-genie-biomedical\" target=\"_blank\" rel=\"noopener\"><strong>Polytechnique Montr\u00e9al<\/strong><\/a><\/span><\/li>\n<\/ul>\n<\/div><\/section><\/p><\/div><div class='av-flex-placeholder'><\/div>\n<style type=\"text\/css\" data-created_by=\"avia_inline_auto\" id=\"style-css-av-lmqmv8k7-dfb20c67058f8b8bfb1ec9c873f626b0\">\n.flex_column.av-lmqmv8k7-dfb20c67058f8b8bfb1ec9c873f626b0{\npadding:5% 5% 5% 5%;\nheight:auto;\nmin-height:380px;\nbackground:url(https:\/\/www.placepourtoi.ca\/wp-content\/uploads\/2023\/09\/forme-carre-bizarre-rouge.png) 50% 50% no-repeat scroll ;\n}\n<\/style>\n<div  class='flex_column av-lmqmv8k7-dfb20c67058f8b8bfb1ec9c873f626b0 av_one_half  avia-builder-el-12  el_after_av_one_half  el_before_av_hr  flex_column_table_cell av-equal-height-column av-align-middle av-animated-generic right-to-left avia-full-contain  '     ><p>\n<style type=\"text\/css\" data-created_by=\"avia_inline_auto\" id=\"style-css-av-lmqmvg9h-ccaade47c69969ed289eec977cc71f04\">\n#top .av-special-heading.av-lmqmvg9h-ccaade47c69969ed289eec977cc71f04{\npadding-bottom:0;\ncolor:#adf533;\nfont-size:30px;\n}\nbody .av-special-heading.av-lmqmvg9h-ccaade47c69969ed289eec977cc71f04 .av-special-heading-tag .heading-char{\nfont-size:25px;\n}\n#top #wrap_all .av-special-heading.av-lmqmvg9h-ccaade47c69969ed289eec977cc71f04 .av-special-heading-tag{\nfont-size:30px;\n}\n.av-special-heading.av-lmqmvg9h-ccaade47c69969ed289eec977cc71f04 .special-heading-inner-border{\nborder-color:#adf533;\n}\n.av-special-heading.av-lmqmvg9h-ccaade47c69969ed289eec977cc71f04 .av-subheading{\nfont-size:15px;\n}\n\n@media only screen and (min-width: 480px) and (max-width: 767px){ \n#top #wrap_all .av-special-heading.av-lmqmvg9h-ccaade47c69969ed289eec977cc71f04 .av-special-heading-tag{\nfont-size:0.8em;\n}\n}\n\n@media only screen and (max-width: 479px){ \n#top #wrap_all .av-special-heading.av-lmqmvg9h-ccaade47c69969ed289eec977cc71f04 .av-special-heading-tag{\nfont-size:0.8em;\n}\n}\n<\/style>\n<div  class='av-special-heading av-lmqmvg9h-ccaade47c69969ed289eec977cc71f04 av-special-heading-h3 custom-color-heading blockquote modern-quote modern-centered  avia-builder-el-13  el_before_av_hr  avia-builder-el-first  av-inherit-size'><h3 class='av-special-heading-tag '  itemprop=\"headline\"  >Where do these<br \/>\nengineers work?<br \/>\nhow much do they earn?<\/h3><div class=\"special-heading-border\"><div class=\"special-heading-inner-border\"><\/div><\/div><\/div><br \/>\n\n<style type=\"text\/css\" data-created_by=\"avia_inline_auto\" id=\"style-css-av-av_hr-1551a9ed3655fd085757b568af9dabf5\">\n#top .hr.hr-invisible.av-av_hr-1551a9ed3655fd085757b568af9dabf5{\nmargin-top:-10px;\nheight:1px;\n}\n<\/style>\n<div  class='hr av-av_hr-1551a9ed3655fd085757b568af9dabf5 hr-invisible  avia-builder-el-14  el_after_av_heading  el_before_av_textblock '><span class='hr-inner '><span class=\"hr-inner-style\"><\/span><\/span><\/div><br \/>\n\n<style type=\"text\/css\" data-created_by=\"avia_inline_auto\" id=\"style-css-av-av_textblock-66ba8ad3fd516ac65619735f7ef99f59\">\n#top .av_textblock_section.av-av_textblock-66ba8ad3fd516ac65619735f7ef99f59 .avia_textblock{\ncolor:#000000;\n}\n<\/style>\n<section  class='av_textblock_section av-av_textblock-66ba8ad3fd516ac65619735f7ef99f59 '   itemscope=\"itemscope\" itemtype=\"https:\/\/schema.org\/CreativeWork\" ><div class='avia_textblock av_inherit_color'  itemprop=\"text\" ><p style=\"text-align: center;\">Fact sheet<\/p>\n<\/div><\/section><br \/>\n\n<style type=\"text\/css\" data-created_by=\"avia_inline_auto\" id=\"style-css-av-av_hr-1551a9ed3655fd085757b568af9dabf5\">\n#top .hr.hr-invisible.av-av_hr-1551a9ed3655fd085757b568af9dabf5{\nmargin-top:-10px;\nheight:1px;\n}\n<\/style>\n<div  class='hr av-av_hr-1551a9ed3655fd085757b568af9dabf5 hr-invisible  avia-builder-el-16  el_after_av_textblock  el_before_av_button '><span class='hr-inner '><span class=\"hr-inner-style\"><\/span><\/span><\/div><br \/>\n<div  class='avia-button-wrap av-kyyurby5-6bfdf67af9abaa623580d14e5ff1a7bd-wrap avia-button-center  avia-builder-el-17  el_after_av_hr  avia-builder-el-last  light-blue-btn'><a href='https:\/\/www.placepourtoi.ca\/wp-content\/uploads\/2022\/01\/FICHE_genie_biomedial_ANG.pdf'  class='avia-button av-kyyurby5-6bfdf67af9abaa623580d14e5ff1a7bd av-link-btn avia-icon_select-no avia-size-medium avia-position-center avia-color-theme-color'  target=\"_blank\"  rel=\"noopener noreferrer\"  aria-label=\"Learn more\"><span class='avia_iconbox_title' >Learn more<\/span><\/a><\/div><\/p><\/div><\/div><!--close column table wrapper. Autoclose: 1 -->\n<style type=\"text\/css\" data-created_by=\"avia_inline_auto\" id=\"style-css-av-av_hr-4474f20d2389e2e5ecf918a02da5132e\">\n#top .hr.hr-invisible.av-av_hr-4474f20d2389e2e5ecf918a02da5132e{\nheight:50px;\n}\n<\/style>\n<div  class='hr av-av_hr-4474f20d2389e2e5ecf918a02da5132e hr-invisible  avia-builder-el-18  el_after_av_one_half  avia-builder-el-last '><span class='hr-inner '><span class=\"hr-inner-style\"><\/span><\/span><\/div>\n<\/div><\/div><\/div><!-- close content main div --><\/div><\/div>\n<style type=\"text\/css\" data-created_by=\"avia_inline_auto\" id=\"style-css-av-av_section-0d860d3f4131916b9accfa7e4c4226ba\">\n.avia-section.av-av_section-0d860d3f4131916b9accfa7e4c4226ba .av-parallax .av-parallax-inner{\nbackground-repeat:no-repeat;\nbackground-image:url(https:\/\/www.placepourtoi.ca\/wp-content\/uploads\/2023\/09\/bg-arc-en-ciel-1030x515.jpg);\nbackground-position:50% 100%;\nbackground-attachment:scroll;\n}\n<\/style>\n<div id='av_section_3'  class='avia-section av-av_section-0d860d3f4131916b9accfa7e4c4226ba main_color avia-section-large avia-no-border-styling  avia-builder-el-19  el_after_av_section  avia-builder-el-last  av-parallax-section avia-bg-style-parallax container_wrap fullsize'  data-section-bg-repeat='no-repeat'><div class='av-parallax' data-avia-parallax-ratio='0.3' ><div class='av-parallax-inner main_color avia-full-stretch'><\/div><\/div><div class='container av-section-cont-open' ><div class='template-page content  av-content-full alpha units'><div class='post-entry post-entry-type-page post-entry-885'><div class='entry-content-wrapper clearfix'>\n<div  class='avia-button-wrap av-av_button-ec14fc1bd9addc8ab2d7136fcde03ab2-wrap avia-button-center  avia-builder-el-20  avia-builder-el-no-sibling '><a href='https:\/\/www.placepourtoi.ca\/en\/many-kinds-to-explore\/'  class='avia-button av-av_button-ec14fc1bd9addc8ab2d7136fcde03ab2 av-link-btn avia-icon_select-no avia-size-x-large avia-position-center avia-color-theme-color'   aria-label=\"Back to all kinds of engineering\"><span class='avia_iconbox_title' >Back to all kinds of engineering<\/span><\/a><\/div>\n<\/p>\n","protected":false},"excerpt":{"rendered":"","protected":false},"author":1,"featured_media":0,"parent":869,"menu_order":0,"comment_status":"closed","ping_status":"closed","template":"","meta":{"footnotes":""},"class_list":["post-885","page","type-page","status-publish","hentry"],"yoast_head":"<!-- This site is optimized with the Yoast SEO plugin v27.5 - https:\/\/yoast.com\/product\/yoast-seo-wordpress\/ -->\n<title>Biomedical - Il y a une place pour toi... en ing\u00e9nierie!<\/title>\n<meta name=\"description\" content=\"Fille ou gar\u00e7on, le g\u00e9nie est un domaine excitant qui t\u2019offre des possibilit\u00e9s d\u2019avenir infinies, visite ce site pour en savoir plus.\" \/>\n<meta name=\"robots\" content=\"index, follow, max-snippet:-1, max-image-preview:large, max-video-preview:-1\" \/>\n<link rel=\"canonical\" href=\"https:\/\/www.placepourtoi.ca\/en\/many-kinds-to-explore\/biomedical\/\" \/>\n<meta property=\"og:locale\" content=\"en_US\" \/>\n<meta property=\"og:type\" content=\"article\" \/>\n<meta property=\"og:title\" content=\"Biomedical - Il y a une place pour toi... en ing\u00e9nierie!\" \/>\n<meta property=\"og:description\" content=\"Fille ou gar\u00e7on, le g\u00e9nie est un domaine excitant qui t\u2019offre des possibilit\u00e9s d\u2019avenir infinies, visite ce site pour en savoir plus.\" \/>\n<meta property=\"og:url\" content=\"https:\/\/www.placepourtoi.ca\/en\/many-kinds-to-explore\/biomedical\/\" \/>\n<meta property=\"og:site_name\" content=\"Il y a une place pour toi... en ing\u00e9nierie!\" \/>\n<meta property=\"article:publisher\" content=\"https:\/\/www.facebook.com\/placepourtoi\/\" \/>\n<meta property=\"article:modified_time\" content=\"2025-09-12T17:54:33+00:00\" \/>\n<meta property=\"og:image\" content=\"https:\/\/www.placepourtoi.ca\/wp-content\/uploads\/2021\/08\/Visuel_PlacePourToi_Sharing.jpg\" \/>\n\t<meta property=\"og:image:width\" content=\"1200\" \/>\n\t<meta property=\"og:image:height\" content=\"630\" \/>\n\t<meta property=\"og:image:type\" content=\"image\/jpeg\" \/>\n<meta name=\"twitter:card\" content=\"summary_large_image\" \/>\n<meta name=\"twitter:label1\" content=\"Est. reading time\" \/>\n\t<meta name=\"twitter:data1\" content=\"1 minute\" \/>\n<script type=\"application\/ld+json\" class=\"yoast-schema-graph\">{\"@context\":\"https:\\\/\\\/schema.org\",\"@graph\":[{\"@type\":\"WebPage\",\"@id\":\"https:\\\/\\\/www.placepourtoi.ca\\\/en\\\/many-kinds-to-explore\\\/biomedical\\\/\",\"url\":\"https:\\\/\\\/www.placepourtoi.ca\\\/en\\\/many-kinds-to-explore\\\/biomedical\\\/\",\"name\":\"Biomedical - Il y a une place pour toi... en ing\u00e9nierie!\",\"isPartOf\":{\"@id\":\"https:\\\/\\\/www.placepourtoi.ca\\\/en\\\/#website\"},\"datePublished\":\"2018-03-26T20:29:45+00:00\",\"dateModified\":\"2025-09-12T17:54:33+00:00\",\"description\":\"Fille ou gar\u00e7on, le g\u00e9nie est un domaine excitant qui t\u2019offre des possibilit\u00e9s d\u2019avenir infinies, visite ce site pour en savoir plus.\",\"breadcrumb\":{\"@id\":\"https:\\\/\\\/www.placepourtoi.ca\\\/en\\\/many-kinds-to-explore\\\/biomedical\\\/#breadcrumb\"},\"inLanguage\":\"en-US\",\"potentialAction\":[{\"@type\":\"ReadAction\",\"target\":[\"https:\\\/\\\/www.placepourtoi.ca\\\/en\\\/many-kinds-to-explore\\\/biomedical\\\/\"]}]},{\"@type\":\"BreadcrumbList\",\"@id\":\"https:\\\/\\\/www.placepourtoi.ca\\\/en\\\/many-kinds-to-explore\\\/biomedical\\\/#breadcrumb\",\"itemListElement\":[{\"@type\":\"ListItem\",\"position\":1,\"name\":\"Home\",\"item\":\"https:\\\/\\\/www.placepourtoi.ca\\\/en\\\/\"},{\"@type\":\"ListItem\",\"position\":2,\"name\":\"Many Kinds to Explore\",\"item\":\"https:\\\/\\\/www.placepourtoi.ca\\\/en\\\/many-kinds-to-explore\\\/\"},{\"@type\":\"ListItem\",\"position\":3,\"name\":\"Biomedical\"}]},{\"@type\":\"WebSite\",\"@id\":\"https:\\\/\\\/www.placepourtoi.ca\\\/en\\\/#website\",\"url\":\"https:\\\/\\\/www.placepourtoi.ca\\\/en\\\/\",\"name\":\"Il y a une place pour toi... en ing\u00e9nierie!\",\"description\":\"Ose, t&#039;as du g\u00e9nie\",\"publisher\":{\"@id\":\"https:\\\/\\\/www.placepourtoi.ca\\\/en\\\/#organization\"},\"potentialAction\":[{\"@type\":\"SearchAction\",\"target\":{\"@type\":\"EntryPoint\",\"urlTemplate\":\"https:\\\/\\\/www.placepourtoi.ca\\\/en\\\/?s={search_term_string}\"},\"query-input\":{\"@type\":\"PropertyValueSpecification\",\"valueRequired\":true,\"valueName\":\"search_term_string\"}}],\"inLanguage\":\"en-US\"},{\"@type\":\"Organization\",\"@id\":\"https:\\\/\\\/www.placepourtoi.ca\\\/en\\\/#organization\",\"name\":\"Ordre des ing\u00e9nieurs du Qu\u00e9bec\",\"url\":\"https:\\\/\\\/www.placepourtoi.ca\\\/en\\\/\",\"logo\":{\"@type\":\"ImageObject\",\"inLanguage\":\"en-US\",\"@id\":\"https:\\\/\\\/www.placepourtoi.ca\\\/en\\\/#\\\/schema\\\/logo\\\/image\\\/\",\"url\":\"https:\\\/\\\/www.placepourtoi.ca\\\/wp-content\\\/uploads\\\/2020\\\/11\\\/logo-ing-bleu.png\",\"contentUrl\":\"https:\\\/\\\/www.placepourtoi.ca\\\/wp-content\\\/uploads\\\/2020\\\/11\\\/logo-ing-bleu.png\",\"width\":492,\"height\":164,\"caption\":\"Ordre des ing\u00e9nieurs du Qu\u00e9bec\"},\"image\":{\"@id\":\"https:\\\/\\\/www.placepourtoi.ca\\\/en\\\/#\\\/schema\\\/logo\\\/image\\\/\"},\"sameAs\":[\"https:\\\/\\\/www.facebook.com\\\/placepourtoi\\\/\",\"https:\\\/\\\/www.instagram.com\\\/placepourtoi\\\/\",\"https:\\\/\\\/www.youtube.com\\\/channel\\\/UCeKEMeJSn6yu5VhswfNTUcw\"]}]}<\/script>\n<!-- \/ Yoast SEO plugin. -->","yoast_head_json":{"title":"Biomedical - Il y a une place pour toi... en ing\u00e9nierie!","description":"Fille ou gar\u00e7on, le g\u00e9nie est un domaine excitant qui t\u2019offre des possibilit\u00e9s d\u2019avenir infinies, visite ce site pour en savoir plus.","robots":{"index":"index","follow":"follow","max-snippet":"max-snippet:-1","max-image-preview":"max-image-preview:large","max-video-preview":"max-video-preview:-1"},"canonical":"https:\/\/www.placepourtoi.ca\/en\/many-kinds-to-explore\/biomedical\/","og_locale":"en_US","og_type":"article","og_title":"Biomedical - Il y a une place pour toi... en ing\u00e9nierie!","og_description":"Fille ou gar\u00e7on, le g\u00e9nie est un domaine excitant qui t\u2019offre des possibilit\u00e9s d\u2019avenir infinies, visite ce site pour en savoir plus.","og_url":"https:\/\/www.placepourtoi.ca\/en\/many-kinds-to-explore\/biomedical\/","og_site_name":"Il y a une place pour toi... en ing\u00e9nierie!","article_publisher":"https:\/\/www.facebook.com\/placepourtoi\/","article_modified_time":"2025-09-12T17:54:33+00:00","og_image":[{"width":1200,"height":630,"url":"https:\/\/www.placepourtoi.ca\/wp-content\/uploads\/2021\/08\/Visuel_PlacePourToi_Sharing.jpg","type":"image\/jpeg"}],"twitter_card":"summary_large_image","twitter_misc":{"Est. reading time":"1 minute"},"schema":{"@context":"https:\/\/schema.org","@graph":[{"@type":"WebPage","@id":"https:\/\/www.placepourtoi.ca\/en\/many-kinds-to-explore\/biomedical\/","url":"https:\/\/www.placepourtoi.ca\/en\/many-kinds-to-explore\/biomedical\/","name":"Biomedical - Il y a une place pour toi... en ing\u00e9nierie!","isPartOf":{"@id":"https:\/\/www.placepourtoi.ca\/en\/#website"},"datePublished":"2018-03-26T20:29:45+00:00","dateModified":"2025-09-12T17:54:33+00:00","description":"Fille ou gar\u00e7on, le g\u00e9nie est un domaine excitant qui t\u2019offre des possibilit\u00e9s d\u2019avenir infinies, visite ce site pour en savoir plus.","breadcrumb":{"@id":"https:\/\/www.placepourtoi.ca\/en\/many-kinds-to-explore\/biomedical\/#breadcrumb"},"inLanguage":"en-US","potentialAction":[{"@type":"ReadAction","target":["https:\/\/www.placepourtoi.ca\/en\/many-kinds-to-explore\/biomedical\/"]}]},{"@type":"BreadcrumbList","@id":"https:\/\/www.placepourtoi.ca\/en\/many-kinds-to-explore\/biomedical\/#breadcrumb","itemListElement":[{"@type":"ListItem","position":1,"name":"Home","item":"https:\/\/www.placepourtoi.ca\/en\/"},{"@type":"ListItem","position":2,"name":"Many Kinds to Explore","item":"https:\/\/www.placepourtoi.ca\/en\/many-kinds-to-explore\/"},{"@type":"ListItem","position":3,"name":"Biomedical"}]},{"@type":"WebSite","@id":"https:\/\/www.placepourtoi.ca\/en\/#website","url":"https:\/\/www.placepourtoi.ca\/en\/","name":"Il y a une place pour toi... en ing\u00e9nierie!","description":"Ose, t&#039;as du g\u00e9nie","publisher":{"@id":"https:\/\/www.placepourtoi.ca\/en\/#organization"},"potentialAction":[{"@type":"SearchAction","target":{"@type":"EntryPoint","urlTemplate":"https:\/\/www.placepourtoi.ca\/en\/?s={search_term_string}"},"query-input":{"@type":"PropertyValueSpecification","valueRequired":true,"valueName":"search_term_string"}}],"inLanguage":"en-US"},{"@type":"Organization","@id":"https:\/\/www.placepourtoi.ca\/en\/#organization","name":"Ordre des ing\u00e9nieurs du Qu\u00e9bec","url":"https:\/\/www.placepourtoi.ca\/en\/","logo":{"@type":"ImageObject","inLanguage":"en-US","@id":"https:\/\/www.placepourtoi.ca\/en\/#\/schema\/logo\/image\/","url":"https:\/\/www.placepourtoi.ca\/wp-content\/uploads\/2020\/11\/logo-ing-bleu.png","contentUrl":"https:\/\/www.placepourtoi.ca\/wp-content\/uploads\/2020\/11\/logo-ing-bleu.png","width":492,"height":164,"caption":"Ordre des ing\u00e9nieurs du Qu\u00e9bec"},"image":{"@id":"https:\/\/www.placepourtoi.ca\/en\/#\/schema\/logo\/image\/"},"sameAs":["https:\/\/www.facebook.com\/placepourtoi\/","https:\/\/www.instagram.com\/placepourtoi\/","https:\/\/www.youtube.com\/channel\/UCeKEMeJSn6yu5VhswfNTUcw"]}]}},"_links":{"self":[{"href":"https:\/\/www.placepourtoi.ca\/en\/wp-json\/wp\/v2\/pages\/885","targetHints":{"allow":["GET"]}}],"collection":[{"href":"https:\/\/www.placepourtoi.ca\/en\/wp-json\/wp\/v2\/pages"}],"about":[{"href":"https:\/\/www.placepourtoi.ca\/en\/wp-json\/wp\/v2\/types\/page"}],"author":[{"embeddable":true,"href":"https:\/\/www.placepourtoi.ca\/en\/wp-json\/wp\/v2\/users\/1"}],"replies":[{"embeddable":true,"href":"https:\/\/www.placepourtoi.ca\/en\/wp-json\/wp\/v2\/comments?post=885"}],"version-history":[{"count":0,"href":"https:\/\/www.placepourtoi.ca\/en\/wp-json\/wp\/v2\/pages\/885\/revisions"}],"up":[{"embeddable":true,"href":"https:\/\/www.placepourtoi.ca\/en\/wp-json\/wp\/v2\/pages\/869"}],"wp:attachment":[{"href":"https:\/\/www.placepourtoi.ca\/en\/wp-json\/wp\/v2\/media?parent=885"}],"curies":[{"name":"wp","href":"https:\/\/api.w.org\/{rel}","templated":true}]}}